{"id":1124,"date":"2023-01-18T10:24:20","date_gmt":"2023-01-18T09:24:20","guid":{"rendered":"https:\/\/www.in-memory.fr\/?page_id=1124"},"modified":"2025-08-26T15:29:51","modified_gmt":"2025-08-26T13:29:51","slug":"faq-fonctionnements","status":"publish","type":"page","link":"https:\/\/www.in-memory.fr\/?page_id=1124","title":{"rendered":"Fonctionnements"},"content":{"rendered":"\t\t<div data-elementor-type=\"wp-page\" data-elementor-id=\"1124\" class=\"elementor elementor-1124\">\n\t\t\t\t\t\t<section class=\"elementor-section elementor-top-section elementor-element elementor-element-9a6bd79 elementor-section-full_width elementor-section-height-default elementor-section-height-default\" data-id=\"9a6bd79\" data-element_type=\"section\" data-e-type=\"section\">\n\t\t\t\t\t\t<div class=\"elementor-container elementor-column-gap-default\">\n\t\t\t\t\t<div class=\"elementor-column elementor-col-100 elementor-top-column elementor-element elementor-element-d844dae\" data-id=\"d844dae\" data-element_type=\"column\" data-e-type=\"column\" data-settings=\"{&quot;background_background&quot;:&quot;classic&quot;}\">\n\t\t\t<div class=\"elementor-widget-wrap elementor-element-populated\">\n\t\t\t\t\t\t<section class=\"elementor-section elementor-inner-section elementor-element elementor-element-022dd48 elementor-section-boxed elementor-section-height-default elementor-section-height-default\" data-id=\"022dd48\" data-element_type=\"section\" data-e-type=\"section\">\n\t\t\t\t\t\t<div class=\"elementor-container elementor-column-gap-default\">\n\t\t\t\t\t<div class=\"elementor-column elementor-col-100 elementor-inner-column elementor-element elementor-element-315c6fd\" data-id=\"315c6fd\" data-element_type=\"column\" data-e-type=\"column\">\n\t\t\t<div class=\"elementor-widget-wrap elementor-element-populated\">\n\t\t\t\t\t\t<div class=\"elementor-element elementor-element-cfeda3f elementor-widget elementor-widget-image\" data-id=\"cfeda3f\" data-element_type=\"widget\" data-e-type=\"widget\" data-widget_type=\"image.default\">\n\t\t\t\t<div class=\"elementor-widget-container\">\n\t\t\t\t\t\t\t\t\t\t\t\t\t\t\t<img fetchpriority=\"high\" decoding=\"async\" width=\"300\" height=\"181\" src=\"https:\/\/www.in-memory.fr\/wp-content\/uploads\/2023\/01\/bleu.png\" class=\"attachment-medium size-medium wp-image-106\" alt=\"Illustration FAQ\" \/>\t\t\t\t\t\t\t\t\t\t\t\t\t\t\t<\/div>\n\t\t\t\t<\/div>\n\t\t\t\t\t<\/div>\n\t\t<\/div>\n\t\t\t\t\t<\/div>\n\t\t<\/section>\n\t\t\t\t\t<\/div>\n\t\t<\/div>\n\t\t\t\t\t<\/div>\n\t\t<\/section>\n\t\t\t\t<section class=\"elementor-section elementor-top-section elementor-element elementor-element-171ab9f elementor-section-boxed elementor-section-height-default elementor-section-height-default\" data-id=\"171ab9f\" data-element_type=\"section\" data-e-type=\"section\">\n\t\t\t\t\t\t<div class=\"elementor-container elementor-column-gap-default\">\n\t\t\t\t\t<div class=\"elementor-column elementor-col-50 elementor-top-column elementor-element elementor-element-a9d1c33\" data-id=\"a9d1c33\" data-element_type=\"column\" data-e-type=\"column\">\n\t\t\t<div class=\"elementor-widget-wrap elementor-element-populated\">\n\t\t\t\t\t\t<div class=\"elementor-element elementor-element-667231b elementor-align-center elementor-widget elementor-widget-button\" data-id=\"667231b\" data-element_type=\"widget\" data-e-type=\"widget\" data-widget_type=\"button.default\">\n\t\t\t\t<div class=\"elementor-widget-container\">\n\t\t\t\t\t\t\t\t\t<div class=\"elementor-button-wrapper\">\n\t\t\t\t\t<a class=\"elementor-button elementor-button-link elementor-size-sm\" href=\"https:\/\/www.in-memory.fr\/?page_id=47\" id=\"bouton\">\n\t\t\t\t\t\t<span class=\"elementor-button-content-wrapper\">\n\t\t\t\t\t\t\t\t\t<span class=\"elementor-button-text\">\u00c0 propos d'In-memory<\/span>\n\t\t\t\t\t<\/span>\n\t\t\t\t\t<\/a>\n\t\t\t\t<\/div>\n\t\t\t\t\t\t\t\t<\/div>\n\t\t\t\t<\/div>\n\t\t\t\t<div class=\"elementor-element elementor-element-85056c9 elementor-align-center elementor-widget elementor-widget-button\" data-id=\"85056c9\" data-element_type=\"widget\" data-e-type=\"widget\" data-widget_type=\"button.default\">\n\t\t\t\t<div class=\"elementor-widget-container\">\n\t\t\t\t\t\t\t\t\t<div class=\"elementor-button-wrapper\">\n\t\t\t\t\t<a class=\"elementor-button elementor-button-link elementor-size-sm\" href=\"https:\/\/www.in-memory.fr\/?page_id=1050\" id=\"bouton\">\n\t\t\t\t\t\t<span class=\"elementor-button-content-wrapper\">\n\t\t\t\t\t\t\t\t\t<span class=\"elementor-button-text\">Comptes<\/span>\n\t\t\t\t\t<\/span>\n\t\t\t\t\t<\/a>\n\t\t\t\t<\/div>\n\t\t\t\t\t\t\t\t<\/div>\n\t\t\t\t<\/div>\n\t\t\t\t<div class=\"elementor-element elementor-element-59d6037 elementor-align-center elementor-widget elementor-widget-button\" data-id=\"59d6037\" data-element_type=\"widget\" data-e-type=\"widget\" data-widget_type=\"button.default\">\n\t\t\t\t<div class=\"elementor-widget-container\">\n\t\t\t\t\t\t\t\t\t<div class=\"elementor-button-wrapper\">\n\t\t\t\t\t<a class=\"elementor-button elementor-button-link elementor-size-sm\" href=\"https:\/\/www.in-memory.fr\/?page_id=1072\" id=\"bouton\">\n\t\t\t\t\t\t<span class=\"elementor-button-content-wrapper\">\n\t\t\t\t\t\t\t\t\t<span class=\"elementor-button-text\">Abonnements<\/span>\n\t\t\t\t\t<\/span>\n\t\t\t\t\t<\/a>\n\t\t\t\t<\/div>\n\t\t\t\t\t\t\t\t<\/div>\n\t\t\t\t<\/div>\n\t\t\t\t<div class=\"elementor-element elementor-element-d61f701 elementor-align-center elementor-widget elementor-widget-button\" data-id=\"d61f701\" data-element_type=\"widget\" data-e-type=\"widget\" data-widget_type=\"button.default\">\n\t\t\t\t<div class=\"elementor-widget-container\">\n\t\t\t\t\t\t\t\t\t<div class=\"elementor-button-wrapper\">\n\t\t\t\t\t<a class=\"elementor-button elementor-button-link elementor-size-sm\" href=\"https:\/\/www.in-memory.fr\/?page_id=1087\" id=\"bouton\">\n\t\t\t\t\t\t<span class=\"elementor-button-content-wrapper\">\n\t\t\t\t\t\t\t\t\t<span class=\"elementor-button-text\">Mes messages<\/span>\n\t\t\t\t\t<\/span>\n\t\t\t\t\t<\/a>\n\t\t\t\t<\/div>\n\t\t\t\t\t\t\t\t<\/div>\n\t\t\t\t<\/div>\n\t\t\t\t<div class=\"elementor-element elementor-element-ce70688 elementor-align-center elementor-widget elementor-widget-button\" data-id=\"ce70688\" data-element_type=\"widget\" data-e-type=\"widget\" data-widget_type=\"button.default\">\n\t\t\t\t<div class=\"elementor-widget-container\">\n\t\t\t\t\t\t\t\t\t<div class=\"elementor-button-wrapper\">\n\t\t\t\t\t<a class=\"elementor-button elementor-button-link elementor-size-sm\" href=\"https:\/\/www.in-memory.fr\/?page_id=1101\" id=\"bouton\">\n\t\t\t\t\t\t<span class=\"elementor-button-content-wrapper\">\n\t\t\t\t\t\t\t\t\t<span class=\"elementor-button-text\">Confiants<\/span>\n\t\t\t\t\t<\/span>\n\t\t\t\t\t<\/a>\n\t\t\t\t<\/div>\n\t\t\t\t\t\t\t\t<\/div>\n\t\t\t\t<\/div>\n\t\t\t\t<div class=\"elementor-element elementor-element-5accd08 elementor-align-center elementor-widget elementor-widget-button\" data-id=\"5accd08\" data-element_type=\"widget\" data-e-type=\"widget\" data-widget_type=\"button.default\">\n\t\t\t\t<div class=\"elementor-widget-container\">\n\t\t\t\t\t\t\t\t\t<div class=\"elementor-button-wrapper\">\n\t\t\t\t\t<a class=\"elementor-button elementor-button-link elementor-size-sm\" href=\"https:\/\/www.in-memory.fr\/?page_id=1124\" id=\"bouton\">\n\t\t\t\t\t\t<span class=\"elementor-button-content-wrapper\">\n\t\t\t\t\t\t\t\t\t<span class=\"elementor-button-text\">Fonctionnements<\/span>\n\t\t\t\t\t<\/span>\n\t\t\t\t\t<\/a>\n\t\t\t\t<\/div>\n\t\t\t\t\t\t\t\t<\/div>\n\t\t\t\t<\/div>\n\t\t\t\t<div class=\"elementor-element elementor-element-4b78cdc elementor-align-center elementor-widget elementor-widget-button\" data-id=\"4b78cdc\" data-element_type=\"widget\" data-e-type=\"widget\" data-widget_type=\"button.default\">\n\t\t\t\t<div class=\"elementor-widget-container\">\n\t\t\t\t\t\t\t\t\t<div class=\"elementor-button-wrapper\">\n\t\t\t\t\t<a class=\"elementor-button elementor-button-link elementor-size-sm\" href=\"https:\/\/www.in-memory.fr\/?page_id=2306\" id=\"bouton\">\n\t\t\t\t\t\t<span class=\"elementor-button-content-wrapper\">\n\t\t\t\t\t\t\t\t\t<span class=\"elementor-button-text\">Modifications<\/span>\n\t\t\t\t\t<\/span>\n\t\t\t\t\t<\/a>\n\t\t\t\t<\/div>\n\t\t\t\t\t\t\t\t<\/div>\n\t\t\t\t<\/div>\n\t\t\t\t<div class=\"elementor-element elementor-element-f28fcc1 elementor-align-center elementor-widget elementor-widget-button\" data-id=\"f28fcc1\" data-element_type=\"widget\" data-e-type=\"widget\" data-widget_type=\"button.default\">\n\t\t\t\t<div class=\"elementor-widget-container\">\n\t\t\t\t\t\t\t\t\t<div class=\"elementor-button-wrapper\">\n\t\t\t\t\t<a class=\"elementor-button elementor-button-link elementor-size-sm\" href=\"https:\/\/www.in-memory.fr\/?page_id=2338\" id=\"bouton\">\n\t\t\t\t\t\t<span class=\"elementor-button-content-wrapper\">\n\t\t\t\t\t\t\t\t\t<span class=\"elementor-button-text\">Contacts<\/span>\n\t\t\t\t\t<\/span>\n\t\t\t\t\t<\/a>\n\t\t\t\t<\/div>\n\t\t\t\t\t\t\t\t<\/div>\n\t\t\t\t<\/div>\n\t\t\t\t<div class=\"elementor-element elementor-element-1d70fff elementor-align-center elementor-widget elementor-widget-button\" data-id=\"1d70fff\" data-element_type=\"widget\" data-e-type=\"widget\" data-widget_type=\"button.default\">\n\t\t\t\t<div class=\"elementor-widget-container\">\n\t\t\t\t\t\t\t\t\t<div class=\"elementor-button-wrapper\">\n\t\t\t\t\t<a class=\"elementor-button elementor-button-link elementor-size-sm\" href=\"https:\/\/www.in-memory.fr\/?page_id=6392\" id=\"bouton\">\n\t\t\t\t\t\t<span class=\"elementor-button-content-wrapper\">\n\t\t\t\t\t\t\t\t\t<span class=\"elementor-button-text\">S\u00e9curit\u00e9<\/span>\n\t\t\t\t\t<\/span>\n\t\t\t\t\t<\/a>\n\t\t\t\t<\/div>\n\t\t\t\t\t\t\t\t<\/div>\n\t\t\t\t<\/div>\n\t\t\t\t\t<\/div>\n\t\t<\/div>\n\t\t\t\t<div class=\"elementor-column elementor-col-50 elementor-top-column elementor-element elementor-element-76f463c\" data-id=\"76f463c\" data-element_type=\"column\" data-e-type=\"column\">\n\t\t\t<div class=\"elementor-widget-wrap elementor-element-populated\">\n\t\t\t\t\t\t<div class=\"elementor-element elementor-element-148c26a elementor-widget elementor-widget-heading\" data-id=\"148c26a\" data-element_type=\"widget\" data-e-type=\"widget\" data-widget_type=\"heading.default\">\n\t\t\t\t<div class=\"elementor-widget-container\">\n\t\t\t\t\t<h2 class=\"elementor-heading-title elementor-size-default\">Fonctionnements<\/h2>\t\t\t\t<\/div>\n\t\t\t\t<\/div>\n\t\t\t\t<div class=\"elementor-element elementor-element-79a5aca elementor-widget elementor-widget-toggle\" data-id=\"79a5aca\" data-element_type=\"widget\" data-e-type=\"widget\" data-widget_type=\"toggle.default\">\n\t\t\t\t<div class=\"elementor-widget-container\">\n\t\t\t\t\t\t\t<div class=\"elementor-toggle\">\n\t\t\t\t\t\t\t<div class=\"elementor-toggle-item\">\n\t\t\t\t\t<div id=\"elementor-tab-title-1271\" class=\"elementor-tab-title\" data-tab=\"1\" role=\"button\" aria-controls=\"elementor-tab-content-1271\" aria-expanded=\"false\">\n\t\t\t\t\t\t\t\t\t\t\t\t<span class=\"elementor-toggle-icon elementor-toggle-icon-left\" aria-hidden=\"true\">\n\t\t\t\t\t\t\t\t\t\t\t\t\t\t\t<span class=\"elementor-toggle-icon-closed\"><i class=\"fas fa-caret-right\"><\/i><\/span>\n\t\t\t\t\t\t\t\t<span class=\"elementor-toggle-icon-opened\"><i class=\"elementor-toggle-icon-opened fas fa-caret-up\"><\/i><\/span>\n\t\t\t\t\t\t\t\t\t\t\t\t\t<\/span>\n\t\t\t\t\t\t\t\t\t\t\t\t<a class=\"elementor-toggle-title\" tabindex=\"0\">Vos messages<\/a>\n\t\t\t\t\t<\/div>\n\n\t\t\t\t\t<div id=\"elementor-tab-content-1271\" class=\"elementor-tab-content elementor-clearfix\" data-tab=\"1\" role=\"region\" aria-labelledby=\"elementor-tab-title-1271\"><p><span style=\"font-weight: 400;\">Chacun pr\u00e9pare, modifie ou supprime et organise tr\u00e8s facilement <\/span><b>ses messages textes simples avec des fichiers joints &#8211; pdf &#8211; images &#8211; photos &#8211; vid\u00e9os &#8211; sons &#8211; musiques &#8211; messages vocaux \u2013 <\/b><span style=\"font-weight: 400;\">pour transmettre \u00e0 des destinataires ou groupe de destinataires choisis\u00a0: <\/span><b>famille, proches, amis, relations de la vie<\/b><span style=\"font-weight: 400;\">, mais <\/span><b>\u00e9galement des professionnels<\/b><span style=\"font-weight: 400;\"> comme les notaires, experts-comptables ou assurances par exemple.<\/span><\/p><p><span style=\"font-weight: 400;\">Tous les messages seront envoy\u00e9s et transmis aux seuls destinataires choisis, <\/span><b>uniquement et seulement quand l\u2019application aura \u00e9t\u00e9 inform\u00e9e de la disparition de la personne<\/b><span style=\"font-weight: 400;\">.<\/span><\/p><p><span style=\"font-weight: 400;\">Vous pouvez choisir des messages avec des textes d\u00e9j\u00e0 pr\u00eats pour la rubrique concern\u00e9e ou personnaliser les textes de vos messages.<\/span><\/p><p><span style=\"font-weight: 400;\">Vous retrouverez ensuite tous les Messages que vous aurez ajout\u00e9s avec leurs destinataires dans le menu <\/span><b>MES MESSAGES<\/b><span style=\"font-weight: 400;\">.<\/span><\/p><p><span style=\"font-weight: 400;\">Tous les messages peuvent \u00eatre modifi\u00e9s ou supprim\u00e9s.<\/span><\/p><p><span style=\"font-weight: 400;\">La quantit\u00e9 de messages n\u2019est pas limit\u00e9e, mais selon l\u2019abonnement.<\/span><\/p><\/div>\n\t\t\t\t<\/div>\n\t\t\t\t\t\t\t<div class=\"elementor-toggle-item\">\n\t\t\t\t\t<div id=\"elementor-tab-title-1272\" class=\"elementor-tab-title\" data-tab=\"2\" role=\"button\" aria-controls=\"elementor-tab-content-1272\" aria-expanded=\"false\">\n\t\t\t\t\t\t\t\t\t\t\t\t<span class=\"elementor-toggle-icon elementor-toggle-icon-left\" aria-hidden=\"true\">\n\t\t\t\t\t\t\t\t\t\t\t\t\t\t\t<span class=\"elementor-toggle-icon-closed\"><i class=\"fas fa-caret-right\"><\/i><\/span>\n\t\t\t\t\t\t\t\t<span class=\"elementor-toggle-icon-opened\"><i class=\"elementor-toggle-icon-opened fas fa-caret-up\"><\/i><\/span>\n\t\t\t\t\t\t\t\t\t\t\t\t\t<\/span>\n\t\t\t\t\t\t\t\t\t\t\t\t<a class=\"elementor-toggle-title\" tabindex=\"0\">Les destinataires<\/a>\n\t\t\t\t\t<\/div>\n\n\t\t\t\t\t<div id=\"elementor-tab-content-1272\" class=\"elementor-tab-content elementor-clearfix\" data-tab=\"2\" role=\"region\" aria-labelledby=\"elementor-tab-title-1272\"><p><span style=\"font-weight: 400;\">Destinataires ou groupe de destinataires possibles\u00a0: <\/span><b>famille, proches, amis, relations de la vie<\/b><span style=\"font-weight: 400;\">, mais <\/span><b>\u00e9galement des professionnels<\/b><span style=\"font-weight: 400;\"> comme les notaires, experts-comptables ou assurances.<\/span><\/p><p><span style=\"font-weight: 400;\">Les destinataires sont compl\u00e8tement ignorants des messages tant qu\u2019ils ne le re\u00e7oivent pas\u00a0!<\/span><\/p><p><span style=\"font-weight: 400;\">Si le destinataire d\u2019un message n\u2019a pas d\u2019adresse email, vous pouvez lui transmettre via un confiant.<\/span><\/p><\/div>\n\t\t\t\t<\/div>\n\t\t\t\t\t\t\t<div class=\"elementor-toggle-item\">\n\t\t\t\t\t<div id=\"elementor-tab-title-1273\" class=\"elementor-tab-title\" data-tab=\"3\" role=\"button\" aria-controls=\"elementor-tab-content-1273\" aria-expanded=\"false\">\n\t\t\t\t\t\t\t\t\t\t\t\t<span class=\"elementor-toggle-icon elementor-toggle-icon-left\" aria-hidden=\"true\">\n\t\t\t\t\t\t\t\t\t\t\t\t\t\t\t<span class=\"elementor-toggle-icon-closed\"><i class=\"fas fa-caret-right\"><\/i><\/span>\n\t\t\t\t\t\t\t\t<span class=\"elementor-toggle-icon-opened\"><i class=\"elementor-toggle-icon-opened fas fa-caret-up\"><\/i><\/span>\n\t\t\t\t\t\t\t\t\t\t\t\t\t<\/span>\n\t\t\t\t\t\t\t\t\t\t\t\t<a class=\"elementor-toggle-title\" tabindex=\"0\">Format et taille des documents <\/a>\n\t\t\t\t\t<\/div>\n\n\t\t\t\t\t<div id=\"elementor-tab-content-1273\" class=\"elementor-tab-content elementor-clearfix\" data-tab=\"3\" role=\"region\" aria-labelledby=\"elementor-tab-title-1273\"><p><span style=\"font-weight: 400;\">\u00c0 chaque message, il est possible d\u2019attacher <\/span><b>des fichiers joints &#8211; pdf &#8211; images &#8211; photos &#8211; vid\u00e9os &#8211; sons &#8211; musiques et messages vocaux<\/b><span style=\"font-weight: 400;\">.<\/span><\/p><\/div>\n\t\t\t\t<\/div>\n\t\t\t\t\t\t\t\t<\/div>\n\t\t\t\t\t\t<\/div>\n\t\t\t\t<\/div>\n\t\t\t\t\t<\/div>\n\t\t<\/div>\n\t\t\t\t\t<\/div>\n\t\t<\/section>\n\t\t\t\t<\/div>\n\t\t","protected":false},"excerpt":{"rendered":"<p>\u00c0 propos d&rsquo;In-memory Comptes Abonnements Mes messages Confiants Fonctionnements Modifications Contacts S\u00e9curit\u00e9 Fonctionnements Vos messages Chacun pr\u00e9pare, modifie ou supprime et organise tr\u00e8s facilement ses messages textes simples avec des fichiers joints &#8211; pdf &#8211; images &#8211; photos &#8211; vid\u00e9os &#8211; sons &#8211; musiques &#8211; messages vocaux \u2013 pour transmettre \u00e0 des destinataires ou groupe [&hellip;]<\/p>\n","protected":false},"author":1,"featured_media":0,"parent":0,"menu_order":0,"comment_status":"closed","ping_status":"closed","template":"","meta":{"inline_featured_image":false,"footnotes":""},"class_list":["post-1124","page","type-page","status-publish","hentry"],"yoast_head":"<!-- This site is optimized with the Yoast SEO plugin v26.9 - https:\/\/yoast.com\/product\/yoast-seo-wordpress\/ -->\n<title>Fonctionnements - In-memory<\/title>\n<meta name=\"description\" content=\"Trouvez rapidement des r\u00e9ponses \u00e0 vos questions sur notre page FAQ In-memory. Nos FAQ sont l\u00e0 pour vous aider !\" \/>\n<meta name=\"robots\" content=\"index, follow, max-snippet:-1, max-image-preview:large, max-video-preview:-1\" \/>\n<link rel=\"canonical\" href=\"https:\/\/www.in-memory.fr\/?page_id=1124\" \/>\n<meta property=\"og:locale\" content=\"fr_FR\" \/>\n<meta property=\"og:type\" content=\"article\" \/>\n<meta property=\"og:title\" content=\"Fonctionnements - In-memory\" \/>\n<meta property=\"og:description\" content=\"Trouvez rapidement des r\u00e9ponses \u00e0 vos questions sur notre page FAQ In-memory. Nos FAQ sont l\u00e0 pour vous aider !\" \/>\n<meta property=\"og:url\" content=\"https:\/\/www.in-memory.fr\/?page_id=1124\" \/>\n<meta property=\"og:site_name\" content=\"In-memory\" \/>\n<meta property=\"article:modified_time\" content=\"2025-08-26T13:29:51+00:00\" \/>\n<meta property=\"og:image\" content=\"https:\/\/www.in-memory.fr\/wp-content\/uploads\/2023\/01\/bleu.png\" \/>\n<meta name=\"twitter:card\" content=\"summary_large_image\" \/>\n<meta name=\"twitter:label1\" content=\"Dur\u00e9e de lecture estim\u00e9e\" \/>\n\t<meta name=\"twitter:data1\" content=\"2 minutes\" \/>\n<script type=\"application\/ld+json\" class=\"yoast-schema-graph\">{\"@context\":\"https:\/\/schema.org\",\"@graph\":[{\"@type\":\"WebPage\",\"@id\":\"https:\/\/www.in-memory.fr\/?page_id=1124\",\"url\":\"https:\/\/www.in-memory.fr\/?page_id=1124\",\"name\":\"Fonctionnements - In-memory\",\"isPartOf\":{\"@id\":\"https:\/\/www.in-memory.fr\/#website\"},\"primaryImageOfPage\":{\"@id\":\"https:\/\/www.in-memory.fr\/?page_id=1124#primaryimage\"},\"image\":{\"@id\":\"https:\/\/www.in-memory.fr\/?page_id=1124#primaryimage\"},\"thumbnailUrl\":\"https:\/\/www.in-memory.fr\/wp-content\/uploads\/2023\/01\/bleu.png\",\"datePublished\":\"2023-01-18T09:24:20+00:00\",\"dateModified\":\"2025-08-26T13:29:51+00:00\",\"description\":\"Trouvez rapidement des r\u00e9ponses \u00e0 vos questions sur notre page FAQ In-memory. Nos FAQ sont l\u00e0 pour vous aider !\",\"breadcrumb\":{\"@id\":\"https:\/\/www.in-memory.fr\/?page_id=1124#breadcrumb\"},\"inLanguage\":\"fr-FR\",\"potentialAction\":[{\"@type\":\"ReadAction\",\"target\":[\"https:\/\/www.in-memory.fr\/?page_id=1124\"]}]},{\"@type\":\"ImageObject\",\"inLanguage\":\"fr-FR\",\"@id\":\"https:\/\/www.in-memory.fr\/?page_id=1124#primaryimage\",\"url\":\"https:\/\/www.in-memory.fr\/wp-content\/uploads\/2023\/01\/Bleu.png\",\"contentUrl\":\"https:\/\/www.in-memory.fr\/wp-content\/uploads\/2023\/01\/Bleu.png\",\"width\":1479,\"height\":910,\"caption\":\"Les objectifs d'In-memory\"},{\"@type\":\"BreadcrumbList\",\"@id\":\"https:\/\/www.in-memory.fr\/?page_id=1124#breadcrumb\",\"itemListElement\":[{\"@type\":\"ListItem\",\"position\":1,\"name\":\"Accueil\",\"item\":\"https:\/\/www.in-memory.fr\/\"},{\"@type\":\"ListItem\",\"position\":2,\"name\":\"Fonctionnements\"}]},{\"@type\":\"WebSite\",\"@id\":\"https:\/\/www.in-memory.fr\/#website\",\"url\":\"https:\/\/www.in-memory.fr\/\",\"name\":\"In-memory\",\"description\":\"Parce que c&#039;est la vie\",\"publisher\":{\"@id\":\"https:\/\/www.in-memory.fr\/#organization\"},\"potentialAction\":[{\"@type\":\"SearchAction\",\"target\":{\"@type\":\"EntryPoint\",\"urlTemplate\":\"https:\/\/www.in-memory.fr\/?s={search_term_string}\"},\"query-input\":{\"@type\":\"PropertyValueSpecification\",\"valueRequired\":true,\"valueName\":\"search_term_string\"}}],\"inLanguage\":\"fr-FR\"},{\"@type\":\"Organization\",\"@id\":\"https:\/\/www.in-memory.fr\/#organization\",\"name\":\"In-memory\",\"url\":\"https:\/\/www.in-memory.fr\/\",\"logo\":{\"@type\":\"ImageObject\",\"inLanguage\":\"fr-FR\",\"@id\":\"https:\/\/www.in-memory.fr\/#\/schema\/logo\/image\/\",\"url\":\"https:\/\/www.in-memory.fr\/wp-content\/uploads\/2023\/01\/inmemory.png\",\"contentUrl\":\"https:\/\/www.in-memory.fr\/wp-content\/uploads\/2023\/01\/inmemory.png\",\"width\":86,\"height\":65,\"caption\":\"In-memory\"},\"image\":{\"@id\":\"https:\/\/www.in-memory.fr\/#\/schema\/logo\/image\/\"}}]}<\/script>\n<!-- \/ Yoast SEO plugin. -->","yoast_head_json":{"title":"Fonctionnements - In-memory","description":"Trouvez rapidement des r\u00e9ponses \u00e0 vos questions sur notre page FAQ In-memory. Nos FAQ sont l\u00e0 pour vous aider !","robots":{"index":"index","follow":"follow","max-snippet":"max-snippet:-1","max-image-preview":"max-image-preview:large","max-video-preview":"max-video-preview:-1"},"canonical":"https:\/\/www.in-memory.fr\/?page_id=1124","og_locale":"fr_FR","og_type":"article","og_title":"Fonctionnements - In-memory","og_description":"Trouvez rapidement des r\u00e9ponses \u00e0 vos questions sur notre page FAQ In-memory. Nos FAQ sont l\u00e0 pour vous aider !","og_url":"https:\/\/www.in-memory.fr\/?page_id=1124","og_site_name":"In-memory","article_modified_time":"2025-08-26T13:29:51+00:00","og_image":[{"url":"https:\/\/www.in-memory.fr\/wp-content\/uploads\/2023\/01\/bleu.png","type":"","width":"","height":""}],"twitter_card":"summary_large_image","twitter_misc":{"Dur\u00e9e de lecture estim\u00e9e":"2 minutes"},"schema":{"@context":"https:\/\/schema.org","@graph":[{"@type":"WebPage","@id":"https:\/\/www.in-memory.fr\/?page_id=1124","url":"https:\/\/www.in-memory.fr\/?page_id=1124","name":"Fonctionnements - In-memory","isPartOf":{"@id":"https:\/\/www.in-memory.fr\/#website"},"primaryImageOfPage":{"@id":"https:\/\/www.in-memory.fr\/?page_id=1124#primaryimage"},"image":{"@id":"https:\/\/www.in-memory.fr\/?page_id=1124#primaryimage"},"thumbnailUrl":"https:\/\/www.in-memory.fr\/wp-content\/uploads\/2023\/01\/bleu.png","datePublished":"2023-01-18T09:24:20+00:00","dateModified":"2025-08-26T13:29:51+00:00","description":"Trouvez rapidement des r\u00e9ponses \u00e0 vos questions sur notre page FAQ In-memory. Nos FAQ sont l\u00e0 pour vous aider !","breadcrumb":{"@id":"https:\/\/www.in-memory.fr\/?page_id=1124#breadcrumb"},"inLanguage":"fr-FR","potentialAction":[{"@type":"ReadAction","target":["https:\/\/www.in-memory.fr\/?page_id=1124"]}]},{"@type":"ImageObject","inLanguage":"fr-FR","@id":"https:\/\/www.in-memory.fr\/?page_id=1124#primaryimage","url":"https:\/\/www.in-memory.fr\/wp-content\/uploads\/2023\/01\/Bleu.png","contentUrl":"https:\/\/www.in-memory.fr\/wp-content\/uploads\/2023\/01\/Bleu.png","width":1479,"height":910,"caption":"Les objectifs d'In-memory"},{"@type":"BreadcrumbList","@id":"https:\/\/www.in-memory.fr\/?page_id=1124#breadcrumb","itemListElement":[{"@type":"ListItem","position":1,"name":"Accueil","item":"https:\/\/www.in-memory.fr\/"},{"@type":"ListItem","position":2,"name":"Fonctionnements"}]},{"@type":"WebSite","@id":"https:\/\/www.in-memory.fr\/#website","url":"https:\/\/www.in-memory.fr\/","name":"In-memory","description":"Parce que c&#039;est la vie","publisher":{"@id":"https:\/\/www.in-memory.fr\/#organization"},"potentialAction":[{"@type":"SearchAction","target":{"@type":"EntryPoint","urlTemplate":"https:\/\/www.in-memory.fr\/?s={search_term_string}"},"query-input":{"@type":"PropertyValueSpecification","valueRequired":true,"valueName":"search_term_string"}}],"inLanguage":"fr-FR"},{"@type":"Organization","@id":"https:\/\/www.in-memory.fr\/#organization","name":"In-memory","url":"https:\/\/www.in-memory.fr\/","logo":{"@type":"ImageObject","inLanguage":"fr-FR","@id":"https:\/\/www.in-memory.fr\/#\/schema\/logo\/image\/","url":"https:\/\/www.in-memory.fr\/wp-content\/uploads\/2023\/01\/inmemory.png","contentUrl":"https:\/\/www.in-memory.fr\/wp-content\/uploads\/2023\/01\/inmemory.png","width":86,"height":65,"caption":"In-memory"},"image":{"@id":"https:\/\/www.in-memory.fr\/#\/schema\/logo\/image\/"}}]}},"lang":"fr","translations":{"fr":1124,"en-us":4762,"de":5028},"pll_sync_post":[],"_links":{"self":[{"href":"https:\/\/www.in-memory.fr\/index.php?rest_route=\/wp\/v2\/pages\/1124","targetHints":{"allow":["GET"]}}],"collection":[{"href":"https:\/\/www.in-memory.fr\/index.php?rest_route=\/wp\/v2\/pages"}],"about":[{"href":"https:\/\/www.in-memory.fr\/index.php?rest_route=\/wp\/v2\/types\/page"}],"author":[{"embeddable":true,"href":"https:\/\/www.in-memory.fr\/index.php?rest_route=\/wp\/v2\/users\/1"}],"replies":[{"embeddable":true,"href":"https:\/\/www.in-memory.fr\/index.php?rest_route=%2Fwp%2Fv2%2Fcomments&post=1124"}],"version-history":[{"count":74,"href":"https:\/\/www.in-memory.fr\/index.php?rest_route=\/wp\/v2\/pages\/1124\/revisions"}],"predecessor-version":[{"id":7156,"href":"https:\/\/www.in-memory.fr\/index.php?rest_route=\/wp\/v2\/pages\/1124\/revisions\/7156"}],"wp:attachment":[{"href":"https:\/\/www.in-memory.fr\/index.php?rest_route=%2Fwp%2Fv2%2Fmedia&parent=1124"}],"curies":[{"name":"wp","href":"https:\/\/api.w.org\/{rel}","templated":true}]}}