{"id":2306,"date":"2023-02-09T10:49:21","date_gmt":"2023-02-09T09:49:21","guid":{"rendered":"https:\/\/www.in-memory.fr\/?page_id=2306"},"modified":"2025-08-26T15:31:32","modified_gmt":"2025-08-26T13:31:32","slug":"faq-modifications","status":"publish","type":"page","link":"https:\/\/www.in-memory.fr\/?page_id=2306","title":{"rendered":"Modifications"},"content":{"rendered":"\t\t<div data-elementor-type=\"wp-page\" data-elementor-id=\"2306\" class=\"elementor elementor-2306\">\n\t\t\t\t\t\t<section class=\"elementor-section elementor-top-section elementor-element elementor-element-814fa34 elementor-section-full_width elementor-section-height-default elementor-section-height-default\" data-id=\"814fa34\" data-element_type=\"section\" data-e-type=\"section\">\n\t\t\t\t\t\t<div class=\"elementor-container elementor-column-gap-default\">\n\t\t\t\t\t<div class=\"elementor-column elementor-col-100 elementor-top-column elementor-element elementor-element-23979d7\" data-id=\"23979d7\" data-element_type=\"column\" data-e-type=\"column\" data-settings=\"{&quot;background_background&quot;:&quot;classic&quot;}\">\n\t\t\t<div class=\"elementor-widget-wrap elementor-element-populated\">\n\t\t\t\t\t\t<section class=\"elementor-section elementor-inner-section elementor-element elementor-element-6d7a699 elementor-section-boxed elementor-section-height-default elementor-section-height-default\" data-id=\"6d7a699\" data-element_type=\"section\" data-e-type=\"section\">\n\t\t\t\t\t\t<div class=\"elementor-container elementor-column-gap-default\">\n\t\t\t\t\t<div class=\"elementor-column elementor-col-100 elementor-inner-column elementor-element elementor-element-90c1d3f\" data-id=\"90c1d3f\" data-element_type=\"column\" data-e-type=\"column\">\n\t\t\t<div class=\"elementor-widget-wrap elementor-element-populated\">\n\t\t\t\t\t\t<div class=\"elementor-element elementor-element-340d402 elementor-widget elementor-widget-image\" data-id=\"340d402\" data-element_type=\"widget\" data-e-type=\"widget\" data-widget_type=\"image.default\">\n\t\t\t\t<div class=\"elementor-widget-container\">\n\t\t\t\t\t\t\t\t\t\t\t\t\t\t\t<img fetchpriority=\"high\" decoding=\"async\" width=\"300\" height=\"181\" src=\"https:\/\/www.in-memory.fr\/wp-content\/uploads\/2023\/01\/bleu.png\" class=\"attachment-medium size-medium wp-image-106\" alt=\"Illustration FAQ\" \/>\t\t\t\t\t\t\t\t\t\t\t\t\t\t\t<\/div>\n\t\t\t\t<\/div>\n\t\t\t\t\t<\/div>\n\t\t<\/div>\n\t\t\t\t\t<\/div>\n\t\t<\/section>\n\t\t\t\t\t<\/div>\n\t\t<\/div>\n\t\t\t\t\t<\/div>\n\t\t<\/section>\n\t\t\t\t<section class=\"elementor-section elementor-top-section elementor-element elementor-element-e5c73df elementor-section-boxed elementor-section-height-default elementor-section-height-default\" data-id=\"e5c73df\" data-element_type=\"section\" data-e-type=\"section\">\n\t\t\t\t\t\t<div class=\"elementor-container elementor-column-gap-default\">\n\t\t\t\t\t<div class=\"elementor-column elementor-col-50 elementor-top-column elementor-element elementor-element-eccc744\" data-id=\"eccc744\" data-element_type=\"column\" data-e-type=\"column\">\n\t\t\t<div class=\"elementor-widget-wrap elementor-element-populated\">\n\t\t\t\t\t\t<div class=\"elementor-element elementor-element-7551dcf elementor-align-center elementor-widget elementor-widget-button\" data-id=\"7551dcf\" data-element_type=\"widget\" data-e-type=\"widget\" data-widget_type=\"button.default\">\n\t\t\t\t<div class=\"elementor-widget-container\">\n\t\t\t\t\t\t\t\t\t<div class=\"elementor-button-wrapper\">\n\t\t\t\t\t<a class=\"elementor-button elementor-button-link elementor-size-sm\" href=\"https:\/\/www.in-memory.fr\/?page_id=47\" id=\"bouton\">\n\t\t\t\t\t\t<span class=\"elementor-button-content-wrapper\">\n\t\t\t\t\t\t\t\t\t<span class=\"elementor-button-text\">\u00c0 propos d'In-memory<\/span>\n\t\t\t\t\t<\/span>\n\t\t\t\t\t<\/a>\n\t\t\t\t<\/div>\n\t\t\t\t\t\t\t\t<\/div>\n\t\t\t\t<\/div>\n\t\t\t\t<div class=\"elementor-element elementor-element-8081283 elementor-align-center elementor-widget elementor-widget-button\" data-id=\"8081283\" data-element_type=\"widget\" data-e-type=\"widget\" data-widget_type=\"button.default\">\n\t\t\t\t<div class=\"elementor-widget-container\">\n\t\t\t\t\t\t\t\t\t<div class=\"elementor-button-wrapper\">\n\t\t\t\t\t<a class=\"elementor-button elementor-button-link elementor-size-sm\" href=\"https:\/\/www.in-memory.fr\/?page_id=1050\" id=\"bouton\">\n\t\t\t\t\t\t<span class=\"elementor-button-content-wrapper\">\n\t\t\t\t\t\t\t\t\t<span class=\"elementor-button-text\">Comptes<\/span>\n\t\t\t\t\t<\/span>\n\t\t\t\t\t<\/a>\n\t\t\t\t<\/div>\n\t\t\t\t\t\t\t\t<\/div>\n\t\t\t\t<\/div>\n\t\t\t\t<div class=\"elementor-element elementor-element-ff9b761 elementor-align-center elementor-widget elementor-widget-button\" data-id=\"ff9b761\" data-element_type=\"widget\" data-e-type=\"widget\" data-widget_type=\"button.default\">\n\t\t\t\t<div class=\"elementor-widget-container\">\n\t\t\t\t\t\t\t\t\t<div class=\"elementor-button-wrapper\">\n\t\t\t\t\t<a class=\"elementor-button elementor-button-link elementor-size-sm\" href=\"https:\/\/www.in-memory.fr\/?page_id=1072\" id=\"bouton\">\n\t\t\t\t\t\t<span class=\"elementor-button-content-wrapper\">\n\t\t\t\t\t\t\t\t\t<span class=\"elementor-button-text\">Abonnements<\/span>\n\t\t\t\t\t<\/span>\n\t\t\t\t\t<\/a>\n\t\t\t\t<\/div>\n\t\t\t\t\t\t\t\t<\/div>\n\t\t\t\t<\/div>\n\t\t\t\t<div class=\"elementor-element elementor-element-7eec5e0 elementor-align-center elementor-widget elementor-widget-button\" data-id=\"7eec5e0\" data-element_type=\"widget\" data-e-type=\"widget\" data-widget_type=\"button.default\">\n\t\t\t\t<div class=\"elementor-widget-container\">\n\t\t\t\t\t\t\t\t\t<div class=\"elementor-button-wrapper\">\n\t\t\t\t\t<a class=\"elementor-button elementor-button-link elementor-size-sm\" href=\"https:\/\/www.in-memory.fr\/?page_id=1087\" id=\"bouton\">\n\t\t\t\t\t\t<span class=\"elementor-button-content-wrapper\">\n\t\t\t\t\t\t\t\t\t<span class=\"elementor-button-text\">Mes messages<\/span>\n\t\t\t\t\t<\/span>\n\t\t\t\t\t<\/a>\n\t\t\t\t<\/div>\n\t\t\t\t\t\t\t\t<\/div>\n\t\t\t\t<\/div>\n\t\t\t\t<div class=\"elementor-element elementor-element-969fc82 elementor-align-center elementor-widget elementor-widget-button\" data-id=\"969fc82\" data-element_type=\"widget\" data-e-type=\"widget\" data-widget_type=\"button.default\">\n\t\t\t\t<div class=\"elementor-widget-container\">\n\t\t\t\t\t\t\t\t\t<div class=\"elementor-button-wrapper\">\n\t\t\t\t\t<a class=\"elementor-button elementor-button-link elementor-size-sm\" href=\"https:\/\/www.in-memory.fr\/?page_id=1101\" id=\"bouton\">\n\t\t\t\t\t\t<span class=\"elementor-button-content-wrapper\">\n\t\t\t\t\t\t\t\t\t<span class=\"elementor-button-text\">Confiants<\/span>\n\t\t\t\t\t<\/span>\n\t\t\t\t\t<\/a>\n\t\t\t\t<\/div>\n\t\t\t\t\t\t\t\t<\/div>\n\t\t\t\t<\/div>\n\t\t\t\t<div class=\"elementor-element elementor-element-fa59482 elementor-align-center elementor-widget elementor-widget-button\" data-id=\"fa59482\" data-element_type=\"widget\" data-e-type=\"widget\" data-widget_type=\"button.default\">\n\t\t\t\t<div class=\"elementor-widget-container\">\n\t\t\t\t\t\t\t\t\t<div class=\"elementor-button-wrapper\">\n\t\t\t\t\t<a class=\"elementor-button elementor-button-link elementor-size-sm\" href=\"https:\/\/www.in-memory.fr\/?page_id=1124\" id=\"bouton\">\n\t\t\t\t\t\t<span class=\"elementor-button-content-wrapper\">\n\t\t\t\t\t\t\t\t\t<span class=\"elementor-button-text\">Fonctionnements<\/span>\n\t\t\t\t\t<\/span>\n\t\t\t\t\t<\/a>\n\t\t\t\t<\/div>\n\t\t\t\t\t\t\t\t<\/div>\n\t\t\t\t<\/div>\n\t\t\t\t<div class=\"elementor-element elementor-element-48c7404 elementor-align-center elementor-widget elementor-widget-button\" data-id=\"48c7404\" data-element_type=\"widget\" data-e-type=\"widget\" data-widget_type=\"button.default\">\n\t\t\t\t<div class=\"elementor-widget-container\">\n\t\t\t\t\t\t\t\t\t<div class=\"elementor-button-wrapper\">\n\t\t\t\t\t<a class=\"elementor-button elementor-button-link elementor-size-sm\" href=\"https:\/\/www.in-memory.fr\/?page_id=2306\" id=\"bouton\">\n\t\t\t\t\t\t<span class=\"elementor-button-content-wrapper\">\n\t\t\t\t\t\t\t\t\t<span class=\"elementor-button-text\">Modifications<\/span>\n\t\t\t\t\t<\/span>\n\t\t\t\t\t<\/a>\n\t\t\t\t<\/div>\n\t\t\t\t\t\t\t\t<\/div>\n\t\t\t\t<\/div>\n\t\t\t\t<div class=\"elementor-element elementor-element-509bf75 elementor-align-center elementor-widget elementor-widget-button\" data-id=\"509bf75\" data-element_type=\"widget\" data-e-type=\"widget\" data-widget_type=\"button.default\">\n\t\t\t\t<div class=\"elementor-widget-container\">\n\t\t\t\t\t\t\t\t\t<div class=\"elementor-button-wrapper\">\n\t\t\t\t\t<a class=\"elementor-button elementor-button-link elementor-size-sm\" href=\"https:\/\/www.in-memory.fr\/?page_id=2338\" id=\"bouton\">\n\t\t\t\t\t\t<span class=\"elementor-button-content-wrapper\">\n\t\t\t\t\t\t\t\t\t<span class=\"elementor-button-text\">Contacts<\/span>\n\t\t\t\t\t<\/span>\n\t\t\t\t\t<\/a>\n\t\t\t\t<\/div>\n\t\t\t\t\t\t\t\t<\/div>\n\t\t\t\t<\/div>\n\t\t\t\t<div class=\"elementor-element elementor-element-ece8c1f elementor-align-center elementor-widget elementor-widget-button\" data-id=\"ece8c1f\" data-element_type=\"widget\" data-e-type=\"widget\" data-widget_type=\"button.default\">\n\t\t\t\t<div class=\"elementor-widget-container\">\n\t\t\t\t\t\t\t\t\t<div class=\"elementor-button-wrapper\">\n\t\t\t\t\t<a class=\"elementor-button elementor-button-link elementor-size-sm\" href=\"https:\/\/www.in-memory.fr\/?page_id=6392\" id=\"bouton\">\n\t\t\t\t\t\t<span class=\"elementor-button-content-wrapper\">\n\t\t\t\t\t\t\t\t\t<span class=\"elementor-button-text\">S\u00e9curit\u00e9<\/span>\n\t\t\t\t\t<\/span>\n\t\t\t\t\t<\/a>\n\t\t\t\t<\/div>\n\t\t\t\t\t\t\t\t<\/div>\n\t\t\t\t<\/div>\n\t\t\t\t\t<\/div>\n\t\t<\/div>\n\t\t\t\t<div class=\"elementor-column elementor-col-50 elementor-top-column elementor-element elementor-element-027da96\" data-id=\"027da96\" data-element_type=\"column\" data-e-type=\"column\">\n\t\t\t<div class=\"elementor-widget-wrap elementor-element-populated\">\n\t\t\t\t\t\t<div class=\"elementor-element elementor-element-fba0d50 elementor-widget elementor-widget-heading\" data-id=\"fba0d50\" data-element_type=\"widget\" data-e-type=\"widget\" data-widget_type=\"heading.default\">\n\t\t\t\t<div class=\"elementor-widget-container\">\n\t\t\t\t\t<h2 class=\"elementor-heading-title elementor-size-default\">Modifications<\/h2>\t\t\t\t<\/div>\n\t\t\t\t<\/div>\n\t\t\t\t<div class=\"elementor-element elementor-element-4670ea1 elementor-widget elementor-widget-toggle\" data-id=\"4670ea1\" data-element_type=\"widget\" data-e-type=\"widget\" data-widget_type=\"toggle.default\">\n\t\t\t\t<div class=\"elementor-widget-container\">\n\t\t\t\t\t\t\t<div class=\"elementor-toggle\">\n\t\t\t\t\t\t\t<div class=\"elementor-toggle-item\">\n\t\t\t\t\t<div id=\"elementor-tab-title-7381\" class=\"elementor-tab-title\" data-tab=\"1\" role=\"button\" aria-controls=\"elementor-tab-content-7381\" aria-expanded=\"false\">\n\t\t\t\t\t\t\t\t\t\t\t\t<span class=\"elementor-toggle-icon elementor-toggle-icon-left\" aria-hidden=\"true\">\n\t\t\t\t\t\t\t\t\t\t\t\t\t\t\t<span class=\"elementor-toggle-icon-closed\"><i class=\"fas fa-caret-right\"><\/i><\/span>\n\t\t\t\t\t\t\t\t<span class=\"elementor-toggle-icon-opened\"><i class=\"elementor-toggle-icon-opened fas fa-caret-up\"><\/i><\/span>\n\t\t\t\t\t\t\t\t\t\t\t\t\t<\/span>\n\t\t\t\t\t\t\t\t\t\t\t\t<a class=\"elementor-toggle-title\" tabindex=\"0\">Mon identifiant<\/a>\n\t\t\t\t\t<\/div>\n\n\t\t\t\t\t<div id=\"elementor-tab-content-7381\" class=\"elementor-tab-content elementor-clearfix\" data-tab=\"1\" role=\"region\" aria-labelledby=\"elementor-tab-title-7381\"><p><span style=\"font-weight: 400;\">Votre identifiant est l\u2019adresse mail que vous utilisez pour cr\u00e9er votre compte <\/span><b>In-memory<\/b><span style=\"font-weight: 400;\">. Vous pouvez la modifier en vous rendant dans mon <\/span><b>Profil &gt; Modifier<\/b><span style=\"font-weight: 400;\">.<\/span><\/p><p><span style=\"font-weight: 400;\">Si vous changez d\u2019adresse email, celle-ci sera automatiquement mise \u00e0 jour chez tous vos autres contacts et confiants <\/span><b>In-memory<\/b><span style=\"font-weight: 400;\">. Une validation par email vous sera demand\u00e9e pour confirmer cette nouvelle adresse puis vous pourrez vous connecter avec la nouvelle adresse email.<\/span><\/p><\/div>\n\t\t\t\t<\/div>\n\t\t\t\t\t\t\t<div class=\"elementor-toggle-item\">\n\t\t\t\t\t<div id=\"elementor-tab-title-7382\" class=\"elementor-tab-title\" data-tab=\"2\" role=\"button\" aria-controls=\"elementor-tab-content-7382\" aria-expanded=\"false\">\n\t\t\t\t\t\t\t\t\t\t\t\t<span class=\"elementor-toggle-icon elementor-toggle-icon-left\" aria-hidden=\"true\">\n\t\t\t\t\t\t\t\t\t\t\t\t\t\t\t<span class=\"elementor-toggle-icon-closed\"><i class=\"fas fa-caret-right\"><\/i><\/span>\n\t\t\t\t\t\t\t\t<span class=\"elementor-toggle-icon-opened\"><i class=\"elementor-toggle-icon-opened fas fa-caret-up\"><\/i><\/span>\n\t\t\t\t\t\t\t\t\t\t\t\t\t<\/span>\n\t\t\t\t\t\t\t\t\t\t\t\t<a class=\"elementor-toggle-title\" tabindex=\"0\">Mon mot de passe <\/a>\n\t\t\t\t\t<\/div>\n\n\t\t\t\t\t<div id=\"elementor-tab-content-7382\" class=\"elementor-tab-content elementor-clearfix\" data-tab=\"2\" role=\"region\" aria-labelledby=\"elementor-tab-title-7382\"><p><span style=\"font-weight: 400;\">\u00c0 la cr\u00e9ation de votre compte, votre identifiant est votre adresse email et votre phrase de s\u00e9curit\u00e9 doit \u00eatre de 20 caract\u00e8res minimum.\u00a0<\/span><\/p><p><span style=\"font-weight: 400;\">Apr\u00e8s la validation de votre adresse email par email, vous devez cr\u00e9er votre code PIN \u00e0 4 chiffres personnel par une double validation.<\/span><\/p><\/div>\n\t\t\t\t<\/div>\n\t\t\t\t\t\t\t<div class=\"elementor-toggle-item\">\n\t\t\t\t\t<div id=\"elementor-tab-title-7383\" class=\"elementor-tab-title\" data-tab=\"3\" role=\"button\" aria-controls=\"elementor-tab-content-7383\" aria-expanded=\"false\">\n\t\t\t\t\t\t\t\t\t\t\t\t<span class=\"elementor-toggle-icon elementor-toggle-icon-left\" aria-hidden=\"true\">\n\t\t\t\t\t\t\t\t\t\t\t\t\t\t\t<span class=\"elementor-toggle-icon-closed\"><i class=\"fas fa-caret-right\"><\/i><\/span>\n\t\t\t\t\t\t\t\t<span class=\"elementor-toggle-icon-opened\"><i class=\"elementor-toggle-icon-opened fas fa-caret-up\"><\/i><\/span>\n\t\t\t\t\t\t\t\t\t\t\t\t\t<\/span>\n\t\t\t\t\t\t\t\t\t\t\t\t<a class=\"elementor-toggle-title\" tabindex=\"0\">Mon code PIN<\/a>\n\t\t\t\t\t<\/div>\n\n\t\t\t\t\t<div id=\"elementor-tab-content-7383\" class=\"elementor-tab-content elementor-clearfix\" data-tab=\"3\" role=\"region\" aria-labelledby=\"elementor-tab-title-7383\"><p><span style=\"font-weight: 400;\">Le code PIN est tr\u00e8s important et tr\u00e8s confidentiel, il vous sera demand\u00e9 \u00e0 chaque connexion sur <\/span><b>In-memory<\/b><span style=\"font-weight: 400;\">. <\/span><b>Ne jamais communiquer votre code PIN\u00a0!<\/b><span style=\"font-weight: 400;\"> Vous pouvez le modifier en vous rendant dans votre <\/span><b>Profil &gt; Modifier<\/b><span style=\"font-weight: 400;\"> et nous vous demanderons une confirmation par email pour nous assurer qu\u2019il s\u2019agit bien de votre demande. Puis se connecter \u00e0 l\u2019application en validant votre nouveau code PIN 2 fois.<\/span><\/p><\/div>\n\t\t\t\t<\/div>\n\t\t\t\t\t\t\t<div class=\"elementor-toggle-item\">\n\t\t\t\t\t<div id=\"elementor-tab-title-7384\" class=\"elementor-tab-title\" data-tab=\"4\" role=\"button\" aria-controls=\"elementor-tab-content-7384\" aria-expanded=\"false\">\n\t\t\t\t\t\t\t\t\t\t\t\t<span class=\"elementor-toggle-icon elementor-toggle-icon-left\" aria-hidden=\"true\">\n\t\t\t\t\t\t\t\t\t\t\t\t\t\t\t<span class=\"elementor-toggle-icon-closed\"><i class=\"fas fa-caret-right\"><\/i><\/span>\n\t\t\t\t\t\t\t\t<span class=\"elementor-toggle-icon-opened\"><i class=\"elementor-toggle-icon-opened fas fa-caret-up\"><\/i><\/span>\n\t\t\t\t\t\t\t\t\t\t\t\t\t<\/span>\n\t\t\t\t\t\t\t\t\t\t\t\t<a class=\"elementor-toggle-title\" tabindex=\"0\">Ma carte bancaire <\/a>\n\t\t\t\t\t<\/div>\n\n\t\t\t\t\t<div id=\"elementor-tab-content-7384\" class=\"elementor-tab-content elementor-clearfix\" data-tab=\"4\" role=\"region\" aria-labelledby=\"elementor-tab-title-7384\"><p><span style=\"font-weight: 400;\">C\u2019est celle d\u00e9j\u00e0 pr\u00e9sente dans votre Google ou Apple Store.<\/span><\/p><\/div>\n\t\t\t\t<\/div>\n\t\t\t\t\t\t\t<div class=\"elementor-toggle-item\">\n\t\t\t\t\t<div id=\"elementor-tab-title-7385\" class=\"elementor-tab-title\" data-tab=\"5\" role=\"button\" aria-controls=\"elementor-tab-content-7385\" aria-expanded=\"false\">\n\t\t\t\t\t\t\t\t\t\t\t\t<span class=\"elementor-toggle-icon elementor-toggle-icon-left\" aria-hidden=\"true\">\n\t\t\t\t\t\t\t\t\t\t\t\t\t\t\t<span class=\"elementor-toggle-icon-closed\"><i class=\"fas fa-caret-right\"><\/i><\/span>\n\t\t\t\t\t\t\t\t<span class=\"elementor-toggle-icon-opened\"><i class=\"elementor-toggle-icon-opened fas fa-caret-up\"><\/i><\/span>\n\t\t\t\t\t\t\t\t\t\t\t\t\t<\/span>\n\t\t\t\t\t\t\t\t\t\t\t\t<a class=\"elementor-toggle-title\" tabindex=\"0\">Mon profil<\/a>\n\t\t\t\t\t<\/div>\n\n\t\t\t\t\t<div id=\"elementor-tab-content-7385\" class=\"elementor-tab-content elementor-clearfix\" data-tab=\"5\" role=\"region\" aria-labelledby=\"elementor-tab-title-7385\"><p style=\"text-align: left;\"><span style=\"font-weight: 400;\">Votre profil correspond \u00e0 vos informations saisies. Vous pouvez les modifier \u00e0 tout instant en vous rendant dans <\/span><b>Profil &gt; modifier<\/b><span style=\"font-weight: 400;\">.<\/span><\/p><\/div>\n\t\t\t\t<\/div>\n\t\t\t\t\t\t\t\t<\/div>\n\t\t\t\t\t\t<\/div>\n\t\t\t\t<\/div>\n\t\t\t\t\t<\/div>\n\t\t<\/div>\n\t\t\t\t\t<\/div>\n\t\t<\/section>\n\t\t\t\t<\/div>\n\t\t","protected":false},"excerpt":{"rendered":"<p>\u00c0 propos d&rsquo;In-memory Comptes Abonnements Mes messages Confiants Fonctionnements Modifications Contacts S\u00e9curit\u00e9 Modifications Mon identifiant Votre identifiant est l\u2019adresse mail que vous utilisez pour cr\u00e9er votre compte In-memory. Vous pouvez la modifier en vous rendant dans mon Profil &gt; Modifier. Si vous changez d\u2019adresse email, celle-ci sera automatiquement mise \u00e0 jour chez tous vos autres [&hellip;]<\/p>\n","protected":false},"author":1,"featured_media":0,"parent":0,"menu_order":0,"comment_status":"closed","ping_status":"closed","template":"","meta":{"inline_featured_image":false,"footnotes":""},"class_list":["post-2306","page","type-page","status-publish","hentry"],"yoast_head":"<!-- This site is optimized with the Yoast SEO plugin v26.9 - https:\/\/yoast.com\/product\/yoast-seo-wordpress\/ -->\n<title>Modifications - In-memory<\/title>\n<meta name=\"robots\" content=\"index, follow, max-snippet:-1, max-image-preview:large, max-video-preview:-1\" \/>\n<link rel=\"canonical\" href=\"https:\/\/www.in-memory.fr\/?page_id=2306\" \/>\n<meta property=\"og:locale\" content=\"fr_FR\" \/>\n<meta property=\"og:type\" content=\"article\" \/>\n<meta property=\"og:title\" content=\"Modifications - In-memory\" \/>\n<meta property=\"og:description\" content=\"\u00c0 propos d&rsquo;In-memory Comptes Abonnements Mes messages Confiants Fonctionnements Modifications Contacts S\u00e9curit\u00e9 Modifications Mon identifiant Votre identifiant est l\u2019adresse mail que vous utilisez pour cr\u00e9er votre compte In-memory. Vous pouvez la modifier en vous rendant dans mon Profil &gt; Modifier. Si vous changez d\u2019adresse email, celle-ci sera automatiquement mise \u00e0 jour chez tous vos autres [&hellip;]\" \/>\n<meta property=\"og:url\" content=\"https:\/\/www.in-memory.fr\/?page_id=2306\" \/>\n<meta property=\"og:site_name\" content=\"In-memory\" \/>\n<meta property=\"article:modified_time\" content=\"2025-08-26T13:31:32+00:00\" \/>\n<meta property=\"og:image\" content=\"https:\/\/www.in-memory.fr\/wp-content\/uploads\/2023\/01\/bleu.png\" \/>\n<meta name=\"twitter:card\" content=\"summary_large_image\" \/>\n<meta name=\"twitter:label1\" content=\"Dur\u00e9e de lecture estim\u00e9e\" \/>\n\t<meta name=\"twitter:data1\" content=\"2 minutes\" \/>\n<script type=\"application\/ld+json\" class=\"yoast-schema-graph\">{\"@context\":\"https:\/\/schema.org\",\"@graph\":[{\"@type\":\"WebPage\",\"@id\":\"https:\/\/www.in-memory.fr\/?page_id=2306\",\"url\":\"https:\/\/www.in-memory.fr\/?page_id=2306\",\"name\":\"Modifications - In-memory\",\"isPartOf\":{\"@id\":\"https:\/\/www.in-memory.fr\/#website\"},\"primaryImageOfPage\":{\"@id\":\"https:\/\/www.in-memory.fr\/?page_id=2306#primaryimage\"},\"image\":{\"@id\":\"https:\/\/www.in-memory.fr\/?page_id=2306#primaryimage\"},\"thumbnailUrl\":\"https:\/\/www.in-memory.fr\/wp-content\/uploads\/2023\/01\/bleu.png\",\"datePublished\":\"2023-02-09T09:49:21+00:00\",\"dateModified\":\"2025-08-26T13:31:32+00:00\",\"breadcrumb\":{\"@id\":\"https:\/\/www.in-memory.fr\/?page_id=2306#breadcrumb\"},\"inLanguage\":\"fr-FR\",\"potentialAction\":[{\"@type\":\"ReadAction\",\"target\":[\"https:\/\/www.in-memory.fr\/?page_id=2306\"]}]},{\"@type\":\"ImageObject\",\"inLanguage\":\"fr-FR\",\"@id\":\"https:\/\/www.in-memory.fr\/?page_id=2306#primaryimage\",\"url\":\"https:\/\/www.in-memory.fr\/wp-content\/uploads\/2023\/01\/Bleu.png\",\"contentUrl\":\"https:\/\/www.in-memory.fr\/wp-content\/uploads\/2023\/01\/Bleu.png\",\"width\":1479,\"height\":910,\"caption\":\"Les objectifs d'In-memory\"},{\"@type\":\"BreadcrumbList\",\"@id\":\"https:\/\/www.in-memory.fr\/?page_id=2306#breadcrumb\",\"itemListElement\":[{\"@type\":\"ListItem\",\"position\":1,\"name\":\"Accueil\",\"item\":\"https:\/\/www.in-memory.fr\/\"},{\"@type\":\"ListItem\",\"position\":2,\"name\":\"Modifications\"}]},{\"@type\":\"WebSite\",\"@id\":\"https:\/\/www.in-memory.fr\/#website\",\"url\":\"https:\/\/www.in-memory.fr\/\",\"name\":\"In-memory\",\"description\":\"Parce que c&#039;est la vie\",\"publisher\":{\"@id\":\"https:\/\/www.in-memory.fr\/#organization\"},\"potentialAction\":[{\"@type\":\"SearchAction\",\"target\":{\"@type\":\"EntryPoint\",\"urlTemplate\":\"https:\/\/www.in-memory.fr\/?s={search_term_string}\"},\"query-input\":{\"@type\":\"PropertyValueSpecification\",\"valueRequired\":true,\"valueName\":\"search_term_string\"}}],\"inLanguage\":\"fr-FR\"},{\"@type\":\"Organization\",\"@id\":\"https:\/\/www.in-memory.fr\/#organization\",\"name\":\"In-memory\",\"url\":\"https:\/\/www.in-memory.fr\/\",\"logo\":{\"@type\":\"ImageObject\",\"inLanguage\":\"fr-FR\",\"@id\":\"https:\/\/www.in-memory.fr\/#\/schema\/logo\/image\/\",\"url\":\"https:\/\/www.in-memory.fr\/wp-content\/uploads\/2023\/01\/inmemory.png\",\"contentUrl\":\"https:\/\/www.in-memory.fr\/wp-content\/uploads\/2023\/01\/inmemory.png\",\"width\":86,\"height\":65,\"caption\":\"In-memory\"},\"image\":{\"@id\":\"https:\/\/www.in-memory.fr\/#\/schema\/logo\/image\/\"}}]}<\/script>\n<!-- \/ Yoast SEO plugin. -->","yoast_head_json":{"title":"Modifications - In-memory","robots":{"index":"index","follow":"follow","max-snippet":"max-snippet:-1","max-image-preview":"max-image-preview:large","max-video-preview":"max-video-preview:-1"},"canonical":"https:\/\/www.in-memory.fr\/?page_id=2306","og_locale":"fr_FR","og_type":"article","og_title":"Modifications - In-memory","og_description":"\u00c0 propos d&rsquo;In-memory Comptes Abonnements Mes messages Confiants Fonctionnements Modifications Contacts S\u00e9curit\u00e9 Modifications Mon identifiant Votre identifiant est l\u2019adresse mail que vous utilisez pour cr\u00e9er votre compte In-memory. Vous pouvez la modifier en vous rendant dans mon Profil &gt; Modifier. Si vous changez d\u2019adresse email, celle-ci sera automatiquement mise \u00e0 jour chez tous vos autres [&hellip;]","og_url":"https:\/\/www.in-memory.fr\/?page_id=2306","og_site_name":"In-memory","article_modified_time":"2025-08-26T13:31:32+00:00","og_image":[{"url":"https:\/\/www.in-memory.fr\/wp-content\/uploads\/2023\/01\/bleu.png","type":"","width":"","height":""}],"twitter_card":"summary_large_image","twitter_misc":{"Dur\u00e9e de lecture estim\u00e9e":"2 minutes"},"schema":{"@context":"https:\/\/schema.org","@graph":[{"@type":"WebPage","@id":"https:\/\/www.in-memory.fr\/?page_id=2306","url":"https:\/\/www.in-memory.fr\/?page_id=2306","name":"Modifications - In-memory","isPartOf":{"@id":"https:\/\/www.in-memory.fr\/#website"},"primaryImageOfPage":{"@id":"https:\/\/www.in-memory.fr\/?page_id=2306#primaryimage"},"image":{"@id":"https:\/\/www.in-memory.fr\/?page_id=2306#primaryimage"},"thumbnailUrl":"https:\/\/www.in-memory.fr\/wp-content\/uploads\/2023\/01\/bleu.png","datePublished":"2023-02-09T09:49:21+00:00","dateModified":"2025-08-26T13:31:32+00:00","breadcrumb":{"@id":"https:\/\/www.in-memory.fr\/?page_id=2306#breadcrumb"},"inLanguage":"fr-FR","potentialAction":[{"@type":"ReadAction","target":["https:\/\/www.in-memory.fr\/?page_id=2306"]}]},{"@type":"ImageObject","inLanguage":"fr-FR","@id":"https:\/\/www.in-memory.fr\/?page_id=2306#primaryimage","url":"https:\/\/www.in-memory.fr\/wp-content\/uploads\/2023\/01\/Bleu.png","contentUrl":"https:\/\/www.in-memory.fr\/wp-content\/uploads\/2023\/01\/Bleu.png","width":1479,"height":910,"caption":"Les objectifs d'In-memory"},{"@type":"BreadcrumbList","@id":"https:\/\/www.in-memory.fr\/?page_id=2306#breadcrumb","itemListElement":[{"@type":"ListItem","position":1,"name":"Accueil","item":"https:\/\/www.in-memory.fr\/"},{"@type":"ListItem","position":2,"name":"Modifications"}]},{"@type":"WebSite","@id":"https:\/\/www.in-memory.fr\/#website","url":"https:\/\/www.in-memory.fr\/","name":"In-memory","description":"Parce que c&#039;est la vie","publisher":{"@id":"https:\/\/www.in-memory.fr\/#organization"},"potentialAction":[{"@type":"SearchAction","target":{"@type":"EntryPoint","urlTemplate":"https:\/\/www.in-memory.fr\/?s={search_term_string}"},"query-input":{"@type":"PropertyValueSpecification","valueRequired":true,"valueName":"search_term_string"}}],"inLanguage":"fr-FR"},{"@type":"Organization","@id":"https:\/\/www.in-memory.fr\/#organization","name":"In-memory","url":"https:\/\/www.in-memory.fr\/","logo":{"@type":"ImageObject","inLanguage":"fr-FR","@id":"https:\/\/www.in-memory.fr\/#\/schema\/logo\/image\/","url":"https:\/\/www.in-memory.fr\/wp-content\/uploads\/2023\/01\/inmemory.png","contentUrl":"https:\/\/www.in-memory.fr\/wp-content\/uploads\/2023\/01\/inmemory.png","width":86,"height":65,"caption":"In-memory"},"image":{"@id":"https:\/\/www.in-memory.fr\/#\/schema\/logo\/image\/"}}]}},"lang":"fr","translations":{"fr":2306,"en-us":4774,"de":5062},"pll_sync_post":[],"_links":{"self":[{"href":"https:\/\/www.in-memory.fr\/index.php?rest_route=\/wp\/v2\/pages\/2306","targetHints":{"allow":["GET"]}}],"collection":[{"href":"https:\/\/www.in-memory.fr\/index.php?rest_route=\/wp\/v2\/pages"}],"about":[{"href":"https:\/\/www.in-memory.fr\/index.php?rest_route=\/wp\/v2\/types\/page"}],"author":[{"embeddable":true,"href":"https:\/\/www.in-memory.fr\/index.php?rest_route=\/wp\/v2\/users\/1"}],"replies":[{"embeddable":true,"href":"https:\/\/www.in-memory.fr\/index.php?rest_route=%2Fwp%2Fv2%2Fcomments&post=2306"}],"version-history":[{"count":42,"href":"https:\/\/www.in-memory.fr\/index.php?rest_route=\/wp\/v2\/pages\/2306\/revisions"}],"predecessor-version":[{"id":7160,"href":"https:\/\/www.in-memory.fr\/index.php?rest_route=\/wp\/v2\/pages\/2306\/revisions\/7160"}],"wp:attachment":[{"href":"https:\/\/www.in-memory.fr\/index.php?rest_route=%2Fwp%2Fv2%2Fmedia&parent=2306"}],"curies":[{"name":"wp","href":"https:\/\/api.w.org\/{rel}","templated":true}]}}