{"id":243,"date":"2023-01-11T09:38:02","date_gmt":"2023-01-11T08:38:02","guid":{"rendered":"https:\/\/www.in-memory.fr\/?page_id=243"},"modified":"2024-05-15T13:30:21","modified_gmt":"2024-05-15T11:30:21","slug":"cookies","status":"publish","type":"page","link":"https:\/\/www.in-memory.fr\/?page_id=243","title":{"rendered":"Cookies"},"content":{"rendered":"\t\t<div data-elementor-type=\"wp-page\" data-elementor-id=\"243\" class=\"elementor elementor-243\">\n\t\t\t\t\t\t<section class=\"elementor-section elementor-top-section elementor-element elementor-element-54fd061 elementor-section-full_width elementor-section-height-default elementor-section-height-default\" data-id=\"54fd061\" data-element_type=\"section\" data-e-type=\"section\">\n\t\t\t\t\t\t<div class=\"elementor-container elementor-column-gap-default\">\n\t\t\t\t\t<div class=\"elementor-column elementor-col-100 elementor-top-column elementor-element elementor-element-d028cdf\" data-id=\"d028cdf\" data-element_type=\"column\" data-e-type=\"column\" data-settings=\"{&quot;background_background&quot;:&quot;classic&quot;}\">\n\t\t\t<div class=\"elementor-widget-wrap elementor-element-populated\">\n\t\t\t\t\t\t<section class=\"elementor-section elementor-inner-section elementor-element elementor-element-2b25ed5 elementor-section-boxed elementor-section-height-default elementor-section-height-default\" data-id=\"2b25ed5\" data-element_type=\"section\" data-e-type=\"section\">\n\t\t\t\t\t\t<div class=\"elementor-container elementor-column-gap-default\">\n\t\t\t\t\t<div class=\"elementor-column elementor-col-100 elementor-inner-column elementor-element elementor-element-ab32b2b\" data-id=\"ab32b2b\" data-element_type=\"column\" data-e-type=\"column\">\n\t\t\t<div class=\"elementor-widget-wrap elementor-element-populated\">\n\t\t\t\t\t\t<div class=\"elementor-element elementor-element-fd9b099 elementor-widget elementor-widget-heading\" data-id=\"fd9b099\" data-element_type=\"widget\" data-e-type=\"widget\" data-widget_type=\"heading.default\">\n\t\t\t\t<div class=\"elementor-widget-container\">\n\t\t\t\t\t<h2 class=\"elementor-heading-title elementor-size-default\">Cookies<\/h2>\t\t\t\t<\/div>\n\t\t\t\t<\/div>\n\t\t\t\t\t<\/div>\n\t\t<\/div>\n\t\t\t\t\t<\/div>\n\t\t<\/section>\n\t\t\t\t\t<\/div>\n\t\t<\/div>\n\t\t\t\t\t<\/div>\n\t\t<\/section>\n\t\t\t\t<section class=\"elementor-section elementor-top-section elementor-element elementor-element-4fa4845 elementor-section-boxed elementor-section-height-default elementor-section-height-default\" data-id=\"4fa4845\" data-element_type=\"section\" data-e-type=\"section\">\n\t\t\t\t\t\t<div class=\"elementor-container elementor-column-gap-default\">\n\t\t\t\t\t<div class=\"elementor-column elementor-col-100 elementor-top-column elementor-element elementor-element-05456fa\" data-id=\"05456fa\" data-element_type=\"column\" data-e-type=\"column\">\n\t\t\t<div class=\"elementor-widget-wrap elementor-element-populated\">\n\t\t\t\t\t\t<div class=\"elementor-element elementor-element-a47aefd elementor-widget elementor-widget-heading\" data-id=\"a47aefd\" data-element_type=\"widget\" data-e-type=\"widget\" data-widget_type=\"heading.default\">\n\t\t\t\t<div class=\"elementor-widget-container\">\n\t\t\t\t\t<h2 class=\"elementor-heading-title elementor-size-default\">Un cookie <\/h2>\t\t\t\t<\/div>\n\t\t\t\t<\/div>\n\t\t\t\t<div class=\"elementor-element elementor-element-708d0f3 elementor-widget elementor-widget-text-editor\" data-id=\"708d0f3\" data-element_type=\"widget\" data-e-type=\"widget\" data-widget_type=\"text-editor.default\">\n\t\t\t\t<div class=\"elementor-widget-container\">\n\t\t\t\t\t\t\t\t\t<p>Un cookie est un fichier qui contient des informations relatives \u00e0 votre navigation et est transmis \u00e0 votre navigateur par le site internet que vous consultez. Ces informations sont susceptibles d\u2019\u00eatre enregistr\u00e9es sur votre terminal sous la forme d\u2019un fichier texte auquel un serveur acc\u00e8de pour lire et enregistrer des informations. Les informations d\u2019un fichier cookie permettent \u00e0 leur \u00e9metteur d\u2019identifier le terminal dans lequel il est enregistr\u00e9, pendant sa dur\u00e9e de validit\u00e9.<\/p>\t\t\t\t\t\t\t\t<\/div>\n\t\t\t\t<\/div>\n\t\t\t\t<div class=\"elementor-element elementor-element-f718b84 elementor-widget elementor-widget-heading\" data-id=\"f718b84\" data-element_type=\"widget\" data-e-type=\"widget\" data-widget_type=\"heading.default\">\n\t\t\t\t<div class=\"elementor-widget-container\">\n\t\t\t\t\t<h2 class=\"elementor-heading-title elementor-size-default\">Cookies \u00e9mis sur In-memory.fr<\/h2>\t\t\t\t<\/div>\n\t\t\t\t<\/div>\n\t\t\t\t<div class=\"elementor-element elementor-element-7e1ec7f elementor-widget elementor-widget-text-editor\" data-id=\"7e1ec7f\" data-element_type=\"widget\" data-e-type=\"widget\" data-widget_type=\"text-editor.default\">\n\t\t\t\t<div class=\"elementor-widget-container\">\n\t\t\t\t\t\t\t\t\t<p>Les cookies utilis\u00e9s sur notre site permettent d\u2019identifier les services et rubriques que l\u2019utilisateur a visit\u00e9s, et plus g\u00e9n\u00e9ralement son comportement en mati\u00e8re de visites. Ils mesurent le nombre de visites, le nombre de pages vues ainsi que son activit\u00e9. Ces informations sont utiles pour faciliter votre navigation sur notre site et l\u2019adapter \u00e0 vos besoins.<\/p>\t\t\t\t\t\t\t\t<\/div>\n\t\t\t\t<\/div>\n\t\t\t\t<div class=\"elementor-element elementor-element-b70ee87 elementor-widget elementor-widget-heading\" data-id=\"b70ee87\" data-element_type=\"widget\" data-e-type=\"widget\" data-widget_type=\"heading.default\">\n\t\t\t\t<div class=\"elementor-widget-container\">\n\t\t\t\t\t<h2 class=\"elementor-heading-title elementor-size-default\">Types de cookies qui sont utilis\u00e9s sur In-memory.fr<\/h2>\t\t\t\t<\/div>\n\t\t\t\t<\/div>\n\t\t\t\t<div class=\"elementor-element elementor-element-973dfcb elementor-widget elementor-widget-text-editor\" data-id=\"973dfcb\" data-element_type=\"widget\" data-e-type=\"widget\" data-widget_type=\"text-editor.default\">\n\t\t\t\t<div class=\"elementor-widget-container\">\n\t\t\t\t\t\t\t\t\t<p>Lorsque vous vous connectez \u00e0 notre site, nous pouvons \u00eatre amen\u00e9s, sous r\u00e9serve de vos choix, \u00e0 installer divers cookies dans votre terminal nous permettant de reconna\u00eetre le navigateur de votre terminal pendant la dur\u00e9e de validit\u00e9 du cookie concern\u00e9.<\/p><p>Les cookies que nous \u00e9mettons sont utilis\u00e9s aux fins d\u00e9crites ci-dessous, sous r\u00e9serve de vos choix qui r\u00e9sultent des param\u00e8tres de votre logiciel de navigation utilis\u00e9 lors de votre visite de notre site et de votre consentement consid\u00e9r\u00e9 comme une manifestation de volont\u00e9, libre, sp\u00e9cifique et inform\u00e9e. Les cookies que nous \u00e9mettons nous permettent :<\/p><p>\u2013 de faciliter votre navigation sur notre site ;<\/p><p>\u2013 d\u2019adapter la pr\u00e9sentation de notre site aux pr\u00e9f\u00e9rences d\u2019affichage de votre terminal (langue utilis\u00e9e, r\u00e9solution d\u2019affichage, syst\u00e8me d\u2019exploitation utilis\u00e9, etc.) lors de vos visites sur notre site, selon les mat\u00e9riels et les logiciels de visualisation ou de lecture que votre terminal comporte ;<\/p><p>\u2013 de m\u00e9moriser des informations relatives \u00e0 un formulaire que vous avez rempli sur notre site (contact ou acc\u00e8s \u00e0 votre compte) ou \u00e0 des informations quant au fonctionnement de In-memory.fr ;<\/p><p>\u2013 de vous permettre d\u2019acc\u00e9der \u00e0 des espaces r\u00e9serv\u00e9s et personnels de notre site, tels que votre compte, gr\u00e2ce \u00e0 des identifiants ou des donn\u00e9es que vous nous avez \u00e9ventuellement ant\u00e9rieurement confi\u00e9s ;<\/p><p>\u2013 de mettre en \u0153uvre des mesures de s\u00e9curit\u00e9 ;<\/p><p>\u2013 d\u2019am\u00e9liorer notre service en \u00e9tablissant des statistiques, en suivant la fr\u00e9quentation et l\u2019utilisation des divers \u00e9l\u00e9ments composant notre site (rubriques et contenus visit\u00e9s, parcours) afin d\u2019am\u00e9liorer l\u2019int\u00e9r\u00eat et l\u2019ergonomie de nos pages et de nos services.<\/p>\t\t\t\t\t\t\t\t<\/div>\n\t\t\t\t<\/div>\n\t\t\t\t<div class=\"elementor-element elementor-element-7470e0a elementor-widget elementor-widget-heading\" data-id=\"7470e0a\" data-element_type=\"widget\" data-e-type=\"widget\" data-widget_type=\"heading.default\">\n\t\t\t\t<div class=\"elementor-widget-container\">\n\t\t\t\t\t<h2 class=\"elementor-heading-title elementor-size-default\">Dur\u00e9e de vie des cookies g\u00e9n\u00e9r\u00e9s par In-memory.fr<\/h2>\t\t\t\t<\/div>\n\t\t\t\t<\/div>\n\t\t\t\t<div class=\"elementor-element elementor-element-31aa49a elementor-widget elementor-widget-text-editor\" data-id=\"31aa49a\" data-element_type=\"widget\" data-e-type=\"widget\" data-widget_type=\"text-editor.default\">\n\t\t\t\t<div class=\"elementor-widget-container\">\n\t\t\t\t\t\t\t\t\t<p>Les cookies g\u00e9n\u00e9r\u00e9s sur notre site internet ont une dur\u00e9e de validit\u00e9 de 13 mois maximum, selon les obligations r\u00e8glementaires.<\/p>\t\t\t\t\t\t\t\t<\/div>\n\t\t\t\t<\/div>\n\t\t\t\t<div class=\"elementor-element elementor-element-8a75b99 elementor-widget elementor-widget-heading\" data-id=\"8a75b99\" data-element_type=\"widget\" data-e-type=\"widget\" data-widget_type=\"heading.default\">\n\t\t\t\t<div class=\"elementor-widget-container\">\n\t\t\t\t\t<h2 class=\"elementor-heading-title elementor-size-default\">Votre choix pour les cookies<\/h2>\t\t\t\t<\/div>\n\t\t\t\t<\/div>\n\t\t\t\t<div class=\"elementor-element elementor-element-1e70f14 elementor-widget elementor-widget-text-editor\" data-id=\"1e70f14\" data-element_type=\"widget\" data-e-type=\"widget\" data-widget_type=\"text-editor.default\">\n\t\t\t\t<div class=\"elementor-widget-container\">\n\t\t\t\t\t\t\t\t\t<p>Tout param\u00e9trage que vous pouvez entreprendre sera susceptible de modifier votre navigation sur Internet et notre site web ainsi que vos conditions d\u2019acc\u00e8s \u00e0 certains services n\u00e9cessitant l\u2019utilisation de cookies. Vous pouvez faire le choix \u00e0 tout moment d\u2019exprimer et de modifier vos souhaits en mati\u00e8re de cookies.<\/p><p>Vous pouvez configurer votre logiciel de navigation de mani\u00e8re que des cookies soient enregistr\u00e9s dans votre terminal ou, au contraire, qu\u2019ils soient rejet\u00e9s, soit syst\u00e9matiquement, soit selon leur \u00e9metteur. Vous pouvez \u00e9galement configurer votre logiciel de navigation de mani\u00e8re que l\u2019acceptation ou le refus des cookies vous soient propos\u00e9s ponctuellement, avant qu\u2019un cookie soit susceptible d\u2019\u00eatre enregistr\u00e9 dans votre terminal.<\/p>\t\t\t\t\t\t\t\t<\/div>\n\t\t\t\t<\/div>\n\t\t\t\t\t<\/div>\n\t\t<\/div>\n\t\t\t\t\t<\/div>\n\t\t<\/section>\n\t\t\t\t<\/div>\n\t\t","protected":false},"excerpt":{"rendered":"<p>Cookies Un cookie Un cookie est un fichier qui contient des informations relatives \u00e0 votre navigation et est transmis \u00e0 votre navigateur par le site internet que vous consultez. Ces informations sont susceptibles d\u2019\u00eatre enregistr\u00e9es sur votre terminal sous la forme d\u2019un fichier texte auquel un serveur acc\u00e8de pour lire et enregistrer des informations. Les [&hellip;]<\/p>\n","protected":false},"author":1,"featured_media":0,"parent":0,"menu_order":0,"comment_status":"closed","ping_status":"closed","template":"","meta":{"inline_featured_image":false,"footnotes":""},"class_list":["post-243","page","type-page","status-publish","hentry"],"yoast_head":"<!-- This site is optimized with the Yoast SEO plugin v26.9 - https:\/\/yoast.com\/product\/yoast-seo-wordpress\/ -->\n<title>Cookies - In-memory<\/title>\n<meta name=\"description\" content=\"D\u00e9couvrez comment nous utilisons les cookies pour am\u00e9liorer votre exp\u00e9rience utilisateur.\" \/>\n<meta name=\"robots\" content=\"index, follow, max-snippet:-1, max-image-preview:large, max-video-preview:-1\" \/>\n<link rel=\"canonical\" href=\"https:\/\/www.in-memory.fr\/?page_id=243\" \/>\n<meta property=\"og:locale\" content=\"fr_FR\" \/>\n<meta property=\"og:type\" content=\"article\" \/>\n<meta property=\"og:title\" content=\"Cookies - In-memory\" \/>\n<meta property=\"og:description\" content=\"D\u00e9couvrez comment nous utilisons les cookies pour am\u00e9liorer votre exp\u00e9rience utilisateur.\" \/>\n<meta property=\"og:url\" content=\"https:\/\/www.in-memory.fr\/?page_id=243\" \/>\n<meta property=\"og:site_name\" content=\"In-memory\" \/>\n<meta property=\"article:modified_time\" content=\"2024-05-15T11:30:21+00:00\" \/>\n<meta name=\"twitter:card\" content=\"summary_large_image\" \/>\n<meta name=\"twitter:label1\" content=\"Dur\u00e9e de lecture estim\u00e9e\" \/>\n\t<meta name=\"twitter:data1\" content=\"3 minutes\" \/>\n<script type=\"application\/ld+json\" class=\"yoast-schema-graph\">{\"@context\":\"https:\/\/schema.org\",\"@graph\":[{\"@type\":\"WebPage\",\"@id\":\"https:\/\/www.in-memory.fr\/?page_id=243\",\"url\":\"https:\/\/www.in-memory.fr\/?page_id=243\",\"name\":\"Cookies - In-memory\",\"isPartOf\":{\"@id\":\"https:\/\/www.in-memory.fr\/#website\"},\"datePublished\":\"2023-01-11T08:38:02+00:00\",\"dateModified\":\"2024-05-15T11:30:21+00:00\",\"description\":\"D\u00e9couvrez comment nous utilisons les cookies pour am\u00e9liorer votre exp\u00e9rience utilisateur.\",\"breadcrumb\":{\"@id\":\"https:\/\/www.in-memory.fr\/?page_id=243#breadcrumb\"},\"inLanguage\":\"fr-FR\",\"potentialAction\":[{\"@type\":\"ReadAction\",\"target\":[\"https:\/\/www.in-memory.fr\/?page_id=243\"]}]},{\"@type\":\"BreadcrumbList\",\"@id\":\"https:\/\/www.in-memory.fr\/?page_id=243#breadcrumb\",\"itemListElement\":[{\"@type\":\"ListItem\",\"position\":1,\"name\":\"Accueil\",\"item\":\"https:\/\/www.in-memory.fr\/\"},{\"@type\":\"ListItem\",\"position\":2,\"name\":\"Cookies\"}]},{\"@type\":\"WebSite\",\"@id\":\"https:\/\/www.in-memory.fr\/#website\",\"url\":\"https:\/\/www.in-memory.fr\/\",\"name\":\"In-memory\",\"description\":\"Parce que c&#039;est la vie\",\"publisher\":{\"@id\":\"https:\/\/www.in-memory.fr\/#organization\"},\"potentialAction\":[{\"@type\":\"SearchAction\",\"target\":{\"@type\":\"EntryPoint\",\"urlTemplate\":\"https:\/\/www.in-memory.fr\/?s={search_term_string}\"},\"query-input\":{\"@type\":\"PropertyValueSpecification\",\"valueRequired\":true,\"valueName\":\"search_term_string\"}}],\"inLanguage\":\"fr-FR\"},{\"@type\":\"Organization\",\"@id\":\"https:\/\/www.in-memory.fr\/#organization\",\"name\":\"In-memory\",\"url\":\"https:\/\/www.in-memory.fr\/\",\"logo\":{\"@type\":\"ImageObject\",\"inLanguage\":\"fr-FR\",\"@id\":\"https:\/\/www.in-memory.fr\/#\/schema\/logo\/image\/\",\"url\":\"https:\/\/www.in-memory.fr\/wp-content\/uploads\/2023\/01\/inmemory.png\",\"contentUrl\":\"https:\/\/www.in-memory.fr\/wp-content\/uploads\/2023\/01\/inmemory.png\",\"width\":86,\"height\":65,\"caption\":\"In-memory\"},\"image\":{\"@id\":\"https:\/\/www.in-memory.fr\/#\/schema\/logo\/image\/\"}}]}<\/script>\n<!-- \/ Yoast SEO plugin. -->","yoast_head_json":{"title":"Cookies - In-memory","description":"D\u00e9couvrez comment nous utilisons les cookies pour am\u00e9liorer votre exp\u00e9rience utilisateur.","robots":{"index":"index","follow":"follow","max-snippet":"max-snippet:-1","max-image-preview":"max-image-preview:large","max-video-preview":"max-video-preview:-1"},"canonical":"https:\/\/www.in-memory.fr\/?page_id=243","og_locale":"fr_FR","og_type":"article","og_title":"Cookies - In-memory","og_description":"D\u00e9couvrez comment nous utilisons les cookies pour am\u00e9liorer votre exp\u00e9rience utilisateur.","og_url":"https:\/\/www.in-memory.fr\/?page_id=243","og_site_name":"In-memory","article_modified_time":"2024-05-15T11:30:21+00:00","twitter_card":"summary_large_image","twitter_misc":{"Dur\u00e9e de lecture estim\u00e9e":"3 minutes"},"schema":{"@context":"https:\/\/schema.org","@graph":[{"@type":"WebPage","@id":"https:\/\/www.in-memory.fr\/?page_id=243","url":"https:\/\/www.in-memory.fr\/?page_id=243","name":"Cookies - In-memory","isPartOf":{"@id":"https:\/\/www.in-memory.fr\/#website"},"datePublished":"2023-01-11T08:38:02+00:00","dateModified":"2024-05-15T11:30:21+00:00","description":"D\u00e9couvrez comment nous utilisons les cookies pour am\u00e9liorer votre exp\u00e9rience utilisateur.","breadcrumb":{"@id":"https:\/\/www.in-memory.fr\/?page_id=243#breadcrumb"},"inLanguage":"fr-FR","potentialAction":[{"@type":"ReadAction","target":["https:\/\/www.in-memory.fr\/?page_id=243"]}]},{"@type":"BreadcrumbList","@id":"https:\/\/www.in-memory.fr\/?page_id=243#breadcrumb","itemListElement":[{"@type":"ListItem","position":1,"name":"Accueil","item":"https:\/\/www.in-memory.fr\/"},{"@type":"ListItem","position":2,"name":"Cookies"}]},{"@type":"WebSite","@id":"https:\/\/www.in-memory.fr\/#website","url":"https:\/\/www.in-memory.fr\/","name":"In-memory","description":"Parce que c&#039;est la vie","publisher":{"@id":"https:\/\/www.in-memory.fr\/#organization"},"potentialAction":[{"@type":"SearchAction","target":{"@type":"EntryPoint","urlTemplate":"https:\/\/www.in-memory.fr\/?s={search_term_string}"},"query-input":{"@type":"PropertyValueSpecification","valueRequired":true,"valueName":"search_term_string"}}],"inLanguage":"fr-FR"},{"@type":"Organization","@id":"https:\/\/www.in-memory.fr\/#organization","name":"In-memory","url":"https:\/\/www.in-memory.fr\/","logo":{"@type":"ImageObject","inLanguage":"fr-FR","@id":"https:\/\/www.in-memory.fr\/#\/schema\/logo\/image\/","url":"https:\/\/www.in-memory.fr\/wp-content\/uploads\/2023\/01\/inmemory.png","contentUrl":"https:\/\/www.in-memory.fr\/wp-content\/uploads\/2023\/01\/inmemory.png","width":86,"height":65,"caption":"In-memory"},"image":{"@id":"https:\/\/www.in-memory.fr\/#\/schema\/logo\/image\/"}}]}},"lang":"fr","translations":{"fr":243,"en-us":5250,"de":5384},"pll_sync_post":[],"_links":{"self":[{"href":"https:\/\/www.in-memory.fr\/index.php?rest_route=\/wp\/v2\/pages\/243","targetHints":{"allow":["GET"]}}],"collection":[{"href":"https:\/\/www.in-memory.fr\/index.php?rest_route=\/wp\/v2\/pages"}],"about":[{"href":"https:\/\/www.in-memory.fr\/index.php?rest_route=\/wp\/v2\/types\/page"}],"author":[{"embeddable":true,"href":"https:\/\/www.in-memory.fr\/index.php?rest_route=\/wp\/v2\/users\/1"}],"replies":[{"embeddable":true,"href":"https:\/\/www.in-memory.fr\/index.php?rest_route=%2Fwp%2Fv2%2Fcomments&post=243"}],"version-history":[{"count":26,"href":"https:\/\/www.in-memory.fr\/index.php?rest_route=\/wp\/v2\/pages\/243\/revisions"}],"predecessor-version":[{"id":4230,"href":"https:\/\/www.in-memory.fr\/index.php?rest_route=\/wp\/v2\/pages\/243\/revisions\/4230"}],"wp:attachment":[{"href":"https:\/\/www.in-memory.fr\/index.php?rest_route=%2Fwp%2Fv2%2Fmedia&parent=243"}],"curies":[{"name":"wp","href":"https:\/\/api.w.org\/{rel}","templated":true}]}}