{"id":4762,"date":"2023-11-08T11:02:24","date_gmt":"2023-11-08T10:02:24","guid":{"rendered":"https:\/\/www.in-memory.fr\/?page_id=4762"},"modified":"2025-08-26T15:49:57","modified_gmt":"2025-08-26T13:49:57","slug":"faq-howitworks","status":"publish","type":"page","link":"https:\/\/www.in-memory.fr\/?page_id=4762&lang=en-us","title":{"rendered":"How it works"},"content":{"rendered":"\t\t<div data-elementor-type=\"wp-page\" data-elementor-id=\"4762\" class=\"elementor elementor-4762\">\n\t\t\t\t\t\t<section class=\"elementor-section elementor-top-section elementor-element elementor-element-9a6bd79 elementor-section-full_width elementor-section-height-default elementor-section-height-default\" data-id=\"9a6bd79\" data-element_type=\"section\" data-e-type=\"section\">\n\t\t\t\t\t\t<div class=\"elementor-container elementor-column-gap-default\">\n\t\t\t\t\t<div class=\"elementor-column elementor-col-100 elementor-top-column elementor-element elementor-element-d844dae\" data-id=\"d844dae\" data-element_type=\"column\" data-e-type=\"column\" data-settings=\"{&quot;background_background&quot;:&quot;classic&quot;}\">\n\t\t\t<div class=\"elementor-widget-wrap elementor-element-populated\">\n\t\t\t\t\t\t<section class=\"elementor-section elementor-inner-section elementor-element elementor-element-022dd48 elementor-section-boxed elementor-section-height-default elementor-section-height-default\" data-id=\"022dd48\" data-element_type=\"section\" data-e-type=\"section\">\n\t\t\t\t\t\t<div class=\"elementor-container elementor-column-gap-default\">\n\t\t\t\t\t<div class=\"elementor-column elementor-col-100 elementor-inner-column elementor-element elementor-element-315c6fd\" data-id=\"315c6fd\" data-element_type=\"column\" data-e-type=\"column\">\n\t\t\t<div class=\"elementor-widget-wrap elementor-element-populated\">\n\t\t\t\t\t\t<div class=\"elementor-element elementor-element-cfeda3f elementor-widget elementor-widget-image\" data-id=\"cfeda3f\" data-element_type=\"widget\" data-e-type=\"widget\" data-widget_type=\"image.default\">\n\t\t\t\t<div class=\"elementor-widget-container\">\n\t\t\t\t\t\t\t\t\t\t\t\t\t\t\t<img fetchpriority=\"high\" decoding=\"async\" width=\"300\" height=\"181\" src=\"https:\/\/www.in-memory.fr\/wp-content\/uploads\/2023\/01\/bleu.png\" class=\"attachment-medium size-medium wp-image-106\" alt=\"Illustration FAQ\" \/>\t\t\t\t\t\t\t\t\t\t\t\t\t\t\t<\/div>\n\t\t\t\t<\/div>\n\t\t\t\t\t<\/div>\n\t\t<\/div>\n\t\t\t\t\t<\/div>\n\t\t<\/section>\n\t\t\t\t\t<\/div>\n\t\t<\/div>\n\t\t\t\t\t<\/div>\n\t\t<\/section>\n\t\t\t\t<section class=\"elementor-section elementor-top-section elementor-element elementor-element-171ab9f elementor-section-boxed elementor-section-height-default elementor-section-height-default\" data-id=\"171ab9f\" data-element_type=\"section\" data-e-type=\"section\">\n\t\t\t\t\t\t<div class=\"elementor-container elementor-column-gap-default\">\n\t\t\t\t\t<div class=\"elementor-column elementor-col-50 elementor-top-column elementor-element elementor-element-a9d1c33\" data-id=\"a9d1c33\" data-element_type=\"column\" data-e-type=\"column\">\n\t\t\t<div class=\"elementor-widget-wrap elementor-element-populated\">\n\t\t\t\t\t\t<div class=\"elementor-element elementor-element-667231b elementor-align-center elementor-widget elementor-widget-button\" data-id=\"667231b\" data-element_type=\"widget\" data-e-type=\"widget\" data-widget_type=\"button.default\">\n\t\t\t\t<div class=\"elementor-widget-container\">\n\t\t\t\t\t\t\t\t\t<div class=\"elementor-button-wrapper\">\n\t\t\t\t\t<a class=\"elementor-button elementor-button-link elementor-size-sm\" href=\"https:\/\/www.in-memory.fr\/?page_id=4642\" id=\"bouton\">\n\t\t\t\t\t\t<span class=\"elementor-button-content-wrapper\">\n\t\t\t\t\t\t\t\t\t<span class=\"elementor-button-text\">About In-memory<\/span>\n\t\t\t\t\t<\/span>\n\t\t\t\t\t<\/a>\n\t\t\t\t<\/div>\n\t\t\t\t\t\t\t\t<\/div>\n\t\t\t\t<\/div>\n\t\t\t\t<div class=\"elementor-element elementor-element-85056c9 elementor-align-center elementor-widget elementor-widget-button\" data-id=\"85056c9\" data-element_type=\"widget\" data-e-type=\"widget\" data-widget_type=\"button.default\">\n\t\t\t\t<div class=\"elementor-widget-container\">\n\t\t\t\t\t\t\t\t\t<div class=\"elementor-button-wrapper\">\n\t\t\t\t\t<a class=\"elementor-button elementor-button-link elementor-size-sm\" href=\"https:\/\/www.in-memory.fr\/?page_id=4670\" id=\"bouton\">\n\t\t\t\t\t\t<span class=\"elementor-button-content-wrapper\">\n\t\t\t\t\t\t\t\t\t<span class=\"elementor-button-text\">Accounts<\/span>\n\t\t\t\t\t<\/span>\n\t\t\t\t\t<\/a>\n\t\t\t\t<\/div>\n\t\t\t\t\t\t\t\t<\/div>\n\t\t\t\t<\/div>\n\t\t\t\t<div class=\"elementor-element elementor-element-59d6037 elementor-align-center elementor-widget elementor-widget-button\" data-id=\"59d6037\" data-element_type=\"widget\" data-e-type=\"widget\" data-widget_type=\"button.default\">\n\t\t\t\t<div class=\"elementor-widget-container\">\n\t\t\t\t\t\t\t\t\t<div class=\"elementor-button-wrapper\">\n\t\t\t\t\t<a class=\"elementor-button elementor-button-link elementor-size-sm\" href=\"https:\/\/www.in-memory.fr\/?page_id=4694\" id=\"bouton\">\n\t\t\t\t\t\t<span class=\"elementor-button-content-wrapper\">\n\t\t\t\t\t\t\t\t\t<span class=\"elementor-button-text\">Subscriptions<\/span>\n\t\t\t\t\t<\/span>\n\t\t\t\t\t<\/a>\n\t\t\t\t<\/div>\n\t\t\t\t\t\t\t\t<\/div>\n\t\t\t\t<\/div>\n\t\t\t\t<div class=\"elementor-element elementor-element-d61f701 elementor-align-center elementor-widget elementor-widget-button\" data-id=\"d61f701\" data-element_type=\"widget\" data-e-type=\"widget\" data-widget_type=\"button.default\">\n\t\t\t\t<div class=\"elementor-widget-container\">\n\t\t\t\t\t\t\t\t\t<div class=\"elementor-button-wrapper\">\n\t\t\t\t\t<a class=\"elementor-button elementor-button-link elementor-size-sm\" href=\"https:\/\/www.in-memory.fr\/?page_id=4719\" id=\"bouton\">\n\t\t\t\t\t\t<span class=\"elementor-button-content-wrapper\">\n\t\t\t\t\t\t\t\t\t<span class=\"elementor-button-text\">My messages<\/span>\n\t\t\t\t\t<\/span>\n\t\t\t\t\t<\/a>\n\t\t\t\t<\/div>\n\t\t\t\t\t\t\t\t<\/div>\n\t\t\t\t<\/div>\n\t\t\t\t<div class=\"elementor-element elementor-element-ce70688 elementor-align-center elementor-widget elementor-widget-button\" data-id=\"ce70688\" data-element_type=\"widget\" data-e-type=\"widget\" data-widget_type=\"button.default\">\n\t\t\t\t<div class=\"elementor-widget-container\">\n\t\t\t\t\t\t\t\t\t<div class=\"elementor-button-wrapper\">\n\t\t\t\t\t<a class=\"elementor-button elementor-button-link elementor-size-sm\" href=\"https:\/\/www.in-memory.fr\/?page_id=4741\" id=\"bouton\">\n\t\t\t\t\t\t<span class=\"elementor-button-content-wrapper\">\n\t\t\t\t\t\t\t\t\t<span class=\"elementor-button-text\">Confidants<\/span>\n\t\t\t\t\t<\/span>\n\t\t\t\t\t<\/a>\n\t\t\t\t<\/div>\n\t\t\t\t\t\t\t\t<\/div>\n\t\t\t\t<\/div>\n\t\t\t\t<div class=\"elementor-element elementor-element-5accd08 elementor-align-center elementor-widget elementor-widget-button\" data-id=\"5accd08\" data-element_type=\"widget\" data-e-type=\"widget\" data-widget_type=\"button.default\">\n\t\t\t\t<div class=\"elementor-widget-container\">\n\t\t\t\t\t\t\t\t\t<div class=\"elementor-button-wrapper\">\n\t\t\t\t\t<a class=\"elementor-button elementor-button-link elementor-size-sm\" href=\"https:\/\/www.in-memory.fr\/?page_id=4762\" id=\"bouton\">\n\t\t\t\t\t\t<span class=\"elementor-button-content-wrapper\">\n\t\t\t\t\t\t\t\t\t<span class=\"elementor-button-text\">How it works<\/span>\n\t\t\t\t\t<\/span>\n\t\t\t\t\t<\/a>\n\t\t\t\t<\/div>\n\t\t\t\t\t\t\t\t<\/div>\n\t\t\t\t<\/div>\n\t\t\t\t<div class=\"elementor-element elementor-element-4b78cdc elementor-align-center elementor-widget elementor-widget-button\" data-id=\"4b78cdc\" data-element_type=\"widget\" data-e-type=\"widget\" data-widget_type=\"button.default\">\n\t\t\t\t<div class=\"elementor-widget-container\">\n\t\t\t\t\t\t\t\t\t<div class=\"elementor-button-wrapper\">\n\t\t\t\t\t<a class=\"elementor-button elementor-button-link elementor-size-sm\" href=\"https:\/\/www.in-memory.fr\/?page_id=4774\" id=\"bouton\">\n\t\t\t\t\t\t<span class=\"elementor-button-content-wrapper\">\n\t\t\t\t\t\t\t\t\t<span class=\"elementor-button-text\">Modifications<\/span>\n\t\t\t\t\t<\/span>\n\t\t\t\t\t<\/a>\n\t\t\t\t<\/div>\n\t\t\t\t\t\t\t\t<\/div>\n\t\t\t\t<\/div>\n\t\t\t\t<div class=\"elementor-element elementor-element-f28fcc1 elementor-align-center elementor-widget elementor-widget-button\" data-id=\"f28fcc1\" data-element_type=\"widget\" data-e-type=\"widget\" data-widget_type=\"button.default\">\n\t\t\t\t<div class=\"elementor-widget-container\">\n\t\t\t\t\t\t\t\t\t<div class=\"elementor-button-wrapper\">\n\t\t\t\t\t<a class=\"elementor-button elementor-button-link elementor-size-sm\" href=\"https:\/\/www.in-memory.fr\/?page_id=4808\" id=\"bouton\">\n\t\t\t\t\t\t<span class=\"elementor-button-content-wrapper\">\n\t\t\t\t\t\t\t\t\t<span class=\"elementor-button-text\">Contact<\/span>\n\t\t\t\t\t<\/span>\n\t\t\t\t\t<\/a>\n\t\t\t\t<\/div>\n\t\t\t\t\t\t\t\t<\/div>\n\t\t\t\t<\/div>\n\t\t\t\t<div class=\"elementor-element elementor-element-4e5574b elementor-align-center elementor-widget elementor-widget-button\" data-id=\"4e5574b\" data-element_type=\"widget\" data-e-type=\"widget\" data-widget_type=\"button.default\">\n\t\t\t\t<div class=\"elementor-widget-container\">\n\t\t\t\t\t\t\t\t\t<div class=\"elementor-button-wrapper\">\n\t\t\t\t\t<a class=\"elementor-button elementor-button-link elementor-size-sm\" href=\"https:\/\/www.in-memory.fr\/?page_id=6424\" id=\"bouton\">\n\t\t\t\t\t\t<span class=\"elementor-button-content-wrapper\">\n\t\t\t\t\t\t\t\t\t<span class=\"elementor-button-text\">Security<\/span>\n\t\t\t\t\t<\/span>\n\t\t\t\t\t<\/a>\n\t\t\t\t<\/div>\n\t\t\t\t\t\t\t\t<\/div>\n\t\t\t\t<\/div>\n\t\t\t\t\t<\/div>\n\t\t<\/div>\n\t\t\t\t<div class=\"elementor-column elementor-col-50 elementor-top-column elementor-element elementor-element-76f463c\" data-id=\"76f463c\" data-element_type=\"column\" data-e-type=\"column\">\n\t\t\t<div class=\"elementor-widget-wrap elementor-element-populated\">\n\t\t\t\t\t\t<div class=\"elementor-element elementor-element-21c5e1e elementor-widget elementor-widget-heading\" data-id=\"21c5e1e\" data-element_type=\"widget\" data-e-type=\"widget\" data-widget_type=\"heading.default\">\n\t\t\t\t<div class=\"elementor-widget-container\">\n\t\t\t\t\t<h2 class=\"elementor-heading-title elementor-size-default\">How it works<\/h2>\t\t\t\t<\/div>\n\t\t\t\t<\/div>\n\t\t\t\t<div class=\"elementor-element elementor-element-79a5aca elementor-widget elementor-widget-toggle\" data-id=\"79a5aca\" data-element_type=\"widget\" data-e-type=\"widget\" data-widget_type=\"toggle.default\">\n\t\t\t\t<div class=\"elementor-widget-container\">\n\t\t\t\t\t\t\t<div class=\"elementor-toggle\">\n\t\t\t\t\t\t\t<div class=\"elementor-toggle-item\">\n\t\t\t\t\t<div id=\"elementor-tab-title-1271\" class=\"elementor-tab-title\" data-tab=\"1\" role=\"button\" aria-controls=\"elementor-tab-content-1271\" aria-expanded=\"false\">\n\t\t\t\t\t\t\t\t\t\t\t\t<span class=\"elementor-toggle-icon elementor-toggle-icon-left\" aria-hidden=\"true\">\n\t\t\t\t\t\t\t\t\t\t\t\t\t\t\t<span class=\"elementor-toggle-icon-closed\"><i class=\"fas fa-caret-right\"><\/i><\/span>\n\t\t\t\t\t\t\t\t<span class=\"elementor-toggle-icon-opened\"><i class=\"elementor-toggle-icon-opened fas fa-caret-up\"><\/i><\/span>\n\t\t\t\t\t\t\t\t\t\t\t\t\t<\/span>\n\t\t\t\t\t\t\t\t\t\t\t\t<a class=\"elementor-toggle-title\" tabindex=\"0\">Your messages<\/a>\n\t\t\t\t\t<\/div>\n\n\t\t\t\t\t<div id=\"elementor-tab-content-1271\" class=\"elementor-tab-content elementor-clearfix\" data-tab=\"1\" role=\"region\" aria-labelledby=\"elementor-tab-title-1271\"><p><span style=\"font-weight: 400;\">The In-memory member can prepare, modify, delete and organize simple <strong>text messages with attached files &#8211; pdf &#8211; images &#8211; photos &#8211; videos &#8211; sounds &#8211; music &#8211; voice messages &#8211;<\/strong> for transmission to selected recipients or groups of recipients : <strong>family, friends, acquaintances<\/strong>, but also <strong>professionals such as notaries<\/strong>, chartered accountants or insurance companies.<\/span><\/p><p>All messages will be sent and forwarded to selected recipients <strong>only, and only when the application has been informed of the person&#8217;s demise.<\/strong><\/p><p>You can choose messages with ready-made texts for the relevant section, or personalize your message texts.<\/p><p>You&#8217;ll then find all the messages you&#8217;ve added, along with their recipients, in the <strong>MY MESSAGES menu.<\/strong><\/p><p>All messages can be edited or deleted.<\/p><p>The number of messages limited only by the subscription option chosen.<\/p><\/div>\n\t\t\t\t<\/div>\n\t\t\t\t\t\t\t<div class=\"elementor-toggle-item\">\n\t\t\t\t\t<div id=\"elementor-tab-title-1272\" class=\"elementor-tab-title\" data-tab=\"2\" role=\"button\" aria-controls=\"elementor-tab-content-1272\" aria-expanded=\"false\">\n\t\t\t\t\t\t\t\t\t\t\t\t<span class=\"elementor-toggle-icon elementor-toggle-icon-left\" aria-hidden=\"true\">\n\t\t\t\t\t\t\t\t\t\t\t\t\t\t\t<span class=\"elementor-toggle-icon-closed\"><i class=\"fas fa-caret-right\"><\/i><\/span>\n\t\t\t\t\t\t\t\t<span class=\"elementor-toggle-icon-opened\"><i class=\"elementor-toggle-icon-opened fas fa-caret-up\"><\/i><\/span>\n\t\t\t\t\t\t\t\t\t\t\t\t\t<\/span>\n\t\t\t\t\t\t\t\t\t\t\t\t<a class=\"elementor-toggle-title\" tabindex=\"0\">Recipients<\/a>\n\t\t\t\t\t<\/div>\n\n\t\t\t\t\t<div id=\"elementor-tab-content-1272\" class=\"elementor-tab-content elementor-clearfix\" data-tab=\"2\" role=\"region\" aria-labelledby=\"elementor-tab-title-1272\"><p>Possible recipients or groups of recipients: <strong>family, friends, acquaintances<\/strong>, but also <strong>professionals<\/strong> such as notaries, chartered accountants or insurance companies.<\/p><p>Recipients can be completely unaware of messages until they receive them!<\/p><p>If the recipient of a message doesn&#8217;t have an email address, you can send it to him or her via a confidant.<\/p><\/div>\n\t\t\t\t<\/div>\n\t\t\t\t\t\t\t<div class=\"elementor-toggle-item\">\n\t\t\t\t\t<div id=\"elementor-tab-title-1273\" class=\"elementor-tab-title\" data-tab=\"3\" role=\"button\" aria-controls=\"elementor-tab-content-1273\" aria-expanded=\"false\">\n\t\t\t\t\t\t\t\t\t\t\t\t<span class=\"elementor-toggle-icon elementor-toggle-icon-left\" aria-hidden=\"true\">\n\t\t\t\t\t\t\t\t\t\t\t\t\t\t\t<span class=\"elementor-toggle-icon-closed\"><i class=\"fas fa-caret-right\"><\/i><\/span>\n\t\t\t\t\t\t\t\t<span class=\"elementor-toggle-icon-opened\"><i class=\"elementor-toggle-icon-opened fas fa-caret-up\"><\/i><\/span>\n\t\t\t\t\t\t\t\t\t\t\t\t\t<\/span>\n\t\t\t\t\t\t\t\t\t\t\t\t<a class=\"elementor-toggle-title\" tabindex=\"0\">Document format and size <\/a>\n\t\t\t\t\t<\/div>\n\n\t\t\t\t\t<div id=\"elementor-tab-content-1273\" class=\"elementor-tab-content elementor-clearfix\" data-tab=\"3\" role=\"region\" aria-labelledby=\"elementor-tab-title-1273\"><p>Each message can be accompanied by attached files <strong>&#8211; pdf &#8211; images &#8211; photos &#8211; videos &#8211; sounds &#8211; music and voice messages.<\/strong><\/p><\/div>\n\t\t\t\t<\/div>\n\t\t\t\t\t\t\t\t<\/div>\n\t\t\t\t\t\t<\/div>\n\t\t\t\t<\/div>\n\t\t\t\t\t<\/div>\n\t\t<\/div>\n\t\t\t\t\t<\/div>\n\t\t<\/section>\n\t\t\t\t<\/div>\n\t\t","protected":false},"excerpt":{"rendered":"<p>About In-memory Accounts Subscriptions My messages Confidants How it works Modifications Contact Security How it works Your messages The In-memory member can prepare, modify, delete and organize simple text messages with attached files &#8211; pdf &#8211; images &#8211; photos &#8211; videos &#8211; sounds &#8211; music &#8211; voice messages &#8211; for transmission to selected recipients or [&hellip;]<\/p>\n","protected":false},"author":1,"featured_media":0,"parent":0,"menu_order":0,"comment_status":"closed","ping_status":"closed","template":"","meta":{"inline_featured_image":false,"footnotes":""},"class_list":["post-4762","page","type-page","status-publish","hentry"],"yoast_head":"<!-- This site is optimized with the Yoast SEO plugin v26.9 - https:\/\/yoast.com\/product\/yoast-seo-wordpress\/ -->\n<title>How it works - In-memory<\/title>\n<meta name=\"description\" content=\"Trouvez rapidement des r\u00e9ponses \u00e0 vos questions sur notre page FAQ In-memory. Nos FAQ sont l\u00e0 pour vous aider !\" \/>\n<meta name=\"robots\" content=\"index, follow, max-snippet:-1, max-image-preview:large, max-video-preview:-1\" \/>\n<link rel=\"canonical\" href=\"https:\/\/www.in-memory.fr\/?page_id=4762&lang=en-us\" \/>\n<meta property=\"og:locale\" content=\"fr_FR\" \/>\n<meta property=\"og:type\" content=\"article\" \/>\n<meta property=\"og:title\" content=\"How it works - In-memory\" \/>\n<meta property=\"og:description\" content=\"Trouvez rapidement des r\u00e9ponses \u00e0 vos questions sur notre page FAQ In-memory. Nos FAQ sont l\u00e0 pour vous aider !\" \/>\n<meta property=\"og:url\" content=\"https:\/\/www.in-memory.fr\/?page_id=4762&amp;lang=en-us\" \/>\n<meta property=\"og:site_name\" content=\"In-memory\" \/>\n<meta property=\"article:modified_time\" content=\"2025-08-26T13:49:57+00:00\" \/>\n<meta property=\"og:image\" content=\"https:\/\/www.in-memory.fr\/wp-content\/uploads\/2023\/01\/bleu.png\" \/>\n<meta name=\"twitter:card\" content=\"summary_large_image\" \/>\n<meta name=\"twitter:label1\" content=\"Dur\u00e9e de lecture estim\u00e9e\" \/>\n\t<meta name=\"twitter:data1\" content=\"2 minutes\" \/>\n<script type=\"application\/ld+json\" class=\"yoast-schema-graph\">{\"@context\":\"https:\/\/schema.org\",\"@graph\":[{\"@type\":\"WebPage\",\"@id\":\"https:\/\/www.in-memory.fr\/?page_id=4762&lang=en-us\",\"url\":\"https:\/\/www.in-memory.fr\/?page_id=4762&lang=en-us\",\"name\":\"How it works - In-memory\",\"isPartOf\":{\"@id\":\"https:\/\/www.in-memory.fr\/#website\"},\"primaryImageOfPage\":{\"@id\":\"https:\/\/www.in-memory.fr\/?page_id=4762&lang=en-us#primaryimage\"},\"image\":{\"@id\":\"https:\/\/www.in-memory.fr\/?page_id=4762&lang=en-us#primaryimage\"},\"thumbnailUrl\":\"https:\/\/www.in-memory.fr\/wp-content\/uploads\/2023\/01\/bleu.png\",\"datePublished\":\"2023-11-08T10:02:24+00:00\",\"dateModified\":\"2025-08-26T13:49:57+00:00\",\"description\":\"Trouvez rapidement des r\u00e9ponses \u00e0 vos questions sur notre page FAQ In-memory. Nos FAQ sont l\u00e0 pour vous aider !\",\"breadcrumb\":{\"@id\":\"https:\/\/www.in-memory.fr\/?page_id=4762&lang=en-us#breadcrumb\"},\"inLanguage\":\"fr-FR\",\"potentialAction\":[{\"@type\":\"ReadAction\",\"target\":[\"https:\/\/www.in-memory.fr\/?page_id=4762&lang=en-us\"]}]},{\"@type\":\"ImageObject\",\"inLanguage\":\"fr-FR\",\"@id\":\"https:\/\/www.in-memory.fr\/?page_id=4762&lang=en-us#primaryimage\",\"url\":\"https:\/\/www.in-memory.fr\/wp-content\/uploads\/2023\/01\/Bleu.png\",\"contentUrl\":\"https:\/\/www.in-memory.fr\/wp-content\/uploads\/2023\/01\/Bleu.png\",\"width\":1479,\"height\":910,\"caption\":\"Les objectifs d'In-memory\"},{\"@type\":\"BreadcrumbList\",\"@id\":\"https:\/\/www.in-memory.fr\/?page_id=4762&lang=en-us#breadcrumb\",\"itemListElement\":[{\"@type\":\"ListItem\",\"position\":1,\"name\":\"Accueil\",\"item\":\"https:\/\/www.in-memory.fr\/\"},{\"@type\":\"ListItem\",\"position\":2,\"name\":\"How it works\"}]},{\"@type\":\"WebSite\",\"@id\":\"https:\/\/www.in-memory.fr\/#website\",\"url\":\"https:\/\/www.in-memory.fr\/\",\"name\":\"In-memory\",\"description\":\"Parce que c&#039;est la vie\",\"publisher\":{\"@id\":\"https:\/\/www.in-memory.fr\/#organization\"},\"potentialAction\":[{\"@type\":\"SearchAction\",\"target\":{\"@type\":\"EntryPoint\",\"urlTemplate\":\"https:\/\/www.in-memory.fr\/?s={search_term_string}\"},\"query-input\":{\"@type\":\"PropertyValueSpecification\",\"valueRequired\":true,\"valueName\":\"search_term_string\"}}],\"inLanguage\":\"fr-FR\"},{\"@type\":\"Organization\",\"@id\":\"https:\/\/www.in-memory.fr\/#organization\",\"name\":\"In-memory\",\"url\":\"https:\/\/www.in-memory.fr\/\",\"logo\":{\"@type\":\"ImageObject\",\"inLanguage\":\"fr-FR\",\"@id\":\"https:\/\/www.in-memory.fr\/#\/schema\/logo\/image\/\",\"url\":\"https:\/\/www.in-memory.fr\/wp-content\/uploads\/2023\/01\/inmemory.png\",\"contentUrl\":\"https:\/\/www.in-memory.fr\/wp-content\/uploads\/2023\/01\/inmemory.png\",\"width\":86,\"height\":65,\"caption\":\"In-memory\"},\"image\":{\"@id\":\"https:\/\/www.in-memory.fr\/#\/schema\/logo\/image\/\"}}]}<\/script>\n<!-- \/ Yoast SEO plugin. -->","yoast_head_json":{"title":"How it works - In-memory","description":"Trouvez rapidement des r\u00e9ponses \u00e0 vos questions sur notre page FAQ In-memory. Nos FAQ sont l\u00e0 pour vous aider !","robots":{"index":"index","follow":"follow","max-snippet":"max-snippet:-1","max-image-preview":"max-image-preview:large","max-video-preview":"max-video-preview:-1"},"canonical":"https:\/\/www.in-memory.fr\/?page_id=4762&lang=en-us","og_locale":"fr_FR","og_type":"article","og_title":"How it works - In-memory","og_description":"Trouvez rapidement des r\u00e9ponses \u00e0 vos questions sur notre page FAQ In-memory. Nos FAQ sont l\u00e0 pour vous aider !","og_url":"https:\/\/www.in-memory.fr\/?page_id=4762&lang=en-us","og_site_name":"In-memory","article_modified_time":"2025-08-26T13:49:57+00:00","og_image":[{"url":"https:\/\/www.in-memory.fr\/wp-content\/uploads\/2023\/01\/bleu.png","type":"","width":"","height":""}],"twitter_card":"summary_large_image","twitter_misc":{"Dur\u00e9e de lecture estim\u00e9e":"2 minutes"},"schema":{"@context":"https:\/\/schema.org","@graph":[{"@type":"WebPage","@id":"https:\/\/www.in-memory.fr\/?page_id=4762&lang=en-us","url":"https:\/\/www.in-memory.fr\/?page_id=4762&lang=en-us","name":"How it works - In-memory","isPartOf":{"@id":"https:\/\/www.in-memory.fr\/#website"},"primaryImageOfPage":{"@id":"https:\/\/www.in-memory.fr\/?page_id=4762&lang=en-us#primaryimage"},"image":{"@id":"https:\/\/www.in-memory.fr\/?page_id=4762&lang=en-us#primaryimage"},"thumbnailUrl":"https:\/\/www.in-memory.fr\/wp-content\/uploads\/2023\/01\/bleu.png","datePublished":"2023-11-08T10:02:24+00:00","dateModified":"2025-08-26T13:49:57+00:00","description":"Trouvez rapidement des r\u00e9ponses \u00e0 vos questions sur notre page FAQ In-memory. Nos FAQ sont l\u00e0 pour vous aider !","breadcrumb":{"@id":"https:\/\/www.in-memory.fr\/?page_id=4762&lang=en-us#breadcrumb"},"inLanguage":"fr-FR","potentialAction":[{"@type":"ReadAction","target":["https:\/\/www.in-memory.fr\/?page_id=4762&lang=en-us"]}]},{"@type":"ImageObject","inLanguage":"fr-FR","@id":"https:\/\/www.in-memory.fr\/?page_id=4762&lang=en-us#primaryimage","url":"https:\/\/www.in-memory.fr\/wp-content\/uploads\/2023\/01\/Bleu.png","contentUrl":"https:\/\/www.in-memory.fr\/wp-content\/uploads\/2023\/01\/Bleu.png","width":1479,"height":910,"caption":"Les objectifs d'In-memory"},{"@type":"BreadcrumbList","@id":"https:\/\/www.in-memory.fr\/?page_id=4762&lang=en-us#breadcrumb","itemListElement":[{"@type":"ListItem","position":1,"name":"Accueil","item":"https:\/\/www.in-memory.fr\/"},{"@type":"ListItem","position":2,"name":"How it works"}]},{"@type":"WebSite","@id":"https:\/\/www.in-memory.fr\/#website","url":"https:\/\/www.in-memory.fr\/","name":"In-memory","description":"Parce que c&#039;est la vie","publisher":{"@id":"https:\/\/www.in-memory.fr\/#organization"},"potentialAction":[{"@type":"SearchAction","target":{"@type":"EntryPoint","urlTemplate":"https:\/\/www.in-memory.fr\/?s={search_term_string}"},"query-input":{"@type":"PropertyValueSpecification","valueRequired":true,"valueName":"search_term_string"}}],"inLanguage":"fr-FR"},{"@type":"Organization","@id":"https:\/\/www.in-memory.fr\/#organization","name":"In-memory","url":"https:\/\/www.in-memory.fr\/","logo":{"@type":"ImageObject","inLanguage":"fr-FR","@id":"https:\/\/www.in-memory.fr\/#\/schema\/logo\/image\/","url":"https:\/\/www.in-memory.fr\/wp-content\/uploads\/2023\/01\/inmemory.png","contentUrl":"https:\/\/www.in-memory.fr\/wp-content\/uploads\/2023\/01\/inmemory.png","width":86,"height":65,"caption":"In-memory"},"image":{"@id":"https:\/\/www.in-memory.fr\/#\/schema\/logo\/image\/"}}]}},"lang":"en-us","translations":{"en-us":4762,"fr":1124,"de":5028},"pll_sync_post":[],"_links":{"self":[{"href":"https:\/\/www.in-memory.fr\/index.php?rest_route=\/wp\/v2\/pages\/4762","targetHints":{"allow":["GET"]}}],"collection":[{"href":"https:\/\/www.in-memory.fr\/index.php?rest_route=\/wp\/v2\/pages"}],"about":[{"href":"https:\/\/www.in-memory.fr\/index.php?rest_route=\/wp\/v2\/types\/page"}],"author":[{"embeddable":true,"href":"https:\/\/www.in-memory.fr\/index.php?rest_route=\/wp\/v2\/users\/1"}],"replies":[{"embeddable":true,"href":"https:\/\/www.in-memory.fr\/index.php?rest_route=%2Fwp%2Fv2%2Fcomments&post=4762"}],"version-history":[{"count":40,"href":"https:\/\/www.in-memory.fr\/index.php?rest_route=\/wp\/v2\/pages\/4762\/revisions"}],"predecessor-version":[{"id":7192,"href":"https:\/\/www.in-memory.fr\/index.php?rest_route=\/wp\/v2\/pages\/4762\/revisions\/7192"}],"wp:attachment":[{"href":"https:\/\/www.in-memory.fr\/index.php?rest_route=%2Fwp%2Fv2%2Fmedia&parent=4762"}],"curies":[{"name":"wp","href":"https:\/\/api.w.org\/{rel}","templated":true}]}}