{"id":4964,"date":"2023-11-08T13:59:52","date_gmt":"2023-11-08T12:59:52","guid":{"rendered":"https:\/\/www.in-memory.fr\/?page_id=4964"},"modified":"2025-08-26T16:08:30","modified_gmt":"2025-08-26T14:08:30","slug":"faq-meinenachrichten","status":"publish","type":"page","link":"https:\/\/www.in-memory.fr\/?page_id=4964&lang=de","title":{"rendered":"Meine Nachrichten"},"content":{"rendered":"\t\t<div data-elementor-type=\"wp-page\" data-elementor-id=\"4964\" class=\"elementor elementor-4964\">\n\t\t\t\t\t\t<section class=\"elementor-section elementor-top-section elementor-element elementor-element-7bfa629 elementor-section-full_width elementor-section-height-default elementor-section-height-default\" data-id=\"7bfa629\" data-element_type=\"section\" data-e-type=\"section\">\n\t\t\t\t\t\t<div class=\"elementor-container elementor-column-gap-default\">\n\t\t\t\t\t<div class=\"elementor-column elementor-col-100 elementor-top-column elementor-element elementor-element-57d4256\" data-id=\"57d4256\" data-element_type=\"column\" data-e-type=\"column\" data-settings=\"{&quot;background_background&quot;:&quot;classic&quot;}\">\n\t\t\t<div class=\"elementor-widget-wrap elementor-element-populated\">\n\t\t\t\t\t\t<section class=\"elementor-section elementor-inner-section elementor-element elementor-element-3be2342 elementor-section-boxed elementor-section-height-default elementor-section-height-default\" data-id=\"3be2342\" data-element_type=\"section\" data-e-type=\"section\">\n\t\t\t\t\t\t<div class=\"elementor-container elementor-column-gap-default\">\n\t\t\t\t\t<div class=\"elementor-column elementor-col-100 elementor-inner-column elementor-element elementor-element-ad29218\" data-id=\"ad29218\" data-element_type=\"column\" data-e-type=\"column\">\n\t\t\t<div class=\"elementor-widget-wrap elementor-element-populated\">\n\t\t\t\t\t\t<div class=\"elementor-element elementor-element-1623e10 elementor-widget elementor-widget-image\" data-id=\"1623e10\" data-element_type=\"widget\" data-e-type=\"widget\" data-widget_type=\"image.default\">\n\t\t\t\t<div class=\"elementor-widget-container\">\n\t\t\t\t\t\t\t\t\t\t\t\t\t\t\t<img fetchpriority=\"high\" decoding=\"async\" width=\"300\" height=\"181\" src=\"https:\/\/www.in-memory.fr\/wp-content\/uploads\/2023\/01\/bleu.png\" class=\"attachment-medium size-medium wp-image-106\" alt=\"Illustration FAQ\" \/>\t\t\t\t\t\t\t\t\t\t\t\t\t\t\t<\/div>\n\t\t\t\t<\/div>\n\t\t\t\t\t<\/div>\n\t\t<\/div>\n\t\t\t\t\t<\/div>\n\t\t<\/section>\n\t\t\t\t\t<\/div>\n\t\t<\/div>\n\t\t\t\t\t<\/div>\n\t\t<\/section>\n\t\t\t\t<section class=\"elementor-section elementor-top-section elementor-element elementor-element-8b9d5a9 elementor-section-boxed elementor-section-height-default elementor-section-height-default\" data-id=\"8b9d5a9\" data-element_type=\"section\" data-e-type=\"section\">\n\t\t\t\t\t\t<div class=\"elementor-container elementor-column-gap-default\">\n\t\t\t\t\t<div class=\"elementor-column elementor-col-50 elementor-top-column elementor-element elementor-element-1fb0a48\" data-id=\"1fb0a48\" data-element_type=\"column\" data-e-type=\"column\">\n\t\t\t<div class=\"elementor-widget-wrap elementor-element-populated\">\n\t\t\t\t\t\t<div class=\"elementor-element elementor-element-3bc02b5 elementor-align-center elementor-widget elementor-widget-button\" data-id=\"3bc02b5\" data-element_type=\"widget\" data-e-type=\"widget\" data-widget_type=\"button.default\">\n\t\t\t\t<div class=\"elementor-widget-container\">\n\t\t\t\t\t\t\t\t\t<div class=\"elementor-button-wrapper\">\n\t\t\t\t\t<a class=\"elementor-button elementor-button-link elementor-size-sm\" href=\"https:\/\/www.in-memory.fr\/?page_id=4894\" id=\"bouton\">\n\t\t\t\t\t\t<span class=\"elementor-button-content-wrapper\">\n\t\t\t\t\t\t\t\t\t<span class=\"elementor-button-text\">\u00dcber uns<\/span>\n\t\t\t\t\t<\/span>\n\t\t\t\t\t<\/a>\n\t\t\t\t<\/div>\n\t\t\t\t\t\t\t\t<\/div>\n\t\t\t\t<\/div>\n\t\t\t\t<div class=\"elementor-element elementor-element-7c8cb4b elementor-align-center elementor-widget elementor-widget-button\" data-id=\"7c8cb4b\" data-element_type=\"widget\" data-e-type=\"widget\" data-widget_type=\"button.default\">\n\t\t\t\t<div class=\"elementor-widget-container\">\n\t\t\t\t\t\t\t\t\t<div class=\"elementor-button-wrapper\">\n\t\t\t\t\t<a class=\"elementor-button elementor-button-link elementor-size-sm\" href=\"https:\/\/www.in-memory.fr\/?page_id=4933\" id=\"bouton\">\n\t\t\t\t\t\t<span class=\"elementor-button-content-wrapper\">\n\t\t\t\t\t\t\t\t\t<span class=\"elementor-button-text\">Konten<\/span>\n\t\t\t\t\t<\/span>\n\t\t\t\t\t<\/a>\n\t\t\t\t<\/div>\n\t\t\t\t\t\t\t\t<\/div>\n\t\t\t\t<\/div>\n\t\t\t\t<div class=\"elementor-element elementor-element-cedb891 elementor-align-center elementor-widget elementor-widget-button\" data-id=\"cedb891\" data-element_type=\"widget\" data-e-type=\"widget\" data-widget_type=\"button.default\">\n\t\t\t\t<div class=\"elementor-widget-container\">\n\t\t\t\t\t\t\t\t\t<div class=\"elementor-button-wrapper\">\n\t\t\t\t\t<a class=\"elementor-button elementor-button-link elementor-size-sm\" href=\"https:\/\/www.in-memory.fr\/?page_id=4944\" id=\"bouton\">\n\t\t\t\t\t\t<span class=\"elementor-button-content-wrapper\">\n\t\t\t\t\t\t\t\t\t<span class=\"elementor-button-text\">Abonnements<\/span>\n\t\t\t\t\t<\/span>\n\t\t\t\t\t<\/a>\n\t\t\t\t<\/div>\n\t\t\t\t\t\t\t\t<\/div>\n\t\t\t\t<\/div>\n\t\t\t\t<div class=\"elementor-element elementor-element-2a6b673 elementor-align-center elementor-widget elementor-widget-button\" data-id=\"2a6b673\" data-element_type=\"widget\" data-e-type=\"widget\" data-widget_type=\"button.default\">\n\t\t\t\t<div class=\"elementor-widget-container\">\n\t\t\t\t\t\t\t\t\t<div class=\"elementor-button-wrapper\">\n\t\t\t\t\t<a class=\"elementor-button elementor-button-link elementor-size-sm\" href=\"https:\/\/www.in-memory.fr\/?page_id=4964\" id=\"bouton\">\n\t\t\t\t\t\t<span class=\"elementor-button-content-wrapper\">\n\t\t\t\t\t\t\t\t\t<span class=\"elementor-button-text\">Meine Nachrichten<\/span>\n\t\t\t\t\t<\/span>\n\t\t\t\t\t<\/a>\n\t\t\t\t<\/div>\n\t\t\t\t\t\t\t\t<\/div>\n\t\t\t\t<\/div>\n\t\t\t\t<div class=\"elementor-element elementor-element-f84a9a3 elementor-align-center elementor-widget elementor-widget-button\" data-id=\"f84a9a3\" data-element_type=\"widget\" data-e-type=\"widget\" data-widget_type=\"button.default\">\n\t\t\t\t<div class=\"elementor-widget-container\">\n\t\t\t\t\t\t\t\t\t<div class=\"elementor-button-wrapper\">\n\t\t\t\t\t<a class=\"elementor-button elementor-button-link elementor-size-sm\" href=\"https:\/\/www.in-memory.fr\/?page_id=4884\" id=\"bouton\">\n\t\t\t\t\t\t<span class=\"elementor-button-content-wrapper\">\n\t\t\t\t\t\t\t\t\t<span class=\"elementor-button-text\">Meine Vertrauten<\/span>\n\t\t\t\t\t<\/span>\n\t\t\t\t\t<\/a>\n\t\t\t\t<\/div>\n\t\t\t\t\t\t\t\t<\/div>\n\t\t\t\t<\/div>\n\t\t\t\t<div class=\"elementor-element elementor-element-69ed4b7 elementor-align-center elementor-widget elementor-widget-button\" data-id=\"69ed4b7\" data-element_type=\"widget\" data-e-type=\"widget\" data-widget_type=\"button.default\">\n\t\t\t\t<div class=\"elementor-widget-container\">\n\t\t\t\t\t\t\t\t\t<div class=\"elementor-button-wrapper\">\n\t\t\t\t\t<a class=\"elementor-button elementor-button-link elementor-size-sm\" href=\"https:\/\/www.in-memory.fr\/?page_id=5028\" id=\"bouton\">\n\t\t\t\t\t\t<span class=\"elementor-button-content-wrapper\">\n\t\t\t\t\t\t\t\t\t<span class=\"elementor-button-text\">Funktionweisen<\/span>\n\t\t\t\t\t<\/span>\n\t\t\t\t\t<\/a>\n\t\t\t\t<\/div>\n\t\t\t\t\t\t\t\t<\/div>\n\t\t\t\t<\/div>\n\t\t\t\t<div class=\"elementor-element elementor-element-92bc19a elementor-align-center elementor-widget elementor-widget-button\" data-id=\"92bc19a\" data-element_type=\"widget\" data-e-type=\"widget\" data-widget_type=\"button.default\">\n\t\t\t\t<div class=\"elementor-widget-container\">\n\t\t\t\t\t\t\t\t\t<div class=\"elementor-button-wrapper\">\n\t\t\t\t\t<a class=\"elementor-button elementor-button-link elementor-size-sm\" href=\"https:\/\/www.in-memory.fr\/?page_id=5062\" id=\"bouton\">\n\t\t\t\t\t\t<span class=\"elementor-button-content-wrapper\">\n\t\t\t\t\t\t\t\t\t<span class=\"elementor-button-text\">\u00c4nderungen<\/span>\n\t\t\t\t\t<\/span>\n\t\t\t\t\t<\/a>\n\t\t\t\t<\/div>\n\t\t\t\t\t\t\t\t<\/div>\n\t\t\t\t<\/div>\n\t\t\t\t<div class=\"elementor-element elementor-element-2705d6a elementor-align-center elementor-widget elementor-widget-button\" data-id=\"2705d6a\" data-element_type=\"widget\" data-e-type=\"widget\" data-widget_type=\"button.default\">\n\t\t\t\t<div class=\"elementor-widget-container\">\n\t\t\t\t\t\t\t\t\t<div class=\"elementor-button-wrapper\">\n\t\t\t\t\t<a class=\"elementor-button elementor-button-link elementor-size-sm\" href=\"https:\/\/www.in-memory.fr\/?page_id=5116\" id=\"bouton\">\n\t\t\t\t\t\t<span class=\"elementor-button-content-wrapper\">\n\t\t\t\t\t\t\t\t\t<span class=\"elementor-button-text\">Kontakte<\/span>\n\t\t\t\t\t<\/span>\n\t\t\t\t\t<\/a>\n\t\t\t\t<\/div>\n\t\t\t\t\t\t\t\t<\/div>\n\t\t\t\t<\/div>\n\t\t\t\t<div class=\"elementor-element elementor-element-79d59e4 elementor-align-center elementor-widget elementor-widget-button\" data-id=\"79d59e4\" data-element_type=\"widget\" data-e-type=\"widget\" data-widget_type=\"button.default\">\n\t\t\t\t<div class=\"elementor-widget-container\">\n\t\t\t\t\t\t\t\t\t<div class=\"elementor-button-wrapper\">\n\t\t\t\t\t<a class=\"elementor-button elementor-button-link elementor-size-sm\" href=\"https:\/\/www.in-memory.fr\/?page_id=6424\" id=\"bouton\">\n\t\t\t\t\t\t<span class=\"elementor-button-content-wrapper\">\n\t\t\t\t\t\t\t\t\t<span class=\"elementor-button-text\">Sicherheit<\/span>\n\t\t\t\t\t<\/span>\n\t\t\t\t\t<\/a>\n\t\t\t\t<\/div>\n\t\t\t\t\t\t\t\t<\/div>\n\t\t\t\t<\/div>\n\t\t\t\t\t<\/div>\n\t\t<\/div>\n\t\t\t\t<div class=\"elementor-column elementor-col-50 elementor-top-column elementor-element elementor-element-922a880\" data-id=\"922a880\" data-element_type=\"column\" data-e-type=\"column\">\n\t\t\t<div class=\"elementor-widget-wrap elementor-element-populated\">\n\t\t\t\t\t\t<div class=\"elementor-element elementor-element-8d0c4bb elementor-widget elementor-widget-heading\" data-id=\"8d0c4bb\" data-element_type=\"widget\" data-e-type=\"widget\" data-widget_type=\"heading.default\">\n\t\t\t\t<div class=\"elementor-widget-container\">\n\t\t\t\t\t<h2 class=\"elementor-heading-title elementor-size-default\">Meine Nachrichten<\/h2>\t\t\t\t<\/div>\n\t\t\t\t<\/div>\n\t\t\t\t<div class=\"elementor-element elementor-element-b2970c9 elementor-widget elementor-widget-toggle\" data-id=\"b2970c9\" data-element_type=\"widget\" data-e-type=\"widget\" data-widget_type=\"toggle.default\">\n\t\t\t\t<div class=\"elementor-widget-container\">\n\t\t\t\t\t\t\t<div class=\"elementor-toggle\">\n\t\t\t\t\t\t\t<div class=\"elementor-toggle-item\">\n\t\t\t\t\t<div id=\"elementor-tab-title-1871\" class=\"elementor-tab-title\" data-tab=\"1\" role=\"button\" aria-controls=\"elementor-tab-content-1871\" aria-expanded=\"false\">\n\t\t\t\t\t\t\t\t\t\t\t\t<span class=\"elementor-toggle-icon elementor-toggle-icon-left\" aria-hidden=\"true\">\n\t\t\t\t\t\t\t\t\t\t\t\t\t\t\t<span class=\"elementor-toggle-icon-closed\"><i class=\"fas fa-caret-right\"><\/i><\/span>\n\t\t\t\t\t\t\t\t<span class=\"elementor-toggle-icon-opened\"><i class=\"elementor-toggle-icon-opened fas fa-caret-up\"><\/i><\/span>\n\t\t\t\t\t\t\t\t\t\t\t\t\t<\/span>\n\t\t\t\t\t\t\t\t\t\t\t\t<a class=\"elementor-toggle-title\" tabindex=\"0\">Bleiben meine Nachrichten vertraulich und sicher? <\/a>\n\t\t\t\t\t<\/div>\n\n\t\t\t\t\t<div id=\"elementor-tab-content-1871\" class=\"elementor-tab-content elementor-clearfix\" data-tab=\"1\" role=\"region\" aria-labelledby=\"elementor-tab-title-1871\"><p>Ja, Ihre Nachrichten bleiben v\u00f6llig vertraulich und sicher.<\/p><p>Alle Ihre In-Memory-Daten werden bei der Eingabe, im Ruhezustand und bei der \u00dcbertragung verschl\u00fcsselt.<\/p><p>Wir verwenden fortschrittliche Verschl\u00fcsselungstechnologien: End-to-End-Verschl\u00fcsselung, serverseitige Verschl\u00fcsselung und hochsichere Server.<\/p><p>Wir sch\u00fctzen die Konten unserer Nutzer durch:<\/p><ul><li>Systematischer Zugang \u00fcber PIN-Code-Authentifizierung.<\/li><li>Eine Sicherheitsphrase von mindestens 20 Zeichen<\/li><\/ul><p>\u00a0<\/p><p>Ihre Daten werden durchgehend verschl\u00fcsselt <span lang=\"DE\">und werden erst dann entschl\u00fcsselt, wenn sie Ihren Kontakten offenbart werden m\u00fcssen.<\/span><\/p><ul><li style=\"list-style-type: none;\">\u00a0<\/li><\/ul><\/div>\n\t\t\t\t<\/div>\n\t\t\t\t\t\t\t<div class=\"elementor-toggle-item\">\n\t\t\t\t\t<div id=\"elementor-tab-title-1872\" class=\"elementor-tab-title\" data-tab=\"2\" role=\"button\" aria-controls=\"elementor-tab-content-1872\" aria-expanded=\"false\">\n\t\t\t\t\t\t\t\t\t\t\t\t<span class=\"elementor-toggle-icon elementor-toggle-icon-left\" aria-hidden=\"true\">\n\t\t\t\t\t\t\t\t\t\t\t\t\t\t\t<span class=\"elementor-toggle-icon-closed\"><i class=\"fas fa-caret-right\"><\/i><\/span>\n\t\t\t\t\t\t\t\t<span class=\"elementor-toggle-icon-opened\"><i class=\"elementor-toggle-icon-opened fas fa-caret-up\"><\/i><\/span>\n\t\t\t\t\t\t\t\t\t\t\t\t\t<\/span>\n\t\t\t\t\t\t\t\t\t\t\t\t<a class=\"elementor-toggle-title\" tabindex=\"0\">Kann ich sp\u00e4ter wiederkommen, um meine Nachrichten zu bearbeiten?<\/a>\n\t\t\t\t\t<\/div>\n\n\t\t\t\t\t<div id=\"elementor-tab-content-1872\" class=\"elementor-tab-content elementor-clearfix\" data-tab=\"2\" role=\"region\" aria-labelledby=\"elementor-tab-title-1872\"><p>Ja, Sie k\u00f6nnen eine bereits geschriebene Nachricht jederzeit \u00e4ndern.<\/p><\/div>\n\t\t\t\t<\/div>\n\t\t\t\t\t\t\t<div class=\"elementor-toggle-item\">\n\t\t\t\t\t<div id=\"elementor-tab-title-1873\" class=\"elementor-tab-title\" data-tab=\"3\" role=\"button\" aria-controls=\"elementor-tab-content-1873\" aria-expanded=\"false\">\n\t\t\t\t\t\t\t\t\t\t\t\t<span class=\"elementor-toggle-icon elementor-toggle-icon-left\" aria-hidden=\"true\">\n\t\t\t\t\t\t\t\t\t\t\t\t\t\t\t<span class=\"elementor-toggle-icon-closed\"><i class=\"fas fa-caret-right\"><\/i><\/span>\n\t\t\t\t\t\t\t\t<span class=\"elementor-toggle-icon-opened\"><i class=\"elementor-toggle-icon-opened fas fa-caret-up\"><\/i><\/span>\n\t\t\t\t\t\t\t\t\t\t\t\t\t<\/span>\n\t\t\t\t\t\t\t\t\t\t\t\t<a class=\"elementor-toggle-title\" tabindex=\"0\">Kann ich eine bereits geschriebene Nachricht l\u00f6schen?<\/a>\n\t\t\t\t\t<\/div>\n\n\t\t\t\t\t<div id=\"elementor-tab-content-1873\" class=\"elementor-tab-content elementor-clearfix\" data-tab=\"3\" role=\"region\" aria-labelledby=\"elementor-tab-title-1873\"><p>Ja, Sie k\u00f6nnen eine bereits geschriebene Nachricht l\u00f6schen.<\/p><\/div>\n\t\t\t\t<\/div>\n\t\t\t\t\t\t\t\t<\/div>\n\t\t\t\t\t\t<\/div>\n\t\t\t\t<\/div>\n\t\t\t\t\t<\/div>\n\t\t<\/div>\n\t\t\t\t\t<\/div>\n\t\t<\/section>\n\t\t\t\t<\/div>\n\t\t","protected":false},"excerpt":{"rendered":"<p>\u00dcber uns Konten Abonnements Meine Nachrichten Meine Vertrauten Funktionweisen \u00c4nderungen Kontakte Sicherheit Meine Nachrichten Bleiben meine Nachrichten vertraulich und sicher? Ja, Ihre Nachrichten bleiben v\u00f6llig vertraulich und sicher. Alle Ihre In-Memory-Daten werden bei der Eingabe, im Ruhezustand und bei der \u00dcbertragung verschl\u00fcsselt. Wir verwenden fortschrittliche Verschl\u00fcsselungstechnologien: End-to-End-Verschl\u00fcsselung, serverseitige Verschl\u00fcsselung und hochsichere Server. Wir sch\u00fctzen die [&hellip;]<\/p>\n","protected":false},"author":1,"featured_media":0,"parent":0,"menu_order":0,"comment_status":"closed","ping_status":"closed","template":"","meta":{"inline_featured_image":false,"footnotes":""},"class_list":["post-4964","page","type-page","status-publish","hentry"],"yoast_head":"<!-- This site is optimized with the Yoast SEO plugin v26.9 - https:\/\/yoast.com\/product\/yoast-seo-wordpress\/ -->\n<title>Meine Nachrichten - In-memory<\/title>\n<meta name=\"description\" content=\"Trouvez rapidement des r\u00e9ponses \u00e0 vos questions sur notre page FAQ In-memory. Nos FAQ sont l\u00e0 pour vous aider !\" \/>\n<meta name=\"robots\" content=\"index, follow, max-snippet:-1, max-image-preview:large, max-video-preview:-1\" \/>\n<link rel=\"canonical\" href=\"https:\/\/www.in-memory.fr\/?page_id=4964&lang=de\" \/>\n<meta property=\"og:locale\" content=\"fr_FR\" \/>\n<meta property=\"og:type\" content=\"article\" \/>\n<meta property=\"og:title\" content=\"Meine Nachrichten - In-memory\" \/>\n<meta property=\"og:description\" content=\"Trouvez rapidement des r\u00e9ponses \u00e0 vos questions sur notre page FAQ In-memory. Nos FAQ sont l\u00e0 pour vous aider !\" \/>\n<meta property=\"og:url\" content=\"https:\/\/www.in-memory.fr\/?page_id=4964&amp;lang=de\" \/>\n<meta property=\"og:site_name\" content=\"In-memory\" \/>\n<meta property=\"article:modified_time\" content=\"2025-08-26T14:08:30+00:00\" \/>\n<meta property=\"og:image\" content=\"https:\/\/www.in-memory.fr\/wp-content\/uploads\/2023\/01\/bleu.png\" \/>\n<meta name=\"twitter:card\" content=\"summary_large_image\" \/>\n<meta name=\"twitter:label1\" content=\"Dur\u00e9e de lecture estim\u00e9e\" \/>\n\t<meta name=\"twitter:data1\" content=\"1 minute\" \/>\n<script type=\"application\/ld+json\" class=\"yoast-schema-graph\">{\"@context\":\"https:\/\/schema.org\",\"@graph\":[{\"@type\":\"WebPage\",\"@id\":\"https:\/\/www.in-memory.fr\/?page_id=4964&lang=de\",\"url\":\"https:\/\/www.in-memory.fr\/?page_id=4964&lang=de\",\"name\":\"Meine Nachrichten - In-memory\",\"isPartOf\":{\"@id\":\"https:\/\/www.in-memory.fr\/#website\"},\"primaryImageOfPage\":{\"@id\":\"https:\/\/www.in-memory.fr\/?page_id=4964&lang=de#primaryimage\"},\"image\":{\"@id\":\"https:\/\/www.in-memory.fr\/?page_id=4964&lang=de#primaryimage\"},\"thumbnailUrl\":\"https:\/\/www.in-memory.fr\/wp-content\/uploads\/2023\/01\/bleu.png\",\"datePublished\":\"2023-11-08T12:59:52+00:00\",\"dateModified\":\"2025-08-26T14:08:30+00:00\",\"description\":\"Trouvez rapidement des r\u00e9ponses \u00e0 vos questions sur notre page FAQ In-memory. Nos FAQ sont l\u00e0 pour vous aider !\",\"breadcrumb\":{\"@id\":\"https:\/\/www.in-memory.fr\/?page_id=4964&lang=de#breadcrumb\"},\"inLanguage\":\"fr-FR\",\"potentialAction\":[{\"@type\":\"ReadAction\",\"target\":[\"https:\/\/www.in-memory.fr\/?page_id=4964&lang=de\"]}]},{\"@type\":\"ImageObject\",\"inLanguage\":\"fr-FR\",\"@id\":\"https:\/\/www.in-memory.fr\/?page_id=4964&lang=de#primaryimage\",\"url\":\"https:\/\/www.in-memory.fr\/wp-content\/uploads\/2023\/01\/Bleu.png\",\"contentUrl\":\"https:\/\/www.in-memory.fr\/wp-content\/uploads\/2023\/01\/Bleu.png\",\"width\":1479,\"height\":910,\"caption\":\"Les objectifs d'In-memory\"},{\"@type\":\"BreadcrumbList\",\"@id\":\"https:\/\/www.in-memory.fr\/?page_id=4964&lang=de#breadcrumb\",\"itemListElement\":[{\"@type\":\"ListItem\",\"position\":1,\"name\":\"Accueil\",\"item\":\"https:\/\/www.in-memory.fr\/\"},{\"@type\":\"ListItem\",\"position\":2,\"name\":\"Meine Nachrichten\"}]},{\"@type\":\"WebSite\",\"@id\":\"https:\/\/www.in-memory.fr\/#website\",\"url\":\"https:\/\/www.in-memory.fr\/\",\"name\":\"In-memory\",\"description\":\"Parce que c&#039;est la vie\",\"publisher\":{\"@id\":\"https:\/\/www.in-memory.fr\/#organization\"},\"potentialAction\":[{\"@type\":\"SearchAction\",\"target\":{\"@type\":\"EntryPoint\",\"urlTemplate\":\"https:\/\/www.in-memory.fr\/?s={search_term_string}\"},\"query-input\":{\"@type\":\"PropertyValueSpecification\",\"valueRequired\":true,\"valueName\":\"search_term_string\"}}],\"inLanguage\":\"fr-FR\"},{\"@type\":\"Organization\",\"@id\":\"https:\/\/www.in-memory.fr\/#organization\",\"name\":\"In-memory\",\"url\":\"https:\/\/www.in-memory.fr\/\",\"logo\":{\"@type\":\"ImageObject\",\"inLanguage\":\"fr-FR\",\"@id\":\"https:\/\/www.in-memory.fr\/#\/schema\/logo\/image\/\",\"url\":\"https:\/\/www.in-memory.fr\/wp-content\/uploads\/2023\/01\/inmemory.png\",\"contentUrl\":\"https:\/\/www.in-memory.fr\/wp-content\/uploads\/2023\/01\/inmemory.png\",\"width\":86,\"height\":65,\"caption\":\"In-memory\"},\"image\":{\"@id\":\"https:\/\/www.in-memory.fr\/#\/schema\/logo\/image\/\"}}]}<\/script>\n<!-- \/ Yoast SEO plugin. -->","yoast_head_json":{"title":"Meine Nachrichten - In-memory","description":"Trouvez rapidement des r\u00e9ponses \u00e0 vos questions sur notre page FAQ In-memory. Nos FAQ sont l\u00e0 pour vous aider !","robots":{"index":"index","follow":"follow","max-snippet":"max-snippet:-1","max-image-preview":"max-image-preview:large","max-video-preview":"max-video-preview:-1"},"canonical":"https:\/\/www.in-memory.fr\/?page_id=4964&lang=de","og_locale":"fr_FR","og_type":"article","og_title":"Meine Nachrichten - In-memory","og_description":"Trouvez rapidement des r\u00e9ponses \u00e0 vos questions sur notre page FAQ In-memory. Nos FAQ sont l\u00e0 pour vous aider !","og_url":"https:\/\/www.in-memory.fr\/?page_id=4964&lang=de","og_site_name":"In-memory","article_modified_time":"2025-08-26T14:08:30+00:00","og_image":[{"url":"https:\/\/www.in-memory.fr\/wp-content\/uploads\/2023\/01\/bleu.png","type":"","width":"","height":""}],"twitter_card":"summary_large_image","twitter_misc":{"Dur\u00e9e de lecture estim\u00e9e":"1 minute"},"schema":{"@context":"https:\/\/schema.org","@graph":[{"@type":"WebPage","@id":"https:\/\/www.in-memory.fr\/?page_id=4964&lang=de","url":"https:\/\/www.in-memory.fr\/?page_id=4964&lang=de","name":"Meine Nachrichten - In-memory","isPartOf":{"@id":"https:\/\/www.in-memory.fr\/#website"},"primaryImageOfPage":{"@id":"https:\/\/www.in-memory.fr\/?page_id=4964&lang=de#primaryimage"},"image":{"@id":"https:\/\/www.in-memory.fr\/?page_id=4964&lang=de#primaryimage"},"thumbnailUrl":"https:\/\/www.in-memory.fr\/wp-content\/uploads\/2023\/01\/bleu.png","datePublished":"2023-11-08T12:59:52+00:00","dateModified":"2025-08-26T14:08:30+00:00","description":"Trouvez rapidement des r\u00e9ponses \u00e0 vos questions sur notre page FAQ In-memory. Nos FAQ sont l\u00e0 pour vous aider !","breadcrumb":{"@id":"https:\/\/www.in-memory.fr\/?page_id=4964&lang=de#breadcrumb"},"inLanguage":"fr-FR","potentialAction":[{"@type":"ReadAction","target":["https:\/\/www.in-memory.fr\/?page_id=4964&lang=de"]}]},{"@type":"ImageObject","inLanguage":"fr-FR","@id":"https:\/\/www.in-memory.fr\/?page_id=4964&lang=de#primaryimage","url":"https:\/\/www.in-memory.fr\/wp-content\/uploads\/2023\/01\/Bleu.png","contentUrl":"https:\/\/www.in-memory.fr\/wp-content\/uploads\/2023\/01\/Bleu.png","width":1479,"height":910,"caption":"Les objectifs d'In-memory"},{"@type":"BreadcrumbList","@id":"https:\/\/www.in-memory.fr\/?page_id=4964&lang=de#breadcrumb","itemListElement":[{"@type":"ListItem","position":1,"name":"Accueil","item":"https:\/\/www.in-memory.fr\/"},{"@type":"ListItem","position":2,"name":"Meine Nachrichten"}]},{"@type":"WebSite","@id":"https:\/\/www.in-memory.fr\/#website","url":"https:\/\/www.in-memory.fr\/","name":"In-memory","description":"Parce que c&#039;est la vie","publisher":{"@id":"https:\/\/www.in-memory.fr\/#organization"},"potentialAction":[{"@type":"SearchAction","target":{"@type":"EntryPoint","urlTemplate":"https:\/\/www.in-memory.fr\/?s={search_term_string}"},"query-input":{"@type":"PropertyValueSpecification","valueRequired":true,"valueName":"search_term_string"}}],"inLanguage":"fr-FR"},{"@type":"Organization","@id":"https:\/\/www.in-memory.fr\/#organization","name":"In-memory","url":"https:\/\/www.in-memory.fr\/","logo":{"@type":"ImageObject","inLanguage":"fr-FR","@id":"https:\/\/www.in-memory.fr\/#\/schema\/logo\/image\/","url":"https:\/\/www.in-memory.fr\/wp-content\/uploads\/2023\/01\/inmemory.png","contentUrl":"https:\/\/www.in-memory.fr\/wp-content\/uploads\/2023\/01\/inmemory.png","width":86,"height":65,"caption":"In-memory"},"image":{"@id":"https:\/\/www.in-memory.fr\/#\/schema\/logo\/image\/"}}]}},"lang":"de","translations":{"de":4964,"en-us":4719,"fr":1087},"pll_sync_post":[],"_links":{"self":[{"href":"https:\/\/www.in-memory.fr\/index.php?rest_route=\/wp\/v2\/pages\/4964","targetHints":{"allow":["GET"]}}],"collection":[{"href":"https:\/\/www.in-memory.fr\/index.php?rest_route=\/wp\/v2\/pages"}],"about":[{"href":"https:\/\/www.in-memory.fr\/index.php?rest_route=\/wp\/v2\/types\/page"}],"author":[{"embeddable":true,"href":"https:\/\/www.in-memory.fr\/index.php?rest_route=\/wp\/v2\/users\/1"}],"replies":[{"embeddable":true,"href":"https:\/\/www.in-memory.fr\/index.php?rest_route=%2Fwp%2Fv2%2Fcomments&post=4964"}],"version-history":[{"count":47,"href":"https:\/\/www.in-memory.fr\/index.php?rest_route=\/wp\/v2\/pages\/4964\/revisions"}],"predecessor-version":[{"id":7224,"href":"https:\/\/www.in-memory.fr\/index.php?rest_route=\/wp\/v2\/pages\/4964\/revisions\/7224"}],"wp:attachment":[{"href":"https:\/\/www.in-memory.fr\/index.php?rest_route=%2Fwp%2Fv2%2Fmedia&parent=4964"}],"curies":[{"name":"wp","href":"https:\/\/api.w.org\/{rel}","templated":true}]}}