{"id":5347,"date":"2023-11-14T09:48:37","date_gmt":"2023-11-14T08:48:37","guid":{"rendered":"https:\/\/www.in-memory.fr\/?page_id=5347"},"modified":"2023-11-15T14:40:57","modified_gmt":"2023-11-15T13:40:57","slug":"sicherheit-der-daten","status":"publish","type":"page","link":"https:\/\/www.in-memory.fr\/?page_id=5347&lang=de","title":{"rendered":"Sicherheit der Daten"},"content":{"rendered":"\t\t<div data-elementor-type=\"wp-page\" data-elementor-id=\"5347\" class=\"elementor elementor-5347\">\n\t\t\t\t\t\t<section class=\"elementor-section elementor-top-section elementor-element elementor-element-1f48cb9 elementor-section-full_width elementor-section-height-default elementor-section-height-default\" data-id=\"1f48cb9\" data-element_type=\"section\" data-e-type=\"section\">\n\t\t\t\t\t\t<div class=\"elementor-container elementor-column-gap-default\">\n\t\t\t\t\t<div class=\"elementor-column elementor-col-100 elementor-top-column elementor-element elementor-element-6bcf5a0\" data-id=\"6bcf5a0\" data-element_type=\"column\" data-e-type=\"column\" data-settings=\"{&quot;background_background&quot;:&quot;classic&quot;}\">\n\t\t\t<div class=\"elementor-widget-wrap elementor-element-populated\">\n\t\t\t\t\t\t<section class=\"elementor-section elementor-inner-section elementor-element elementor-element-947a39c elementor-section-boxed elementor-section-height-default elementor-section-height-default\" data-id=\"947a39c\" data-element_type=\"section\" data-e-type=\"section\">\n\t\t\t\t\t\t<div class=\"elementor-container elementor-column-gap-default\">\n\t\t\t\t\t<div class=\"elementor-column elementor-col-100 elementor-inner-column elementor-element elementor-element-34a1b66\" data-id=\"34a1b66\" data-element_type=\"column\" data-e-type=\"column\">\n\t\t\t<div class=\"elementor-widget-wrap elementor-element-populated\">\n\t\t\t\t\t\t<div class=\"elementor-element elementor-element-56859b1 elementor-widget elementor-widget-heading\" data-id=\"56859b1\" data-element_type=\"widget\" data-e-type=\"widget\" data-widget_type=\"heading.default\">\n\t\t\t\t<div class=\"elementor-widget-container\">\n\t\t\t\t\t<h2 class=\"elementor-heading-title elementor-size-default\">Sicherheit der Daten<\/h2>\t\t\t\t<\/div>\n\t\t\t\t<\/div>\n\t\t\t\t\t<\/div>\n\t\t<\/div>\n\t\t\t\t\t<\/div>\n\t\t<\/section>\n\t\t\t\t\t<\/div>\n\t\t<\/div>\n\t\t\t\t\t<\/div>\n\t\t<\/section>\n\t\t\t\t<section class=\"elementor-section elementor-top-section elementor-element elementor-element-97dae91 elementor-section-boxed elementor-section-height-default elementor-section-height-default\" data-id=\"97dae91\" data-element_type=\"section\" data-e-type=\"section\">\n\t\t\t\t\t\t<div class=\"elementor-container elementor-column-gap-default\">\n\t\t\t\t\t<div class=\"elementor-column elementor-col-100 elementor-top-column elementor-element elementor-element-aa43ef8\" data-id=\"aa43ef8\" data-element_type=\"column\" data-e-type=\"column\">\n\t\t\t<div class=\"elementor-widget-wrap elementor-element-populated\">\n\t\t\t\t\t\t<div class=\"elementor-element elementor-element-4513629 elementor-widget elementor-widget-heading\" data-id=\"4513629\" data-element_type=\"widget\" data-e-type=\"widget\" data-widget_type=\"heading.default\">\n\t\t\t\t<div class=\"elementor-widget-container\">\n\t\t\t\t\t<h2 class=\"elementor-heading-title elementor-size-default\">Zugriff auf das Konto<\/h2>\t\t\t\t<\/div>\n\t\t\t\t<\/div>\n\t\t\t\t<div class=\"elementor-element elementor-element-244cd14 elementor-widget elementor-widget-text-editor\" data-id=\"244cd14\" data-element_type=\"widget\" data-e-type=\"widget\" data-widget_type=\"text-editor.default\">\n\t\t\t\t<div class=\"elementor-widget-container\">\n\t\t\t\t\t\t\t\t\t<p>Um ein Konto bei <strong>In-memory<\/strong> zu erstellen, ben\u00f6tigen wir einen Benutzername &#8211; Ihre E-Mail-Adresse &#8211; und einen Sicherheitssatz von mindestens 20 Zeichen.<\/p><p>Es gibt ein doppeltes \u00dcberpr\u00fcfungssystem, wenn Sie Ihr Konto erstellen. Wir senden Ihnen einen Link per E-Mail, damit Sie Ihre Adresse best\u00e4tigen und Ihr Konto aktivieren k\u00f6nnen.<\/p><p>Nach der Best\u00e4tigung Ihres Kontos m\u00fcssen Sie Ihre pers\u00f6nliche <strong>4-stellige Geheim-PIN<\/strong> durch ein doppeltes Validierungssystem erstellen.<\/p><p>Die PIN wird aus Sicherheits- und Vertraulichkeitsgr\u00fcnden bei der Eingabe nicht angezeigt.<\/p><p>Die PIN ist sehr wichtig und \u00e4u\u00dferst vertraulich. Sie wird bei jeder Anmeldung bei <strong>In-memory<\/strong> abgefragt. Geben Sie Ihre PIN niemals weiter!<\/p><p>Sie k\u00f6nnen diese \u00e4ndern, indem Sie zu Ihrem Profil gehen &gt; \u00c4ndern und wir werden Sie per E-Mail um Best\u00e4tigung bitten, um sicherzustellen, dass es Ihre Anfrage ist. Dann melden Sie sich in der App an, indem Sie Ihre neue PIN zweimal best\u00e4tigen.<\/p><p>Zus\u00e4tzlich zur PIN gibt es eine zus\u00e4tzliche Sicherheitsma\u00dfnahme f\u00fcr die Sitzungsdauer: Wenn eine Minute lang keine Aktivit\u00e4t in der App verzeichnet ist oder Sie zu einer anderen App wechseln, werden Sie automatisch von der App abgemeldet und bei der R\u00fcckkehr zur <strong>In-memory<\/strong>-App wird Ihre PIN erneut abgefragt.<\/p>\t\t\t\t\t\t\t\t<\/div>\n\t\t\t\t<\/div>\n\t\t\t\t<div class=\"elementor-element elementor-element-349a9ea elementor-widget elementor-widget-heading\" data-id=\"349a9ea\" data-element_type=\"widget\" data-e-type=\"widget\" data-widget_type=\"heading.default\">\n\t\t\t\t<div class=\"elementor-widget-container\">\n\t\t\t\t\t<h2 class=\"elementor-heading-title elementor-size-default\">Daten\u00fcbertragung<\/h2>\t\t\t\t<\/div>\n\t\t\t\t<\/div>\n\t\t\t\t<div class=\"elementor-element elementor-element-9056770 elementor-widget elementor-widget-text-editor\" data-id=\"9056770\" data-element_type=\"widget\" data-e-type=\"widget\" data-widget_type=\"text-editor.default\">\n\t\t\t\t<div class=\"elementor-widget-container\">\n\t\t\t\t\t\t\t\t\t<p>Wenn Sie eine Nachricht mit oder ohne Anh\u00e4nge in <strong>In-memory<\/strong> hinzuf\u00fcgen, werden diese automatisch und sofort vollst\u00e4ndig und end-to-end verschl\u00fcsselt, bis sie auf unseren sicheren SS-Servern durch ein System doppelter Schl\u00fcssel gelangen.<\/p>\t\t\t\t\t\t\t\t<\/div>\n\t\t\t\t<\/div>\n\t\t\t\t<div class=\"elementor-element elementor-element-97a3226 elementor-widget elementor-widget-heading\" data-id=\"97a3226\" data-element_type=\"widget\" data-e-type=\"widget\" data-widget_type=\"heading.default\">\n\t\t\t\t<div class=\"elementor-widget-container\">\n\t\t\t\t\t<h2 class=\"elementor-heading-title elementor-size-default\">Datenlagerung<\/h2>\t\t\t\t<\/div>\n\t\t\t\t<\/div>\n\t\t\t\t<div class=\"elementor-element elementor-element-eaec75d elementor-widget elementor-widget-text-editor\" data-id=\"eaec75d\" data-element_type=\"widget\" data-e-type=\"widget\" data-widget_type=\"text-editor.default\">\n\t\t\t\t<div class=\"elementor-widget-container\">\n\t\t\t\t\t\t\t\t\t<p>Ihre Daten werden sofort bei ihrer Ankunft auf unseren in Frankreich ans\u00e4ssigen Servern durch ein System doppelter Verschl\u00fcsselungsschl\u00fcssel verschl\u00fcsselt, die auf Ihrem Ger\u00e4t und auf einem anderen sicheren SS-Server gespeichert sind. Selbst bei einem Fehler in einem der Server k\u00f6nnten nur vollst\u00e4ndig verschl\u00fcsselte und nicht entschl\u00fcsselbare Informationen wiederhergestellt werden.<\/p><p>Die Teams von In-memory haben absolut keine M\u00f6glichkeit, auf Ihre verschl\u00fcsselten Informationen zuzugreifen.<\/p>\t\t\t\t\t\t\t\t<\/div>\n\t\t\t\t<\/div>\n\t\t\t\t<div class=\"elementor-element elementor-element-fa1bd50 elementor-widget elementor-widget-heading\" data-id=\"fa1bd50\" data-element_type=\"widget\" data-e-type=\"widget\" data-widget_type=\"heading.default\">\n\t\t\t\t<div class=\"elementor-widget-container\">\n\t\t\t\t\t<h2 class=\"elementor-heading-title elementor-size-default\">Datenzug\u00e4nglichkeit<\/h2>\t\t\t\t<\/div>\n\t\t\t\t<\/div>\n\t\t\t\t<div class=\"elementor-element elementor-element-973b290 elementor-widget elementor-widget-text-editor\" data-id=\"973b290\" data-element_type=\"widget\" data-e-type=\"widget\" data-widget_type=\"text-editor.default\">\n\t\t\t\t<div class=\"elementor-widget-container\">\n\t\t\t\t\t\t\t\t\t<p><strong>Nur der Kontoinhaber hat Zugriff auf seine Daten.<\/strong><\/p><p>Das <strong>In-memory<\/strong>-Team hat absolut keine M\u00f6glichkeit, auf Ihre verschl\u00fcsselten Informationen zuzugreifen.<\/p>\t\t\t\t\t\t\t\t<\/div>\n\t\t\t\t<\/div>\n\t\t\t\t<div class=\"elementor-element elementor-element-ec647f0 elementor-widget elementor-widget-heading\" data-id=\"ec647f0\" data-element_type=\"widget\" data-e-type=\"widget\" data-widget_type=\"heading.default\">\n\t\t\t\t<div class=\"elementor-widget-container\">\n\t\t\t\t\t<h2 class=\"elementor-heading-title elementor-size-default\">Daten beim L\u00f6schen des In-Memory-Kontos<\/h2>\t\t\t\t<\/div>\n\t\t\t\t<\/div>\n\t\t\t\t<div class=\"elementor-element elementor-element-641ff63 elementor-widget elementor-widget-text-editor\" data-id=\"641ff63\" data-element_type=\"widget\" data-e-type=\"widget\" data-widget_type=\"text-editor.default\">\n\t\t\t\t<div class=\"elementor-widget-container\">\n\t\t\t\t\t\t\t\t\t<p>Wenn Sie sich dazu entscheiden, Ihr <strong>In-Memory<\/strong>-Konto zu l\u00f6schen, k\u00f6nnen Sie alle Nachrichten mit s\u00e4mtlichen Anh\u00e4ngen sowie alle als vertrauensw\u00fcrdig markierten Personen und Kontakte in der Anwendung l\u00f6schen.<\/p><p>Ihre pers\u00f6nlichen Daten \u2013 E-Mail und pers\u00f6nliche Informationen \u2013 werden gem\u00e4\u00df den gesetzlichen Aufbewahrungspflichten gel\u00f6scht, wie es das Gesetz vorschreibt.<\/p>\t\t\t\t\t\t\t\t<\/div>\n\t\t\t\t<\/div>\n\t\t\t\t<div class=\"elementor-element elementor-element-0499a2a elementor-widget elementor-widget-heading\" data-id=\"0499a2a\" data-element_type=\"widget\" data-e-type=\"widget\" data-widget_type=\"heading.default\">\n\t\t\t\t<div class=\"elementor-widget-container\">\n\t\t\t\t\t<h2 class=\"elementor-heading-title elementor-size-default\">Daten nach dem Senden an Empf\u00e4nger von Nachrichten aus dem In-Memory-Konto<\/h2>\t\t\t\t<\/div>\n\t\t\t\t<\/div>\n\t\t\t\t<div class=\"elementor-element elementor-element-1652e81 elementor-widget elementor-widget-text-editor\" data-id=\"1652e81\" data-element_type=\"widget\" data-e-type=\"widget\" data-widget_type=\"text-editor.default\">\n\t\t\t\t<div class=\"elementor-widget-container\">\n\t\t\t\t\t\t\t\t\t<div class=\"flex-1 overflow-hidden\"><div class=\"react-scroll-to-bottom--css-nsgne-79elbk h-full\"><div class=\"react-scroll-to-bottom--css-nsgne-1n7m0yu\"><div class=\"flex flex-col text-sm gizmo:pb-9 dark:bg-gray-800 gizmo:dark:bg-transparent\"><div class=\"group w-full text-token-text-primary border-b border-black\/10 gizmo:border-0 dark:border-gray-900\/50 gizmo:dark:border-0 bg-gray-50 gizmo:bg-transparent dark:bg-[#444654] gizmo:dark:bg-transparent\" data-testid=\"conversation-turn-365\"><div class=\"p-4 gizmo:py-2 justify-center text-base md:gap-6 md:py-6 m-auto\"><div class=\"flex flex-1 gap-4 text-base mx-auto md:gap-6 gizmo:gap-3 gizmo:md:px-5 gizmo:lg:px-1 gizmo:xl:px-5 md:max-w-2xl lg:max-w-[38rem] gizmo:md:max-w-3xl gizmo:lg:max-w-[40rem] gizmo:xl:max-w-[48rem] xl:max-w-3xl }\"><div class=\"relative flex w-[calc(100%-50px)] flex-col gizmo:w-full lg:w-[calc(100%-115px)] agent-turn\"><div class=\"flex-col gap-1 md:gap-3\"><div class=\"flex flex-grow flex-col max-w-full gap-3 gizmo:gap-0\"><div class=\"min-h-[20px] text-message peer flex flex-col items-start gap-3 whitespace-pre-wrap break-words peer-[.text-message]:mt-5 overflow-x-auto\" data-message-author-role=\"assistant\" data-message-id=\"23b651ea-c876-4d2b-8539-657d37be1849\"><div class=\"markdown prose w-full break-words dark:prose-invert dark\"><p>Gem\u00e4\u00df Best\u00e4tigungen Ihrer Vertrauten werden alle Ihre Nachrichten nur und ausschlie\u00dflich nach Ihrem Tod einzeln an Ihre Empf\u00e4nger oder Empf\u00e4ngergruppe Ihres Kontos gem\u00e4\u00df Ihren Datumsrichtlinien gesendet.<\/p><p>Ihre personenbezogenen Daten &#8211; E-Mail und pers\u00f6nliche Informationen &#8211; werden innerhalb der gesetzlich vorgeschriebenen Aufbewahrungsfristen gel\u00f6scht, sobald der Service der Anwendung beendet ist.<\/p><\/div><\/div><\/div><\/div><\/div><\/div><\/div><\/div><\/div><\/div><\/div><\/div>\t\t\t\t\t\t\t\t<\/div>\n\t\t\t\t<\/div>\n\t\t\t\t\t<\/div>\n\t\t<\/div>\n\t\t\t\t\t<\/div>\n\t\t<\/section>\n\t\t\t\t<\/div>\n\t\t","protected":false},"excerpt":{"rendered":"<p>Sicherheit der Daten Zugriff auf das Konto Um ein Konto bei In-memory zu erstellen, ben\u00f6tigen wir einen Benutzername &#8211; Ihre E-Mail-Adresse &#8211; und einen Sicherheitssatz von mindestens 20 Zeichen. Es gibt ein doppeltes \u00dcberpr\u00fcfungssystem, wenn Sie Ihr Konto erstellen. Wir senden Ihnen einen Link per E-Mail, damit Sie Ihre Adresse best\u00e4tigen und Ihr Konto aktivieren [&hellip;]<\/p>\n","protected":false},"author":1,"featured_media":0,"parent":0,"menu_order":0,"comment_status":"closed","ping_status":"closed","template":"","meta":{"inline_featured_image":false,"footnotes":""},"class_list":["post-5347","page","type-page","status-publish","hentry"],"yoast_head":"<!-- This site is optimized with the Yoast SEO plugin v26.9 - https:\/\/yoast.com\/product\/yoast-seo-wordpress\/ -->\n<title>Sicherheit der Daten - In-memory<\/title>\n<meta name=\"description\" content=\"Vos informations personnelles sont en s\u00e9curit\u00e9 avec notre engagement de s\u00e9curit\u00e9 des donn\u00e9es en conformit\u00e9 avec la CNIL.\" \/>\n<meta name=\"robots\" content=\"index, follow, max-snippet:-1, max-image-preview:large, max-video-preview:-1\" \/>\n<link rel=\"canonical\" href=\"https:\/\/www.in-memory.fr\/?page_id=5347&lang=de\" \/>\n<meta property=\"og:locale\" content=\"fr_FR\" \/>\n<meta property=\"og:type\" content=\"article\" \/>\n<meta property=\"og:title\" content=\"Sicherheit der Daten - In-memory\" \/>\n<meta property=\"og:description\" content=\"Vos informations personnelles sont en s\u00e9curit\u00e9 avec notre engagement de s\u00e9curit\u00e9 des donn\u00e9es en conformit\u00e9 avec la CNIL.\" \/>\n<meta property=\"og:url\" content=\"https:\/\/www.in-memory.fr\/?page_id=5347&amp;lang=de\" \/>\n<meta property=\"og:site_name\" content=\"In-memory\" \/>\n<meta property=\"article:modified_time\" content=\"2023-11-15T13:40:57+00:00\" \/>\n<meta name=\"twitter:card\" content=\"summary_large_image\" \/>\n<script type=\"application\/ld+json\" class=\"yoast-schema-graph\">{\"@context\":\"https:\/\/schema.org\",\"@graph\":[{\"@type\":\"WebPage\",\"@id\":\"https:\/\/www.in-memory.fr\/?page_id=5347&lang=de\",\"url\":\"https:\/\/www.in-memory.fr\/?page_id=5347&lang=de\",\"name\":\"Sicherheit der Daten - In-memory\",\"isPartOf\":{\"@id\":\"https:\/\/www.in-memory.fr\/#website\"},\"datePublished\":\"2023-11-14T08:48:37+00:00\",\"dateModified\":\"2023-11-15T13:40:57+00:00\",\"description\":\"Vos informations personnelles sont en s\u00e9curit\u00e9 avec notre engagement de s\u00e9curit\u00e9 des donn\u00e9es en conformit\u00e9 avec la CNIL.\",\"breadcrumb\":{\"@id\":\"https:\/\/www.in-memory.fr\/?page_id=5347&lang=de#breadcrumb\"},\"inLanguage\":\"fr-FR\",\"potentialAction\":[{\"@type\":\"ReadAction\",\"target\":[\"https:\/\/www.in-memory.fr\/?page_id=5347&lang=de\"]}]},{\"@type\":\"BreadcrumbList\",\"@id\":\"https:\/\/www.in-memory.fr\/?page_id=5347&lang=de#breadcrumb\",\"itemListElement\":[{\"@type\":\"ListItem\",\"position\":1,\"name\":\"Accueil\",\"item\":\"https:\/\/www.in-memory.fr\/\"},{\"@type\":\"ListItem\",\"position\":2,\"name\":\"Sicherheit der Daten\"}]},{\"@type\":\"WebSite\",\"@id\":\"https:\/\/www.in-memory.fr\/#website\",\"url\":\"https:\/\/www.in-memory.fr\/\",\"name\":\"In-memory\",\"description\":\"Parce que c&#039;est la vie\",\"publisher\":{\"@id\":\"https:\/\/www.in-memory.fr\/#organization\"},\"potentialAction\":[{\"@type\":\"SearchAction\",\"target\":{\"@type\":\"EntryPoint\",\"urlTemplate\":\"https:\/\/www.in-memory.fr\/?s={search_term_string}\"},\"query-input\":{\"@type\":\"PropertyValueSpecification\",\"valueRequired\":true,\"valueName\":\"search_term_string\"}}],\"inLanguage\":\"fr-FR\"},{\"@type\":\"Organization\",\"@id\":\"https:\/\/www.in-memory.fr\/#organization\",\"name\":\"In-memory\",\"url\":\"https:\/\/www.in-memory.fr\/\",\"logo\":{\"@type\":\"ImageObject\",\"inLanguage\":\"fr-FR\",\"@id\":\"https:\/\/www.in-memory.fr\/#\/schema\/logo\/image\/\",\"url\":\"https:\/\/www.in-memory.fr\/wp-content\/uploads\/2023\/01\/inmemory.png\",\"contentUrl\":\"https:\/\/www.in-memory.fr\/wp-content\/uploads\/2023\/01\/inmemory.png\",\"width\":86,\"height\":65,\"caption\":\"In-memory\"},\"image\":{\"@id\":\"https:\/\/www.in-memory.fr\/#\/schema\/logo\/image\/\"}}]}<\/script>\n<!-- \/ Yoast SEO plugin. -->","yoast_head_json":{"title":"Sicherheit der Daten - In-memory","description":"Vos informations personnelles sont en s\u00e9curit\u00e9 avec notre engagement de s\u00e9curit\u00e9 des donn\u00e9es en conformit\u00e9 avec la CNIL.","robots":{"index":"index","follow":"follow","max-snippet":"max-snippet:-1","max-image-preview":"max-image-preview:large","max-video-preview":"max-video-preview:-1"},"canonical":"https:\/\/www.in-memory.fr\/?page_id=5347&lang=de","og_locale":"fr_FR","og_type":"article","og_title":"Sicherheit der Daten - In-memory","og_description":"Vos informations personnelles sont en s\u00e9curit\u00e9 avec notre engagement de s\u00e9curit\u00e9 des donn\u00e9es en conformit\u00e9 avec la CNIL.","og_url":"https:\/\/www.in-memory.fr\/?page_id=5347&lang=de","og_site_name":"In-memory","article_modified_time":"2023-11-15T13:40:57+00:00","twitter_card":"summary_large_image","schema":{"@context":"https:\/\/schema.org","@graph":[{"@type":"WebPage","@id":"https:\/\/www.in-memory.fr\/?page_id=5347&lang=de","url":"https:\/\/www.in-memory.fr\/?page_id=5347&lang=de","name":"Sicherheit der Daten - In-memory","isPartOf":{"@id":"https:\/\/www.in-memory.fr\/#website"},"datePublished":"2023-11-14T08:48:37+00:00","dateModified":"2023-11-15T13:40:57+00:00","description":"Vos informations personnelles sont en s\u00e9curit\u00e9 avec notre engagement de s\u00e9curit\u00e9 des donn\u00e9es en conformit\u00e9 avec la CNIL.","breadcrumb":{"@id":"https:\/\/www.in-memory.fr\/?page_id=5347&lang=de#breadcrumb"},"inLanguage":"fr-FR","potentialAction":[{"@type":"ReadAction","target":["https:\/\/www.in-memory.fr\/?page_id=5347&lang=de"]}]},{"@type":"BreadcrumbList","@id":"https:\/\/www.in-memory.fr\/?page_id=5347&lang=de#breadcrumb","itemListElement":[{"@type":"ListItem","position":1,"name":"Accueil","item":"https:\/\/www.in-memory.fr\/"},{"@type":"ListItem","position":2,"name":"Sicherheit der Daten"}]},{"@type":"WebSite","@id":"https:\/\/www.in-memory.fr\/#website","url":"https:\/\/www.in-memory.fr\/","name":"In-memory","description":"Parce que c&#039;est la vie","publisher":{"@id":"https:\/\/www.in-memory.fr\/#organization"},"potentialAction":[{"@type":"SearchAction","target":{"@type":"EntryPoint","urlTemplate":"https:\/\/www.in-memory.fr\/?s={search_term_string}"},"query-input":{"@type":"PropertyValueSpecification","valueRequired":true,"valueName":"search_term_string"}}],"inLanguage":"fr-FR"},{"@type":"Organization","@id":"https:\/\/www.in-memory.fr\/#organization","name":"In-memory","url":"https:\/\/www.in-memory.fr\/","logo":{"@type":"ImageObject","inLanguage":"fr-FR","@id":"https:\/\/www.in-memory.fr\/#\/schema\/logo\/image\/","url":"https:\/\/www.in-memory.fr\/wp-content\/uploads\/2023\/01\/inmemory.png","contentUrl":"https:\/\/www.in-memory.fr\/wp-content\/uploads\/2023\/01\/inmemory.png","width":86,"height":65,"caption":"In-memory"},"image":{"@id":"https:\/\/www.in-memory.fr\/#\/schema\/logo\/image\/"}}]}},"lang":"de","translations":{"de":5347,"en-us":5219,"fr":2039},"pll_sync_post":[],"_links":{"self":[{"href":"https:\/\/www.in-memory.fr\/index.php?rest_route=\/wp\/v2\/pages\/5347","targetHints":{"allow":["GET"]}}],"collection":[{"href":"https:\/\/www.in-memory.fr\/index.php?rest_route=\/wp\/v2\/pages"}],"about":[{"href":"https:\/\/www.in-memory.fr\/index.php?rest_route=\/wp\/v2\/types\/page"}],"author":[{"embeddable":true,"href":"https:\/\/www.in-memory.fr\/index.php?rest_route=\/wp\/v2\/users\/1"}],"replies":[{"embeddable":true,"href":"https:\/\/www.in-memory.fr\/index.php?rest_route=%2Fwp%2Fv2%2Fcomments&post=5347"}],"version-history":[{"count":19,"href":"https:\/\/www.in-memory.fr\/index.php?rest_route=\/wp\/v2\/pages\/5347\/revisions"}],"predecessor-version":[{"id":5366,"href":"https:\/\/www.in-memory.fr\/index.php?rest_route=\/wp\/v2\/pages\/5347\/revisions\/5366"}],"wp:attachment":[{"href":"https:\/\/www.in-memory.fr\/index.php?rest_route=%2Fwp%2Fv2%2Fmedia&parent=5347"}],"curies":[{"name":"wp","href":"https:\/\/api.w.org\/{rel}","templated":true}]}}