{"id":5367,"date":"2023-11-14T10:03:20","date_gmt":"2023-11-14T09:03:20","guid":{"rendered":"https:\/\/www.in-memory.fr\/?page_id=5367"},"modified":"2023-11-15T14:40:41","modified_gmt":"2023-11-15T13:40:41","slug":"rechtliche-hinweise","status":"publish","type":"page","link":"https:\/\/www.in-memory.fr\/?page_id=5367&lang=de","title":{"rendered":"Rechtliche Hinweise"},"content":{"rendered":"\t\t<div data-elementor-type=\"wp-page\" data-elementor-id=\"5367\" class=\"elementor elementor-5367\">\n\t\t\t\t\t\t<section class=\"elementor-section elementor-top-section elementor-element elementor-element-b4beebb elementor-section-full_width elementor-section-height-default elementor-section-height-default\" data-id=\"b4beebb\" data-element_type=\"section\" data-e-type=\"section\">\n\t\t\t\t\t\t<div class=\"elementor-container elementor-column-gap-default\">\n\t\t\t\t\t<div class=\"elementor-column elementor-col-100 elementor-top-column elementor-element elementor-element-c6fbed9\" data-id=\"c6fbed9\" data-element_type=\"column\" data-e-type=\"column\" data-settings=\"{&quot;background_background&quot;:&quot;classic&quot;}\">\n\t\t\t<div class=\"elementor-widget-wrap elementor-element-populated\">\n\t\t\t\t\t\t<section class=\"elementor-section elementor-inner-section elementor-element elementor-element-3e47207 elementor-section-boxed elementor-section-height-default elementor-section-height-default\" data-id=\"3e47207\" data-element_type=\"section\" data-e-type=\"section\">\n\t\t\t\t\t\t<div class=\"elementor-container elementor-column-gap-default\">\n\t\t\t\t\t<div class=\"elementor-column elementor-col-100 elementor-inner-column elementor-element elementor-element-e1b13a5\" data-id=\"e1b13a5\" data-element_type=\"column\" data-e-type=\"column\">\n\t\t\t<div class=\"elementor-widget-wrap elementor-element-populated\">\n\t\t\t\t\t\t<div class=\"elementor-element elementor-element-1f74ff8 elementor-widget elementor-widget-heading\" data-id=\"1f74ff8\" data-element_type=\"widget\" data-e-type=\"widget\" data-widget_type=\"heading.default\">\n\t\t\t\t<div class=\"elementor-widget-container\">\n\t\t\t\t\t<h2 class=\"elementor-heading-title elementor-size-default\">Rechtliche Hinweise<\/h2>\t\t\t\t<\/div>\n\t\t\t\t<\/div>\n\t\t\t\t\t<\/div>\n\t\t<\/div>\n\t\t\t\t\t<\/div>\n\t\t<\/section>\n\t\t\t\t\t<\/div>\n\t\t<\/div>\n\t\t\t\t\t<\/div>\n\t\t<\/section>\n\t\t\t\t<section class=\"elementor-section elementor-top-section elementor-element elementor-element-42fd3de elementor-section-boxed elementor-section-height-default elementor-section-height-default\" data-id=\"42fd3de\" data-element_type=\"section\" data-e-type=\"section\">\n\t\t\t\t\t\t<div class=\"elementor-container elementor-column-gap-default\">\n\t\t\t\t\t<div class=\"elementor-column elementor-col-100 elementor-top-column elementor-element elementor-element-d225320\" data-id=\"d225320\" data-element_type=\"column\" data-e-type=\"column\">\n\t\t\t<div class=\"elementor-widget-wrap elementor-element-populated\">\n\t\t\t\t\t\t<div class=\"elementor-element elementor-element-7f171fd elementor-widget elementor-widget-heading\" data-id=\"7f171fd\" data-element_type=\"widget\" data-e-type=\"widget\" data-widget_type=\"heading.default\">\n\t\t\t\t<div class=\"elementor-widget-container\">\n\t\t\t\t\t<h2 class=\"elementor-heading-title elementor-size-default\">Editor<\/h2>\t\t\t\t<\/div>\n\t\t\t\t<\/div>\n\t\t\t\t<div class=\"elementor-element elementor-element-4a76f68 elementor-widget elementor-widget-text-editor\" data-id=\"4a76f68\" data-element_type=\"widget\" data-e-type=\"widget\" data-widget_type=\"text-editor.default\">\n\t\t\t\t<div class=\"elementor-widget-container\">\n\t\t\t\t\t\t\t\t\t<p>Diese Website wird von der Firma <strong>In-memory SAS<\/strong> herausgegeben, einer Soci\u00e9t\u00e9 par Actions Simplifi\u00e9e (Aktiengesellschaft) mit der Registernummer <strong>909557373<\/strong> RCS, eingetragen beim Handelsgericht von Paris. Der Hauptsitz befindet sich in der 25 Rue de Verneuil, 75007 Paris.<\/p><p>Das Stammkapital betr\u00e4gt 20.000 Euro. Umsatzsteuer-Identifikationsnummer <strong>FR909557373<\/strong><\/p><p>Kontakt: <a href=\"mailto:contact@in-memory.fr\" target=\"_new\">contact@in-memory.fr<\/a> Verantwortlicher Herausgeber: Christophe MARLOT<\/p>\t\t\t\t\t\t\t\t<\/div>\n\t\t\t\t<\/div>\n\t\t\t\t<div class=\"elementor-element elementor-element-bcca24e elementor-widget elementor-widget-heading\" data-id=\"bcca24e\" data-element_type=\"widget\" data-e-type=\"widget\" data-widget_type=\"heading.default\">\n\t\t\t\t<div class=\"elementor-widget-container\">\n\t\t\t\t\t<h2 class=\"elementor-heading-title elementor-size-default\">Hoster<\/h2>\t\t\t\t<\/div>\n\t\t\t\t<\/div>\n\t\t\t\t<div class=\"elementor-element elementor-element-7ce7a51 elementor-widget elementor-widget-text-editor\" data-id=\"7ce7a51\" data-element_type=\"widget\" data-e-type=\"widget\" data-widget_type=\"text-editor.default\">\n\t\t\t\t<div class=\"elementor-widget-container\">\n\t\t\t\t\t\t\t\t\t<p>Die Website <strong>In-memory.fr<\/strong> und die Dienstleistungen von <strong>In-memory<\/strong> werden gehostet auf Daten-Servern in <strong>FRANKREICH<\/strong> von der Firma:<\/p><p><strong>OVH <\/strong><\/p><p>2 Rue Kellermann<\/p><p>59053 ROUBAIX<\/p>\t\t\t\t\t\t\t\t<\/div>\n\t\t\t\t<\/div>\n\t\t\t\t<div class=\"elementor-element elementor-element-083ea79 elementor-widget elementor-widget-heading\" data-id=\"083ea79\" data-element_type=\"widget\" data-e-type=\"widget\" data-widget_type=\"heading.default\">\n\t\t\t\t<div class=\"elementor-widget-container\">\n\t\t\t\t\t<h2 class=\"elementor-heading-title elementor-size-default\">Pers\u00f6nliche Daten<\/h2>\t\t\t\t<\/div>\n\t\t\t\t<\/div>\n\t\t\t\t<div class=\"elementor-element elementor-element-0bc21cf elementor-widget elementor-widget-text-editor\" data-id=\"0bc21cf\" data-element_type=\"widget\" data-e-type=\"widget\" data-widget_type=\"text-editor.default\">\n\t\t\t\t<div class=\"elementor-widget-container\">\n\t\t\t\t\t\t\t\t\t<p>Im Rahmen seiner Messaging-Aktivit\u00e4ten ist <strong>In-memory SAS<\/strong> dazu verpflichtet, personenbezogene Daten zu verarbeiten. Wir legen gr\u00f6\u00dften Wert auf Sicherheit und Vertraulichkeit der Daten unserer Nutzer der Dienste von <strong>In-memory SAS<\/strong>, sei es \u00fcber die Website <strong>In-memory.fr<\/strong> oder die mobile Anwendung <strong>In-memory SAS.<\/strong><\/p><p><strong>In-memory SAS<\/strong> verkauft die gesammelten Daten der Benutzer nicht. Unser Gesch\u00e4ft besteht darin, unseren Nutzern einen sicheren Messaging-Dienst zur Verf\u00fcgung zu stellen, nicht den Verkauf der Daten unserer Benutzer.<\/p><p>Gem\u00e4\u00df den Vorschriften und der Datenschutz-Grundverordnung verpflichten wir uns, nur Daten zu sammeln und zu verarbeiten, die im Hinblick auf den Zweck der Anwendung <strong>In-memory SAS<\/strong> strikt erforderlich sind. Wir verpflichten uns, sicherzustellen, dass die gesammelten Daten in einer Form aufbewahrt werden, die Ihre Identifizierung f\u00fcr einen Zeitraum erm\u00f6glicht, der nicht l\u00e4nger als f\u00fcr die Zwecke der Anwendung <strong>In-memory SAS<\/strong>, f\u00fcr die diese Daten gesammelt und verarbeitet werden, erforderlich ist.<\/p><p>Wir verpflichten uns, diese personenbezogenen Daten nicht an unbefugte Dritte weiterzugeben, sei es Privatpersonen oder Unternehmen, physisch oder juristisch.<\/p><p>Die Datensammlung und -verarbeitung hat ausschlie\u00dflich das Ziel, den Dienst der Anwendung <strong>In-memory SAS<\/strong> auszuf\u00fchren. Der Benutzer hat das Recht auf Zugang, Berichtigung und Widerspruch aus legitimen Gr\u00fcnden bei <strong>In-memory SAS.<\/strong><\/p><p>F\u00fcr Fragen zur Sicherheit und zu personenbezogenen Daten oder um Ihre Rechte auf Zugang, Berichtigung, L\u00f6schung, Widerruf der Einwilligung, Einschr\u00e4nkung der Verarbeitung, Widerspruch gegen die Verarbeitung oder Daten\u00fcbertragbarkeit auszu\u00fcben, sowie das Recht, Richtlinien f\u00fcr den Umgang mit Ihren Daten nach Ihrem Tod festzulegen, k\u00f6nnen Sie sich an uns wenden, einschlie\u00dflich unseres Datenschutzbeauftragten (DPO) unter der Adresse <a href=\"mailto:contact@in-memory.fr\" target=\"_new\">contact@in-memory.fr<\/a>. F\u00fcr Beschwerden bez\u00fcglich Ihrer personenbezogenen Daten k\u00f6nnen Sie sich entweder an unseren DPO wenden oder sich letztendlich an die Commission Nationale Informatique et Libert\u00e9 (CNIL) unter <a href=\"http:\/\/www.cnil.fr\/\" target=\"_new\">www.cnil.fr<\/a> wenden.<\/p>\t\t\t\t\t\t\t\t<\/div>\n\t\t\t\t<\/div>\n\t\t\t\t<div class=\"elementor-element elementor-element-ea78ffd elementor-widget elementor-widget-heading\" data-id=\"ea78ffd\" data-element_type=\"widget\" data-e-type=\"widget\" data-widget_type=\"heading.default\">\n\t\t\t\t<div class=\"elementor-widget-container\">\n\t\t\t\t\t<h2 class=\"elementor-heading-title elementor-size-default\">Cookies<\/h2>\t\t\t\t<\/div>\n\t\t\t\t<\/div>\n\t\t\t\t<div class=\"elementor-element elementor-element-0e1ddfd elementor-widget elementor-widget-text-editor\" data-id=\"0e1ddfd\" data-element_type=\"widget\" data-e-type=\"widget\" data-widget_type=\"text-editor.default\">\n\t\t\t\t<div class=\"elementor-widget-container\">\n\t\t\t\t\t\t\t\t\t<p style=\"margin: 0cm 0cm 8pt; font-size: 12pt; font-family: 'Roboto', serif; color: #7a7a7a;\">Schauen Sie sich die Details unserer Datenschutz- und Cookie-Verwaltungspolitik <a href=\"https:\/\/www.in-memory.fr\/index.php\/de\/die-cookies\/\">hier an<\/a>.<\/p>\t\t\t\t\t\t\t\t<\/div>\n\t\t\t\t<\/div>\n\t\t\t\t\t<\/div>\n\t\t<\/div>\n\t\t\t\t\t<\/div>\n\t\t<\/section>\n\t\t\t\t<\/div>\n\t\t","protected":false},"excerpt":{"rendered":"<p>Rechtliche Hinweise Editor Diese Website wird von der Firma In-memory SAS herausgegeben, einer Soci\u00e9t\u00e9 par Actions Simplifi\u00e9e (Aktiengesellschaft) mit der Registernummer 909557373 RCS, eingetragen beim Handelsgericht von Paris. Der Hauptsitz befindet sich in der 25 Rue de Verneuil, 75007 Paris. Das Stammkapital betr\u00e4gt 20.000 Euro. Umsatzsteuer-Identifikationsnummer FR909557373 Kontakt: contact@in-memory.fr Verantwortlicher Herausgeber: Christophe MARLOT Hoster Die [&hellip;]<\/p>\n","protected":false},"author":1,"featured_media":0,"parent":0,"menu_order":0,"comment_status":"closed","ping_status":"closed","template":"","meta":{"inline_featured_image":false,"footnotes":""},"class_list":["post-5367","page","type-page","status-publish","hentry"],"yoast_head":"<!-- This site is optimized with the Yoast SEO plugin v26.9 - https:\/\/yoast.com\/product\/yoast-seo-wordpress\/ -->\n<title>Rechtliche Hinweise - In-memory<\/title>\n<meta name=\"description\" content=\"Consultez nos mentions l\u00e9gales d\u00e9di\u00e9es, nos conditions d\u2019utilisation et les informations relatives \u00e0 notre politique de confidentialit\u00e9.\" \/>\n<meta name=\"robots\" content=\"index, follow, max-snippet:-1, max-image-preview:large, max-video-preview:-1\" \/>\n<link rel=\"canonical\" href=\"https:\/\/www.in-memory.fr\/?page_id=5367&lang=de\" \/>\n<meta property=\"og:locale\" content=\"fr_FR\" \/>\n<meta property=\"og:type\" content=\"article\" \/>\n<meta property=\"og:title\" content=\"Rechtliche Hinweise - In-memory\" \/>\n<meta property=\"og:description\" content=\"Consultez nos mentions l\u00e9gales d\u00e9di\u00e9es, nos conditions d\u2019utilisation et les informations relatives \u00e0 notre politique de confidentialit\u00e9.\" \/>\n<meta property=\"og:url\" content=\"https:\/\/www.in-memory.fr\/?page_id=5367&amp;lang=de\" \/>\n<meta property=\"og:site_name\" content=\"In-memory\" \/>\n<meta property=\"article:modified_time\" content=\"2023-11-15T13:40:41+00:00\" \/>\n<meta name=\"twitter:card\" content=\"summary_large_image\" \/>\n<script type=\"application\/ld+json\" class=\"yoast-schema-graph\">{\"@context\":\"https:\/\/schema.org\",\"@graph\":[{\"@type\":\"WebPage\",\"@id\":\"https:\/\/www.in-memory.fr\/?page_id=5367&lang=de\",\"url\":\"https:\/\/www.in-memory.fr\/?page_id=5367&lang=de\",\"name\":\"Rechtliche Hinweise - In-memory\",\"isPartOf\":{\"@id\":\"https:\/\/www.in-memory.fr\/#website\"},\"datePublished\":\"2023-11-14T09:03:20+00:00\",\"dateModified\":\"2023-11-15T13:40:41+00:00\",\"description\":\"Consultez nos mentions l\u00e9gales d\u00e9di\u00e9es, nos conditions d\u2019utilisation et les informations relatives \u00e0 notre politique de confidentialit\u00e9.\",\"breadcrumb\":{\"@id\":\"https:\/\/www.in-memory.fr\/?page_id=5367&lang=de#breadcrumb\"},\"inLanguage\":\"fr-FR\",\"potentialAction\":[{\"@type\":\"ReadAction\",\"target\":[\"https:\/\/www.in-memory.fr\/?page_id=5367&lang=de\"]}]},{\"@type\":\"BreadcrumbList\",\"@id\":\"https:\/\/www.in-memory.fr\/?page_id=5367&lang=de#breadcrumb\",\"itemListElement\":[{\"@type\":\"ListItem\",\"position\":1,\"name\":\"Accueil\",\"item\":\"https:\/\/www.in-memory.fr\/\"},{\"@type\":\"ListItem\",\"position\":2,\"name\":\"Rechtliche Hinweise\"}]},{\"@type\":\"WebSite\",\"@id\":\"https:\/\/www.in-memory.fr\/#website\",\"url\":\"https:\/\/www.in-memory.fr\/\",\"name\":\"In-memory\",\"description\":\"Parce que c&#039;est la vie\",\"publisher\":{\"@id\":\"https:\/\/www.in-memory.fr\/#organization\"},\"potentialAction\":[{\"@type\":\"SearchAction\",\"target\":{\"@type\":\"EntryPoint\",\"urlTemplate\":\"https:\/\/www.in-memory.fr\/?s={search_term_string}\"},\"query-input\":{\"@type\":\"PropertyValueSpecification\",\"valueRequired\":true,\"valueName\":\"search_term_string\"}}],\"inLanguage\":\"fr-FR\"},{\"@type\":\"Organization\",\"@id\":\"https:\/\/www.in-memory.fr\/#organization\",\"name\":\"In-memory\",\"url\":\"https:\/\/www.in-memory.fr\/\",\"logo\":{\"@type\":\"ImageObject\",\"inLanguage\":\"fr-FR\",\"@id\":\"https:\/\/www.in-memory.fr\/#\/schema\/logo\/image\/\",\"url\":\"https:\/\/www.in-memory.fr\/wp-content\/uploads\/2023\/01\/inmemory.png\",\"contentUrl\":\"https:\/\/www.in-memory.fr\/wp-content\/uploads\/2023\/01\/inmemory.png\",\"width\":86,\"height\":65,\"caption\":\"In-memory\"},\"image\":{\"@id\":\"https:\/\/www.in-memory.fr\/#\/schema\/logo\/image\/\"}}]}<\/script>\n<!-- \/ Yoast SEO plugin. -->","yoast_head_json":{"title":"Rechtliche Hinweise - In-memory","description":"Consultez nos mentions l\u00e9gales d\u00e9di\u00e9es, nos conditions d\u2019utilisation et les informations relatives \u00e0 notre politique de confidentialit\u00e9.","robots":{"index":"index","follow":"follow","max-snippet":"max-snippet:-1","max-image-preview":"max-image-preview:large","max-video-preview":"max-video-preview:-1"},"canonical":"https:\/\/www.in-memory.fr\/?page_id=5367&lang=de","og_locale":"fr_FR","og_type":"article","og_title":"Rechtliche Hinweise - In-memory","og_description":"Consultez nos mentions l\u00e9gales d\u00e9di\u00e9es, nos conditions d\u2019utilisation et les informations relatives \u00e0 notre politique de confidentialit\u00e9.","og_url":"https:\/\/www.in-memory.fr\/?page_id=5367&lang=de","og_site_name":"In-memory","article_modified_time":"2023-11-15T13:40:41+00:00","twitter_card":"summary_large_image","schema":{"@context":"https:\/\/schema.org","@graph":[{"@type":"WebPage","@id":"https:\/\/www.in-memory.fr\/?page_id=5367&lang=de","url":"https:\/\/www.in-memory.fr\/?page_id=5367&lang=de","name":"Rechtliche Hinweise - In-memory","isPartOf":{"@id":"https:\/\/www.in-memory.fr\/#website"},"datePublished":"2023-11-14T09:03:20+00:00","dateModified":"2023-11-15T13:40:41+00:00","description":"Consultez nos mentions l\u00e9gales d\u00e9di\u00e9es, nos conditions d\u2019utilisation et les informations relatives \u00e0 notre politique de confidentialit\u00e9.","breadcrumb":{"@id":"https:\/\/www.in-memory.fr\/?page_id=5367&lang=de#breadcrumb"},"inLanguage":"fr-FR","potentialAction":[{"@type":"ReadAction","target":["https:\/\/www.in-memory.fr\/?page_id=5367&lang=de"]}]},{"@type":"BreadcrumbList","@id":"https:\/\/www.in-memory.fr\/?page_id=5367&lang=de#breadcrumb","itemListElement":[{"@type":"ListItem","position":1,"name":"Accueil","item":"https:\/\/www.in-memory.fr\/"},{"@type":"ListItem","position":2,"name":"Rechtliche Hinweise"}]},{"@type":"WebSite","@id":"https:\/\/www.in-memory.fr\/#website","url":"https:\/\/www.in-memory.fr\/","name":"In-memory","description":"Parce que c&#039;est la vie","publisher":{"@id":"https:\/\/www.in-memory.fr\/#organization"},"potentialAction":[{"@type":"SearchAction","target":{"@type":"EntryPoint","urlTemplate":"https:\/\/www.in-memory.fr\/?s={search_term_string}"},"query-input":{"@type":"PropertyValueSpecification","valueRequired":true,"valueName":"search_term_string"}}],"inLanguage":"fr-FR"},{"@type":"Organization","@id":"https:\/\/www.in-memory.fr\/#organization","name":"In-memory","url":"https:\/\/www.in-memory.fr\/","logo":{"@type":"ImageObject","inLanguage":"fr-FR","@id":"https:\/\/www.in-memory.fr\/#\/schema\/logo\/image\/","url":"https:\/\/www.in-memory.fr\/wp-content\/uploads\/2023\/01\/inmemory.png","contentUrl":"https:\/\/www.in-memory.fr\/wp-content\/uploads\/2023\/01\/inmemory.png","width":86,"height":65,"caption":"In-memory"},"image":{"@id":"https:\/\/www.in-memory.fr\/#\/schema\/logo\/image\/"}}]}},"lang":"de","translations":{"de":5367,"en-us":5227,"fr":241},"pll_sync_post":[],"_links":{"self":[{"href":"https:\/\/www.in-memory.fr\/index.php?rest_route=\/wp\/v2\/pages\/5367","targetHints":{"allow":["GET"]}}],"collection":[{"href":"https:\/\/www.in-memory.fr\/index.php?rest_route=\/wp\/v2\/pages"}],"about":[{"href":"https:\/\/www.in-memory.fr\/index.php?rest_route=\/wp\/v2\/types\/page"}],"author":[{"embeddable":true,"href":"https:\/\/www.in-memory.fr\/index.php?rest_route=\/wp\/v2\/users\/1"}],"replies":[{"embeddable":true,"href":"https:\/\/www.in-memory.fr\/index.php?rest_route=%2Fwp%2Fv2%2Fcomments&post=5367"}],"version-history":[{"count":19,"href":"https:\/\/www.in-memory.fr\/index.php?rest_route=\/wp\/v2\/pages\/5367\/revisions"}],"predecessor-version":[{"id":5521,"href":"https:\/\/www.in-memory.fr\/index.php?rest_route=\/wp\/v2\/pages\/5367\/revisions\/5521"}],"wp:attachment":[{"href":"https:\/\/www.in-memory.fr\/index.php?rest_route=%2Fwp%2Fv2%2Fmedia&parent=5367"}],"curies":[{"name":"wp","href":"https:\/\/api.w.org\/{rel}","templated":true}]}}