{"id":5384,"date":"2023-11-14T10:52:16","date_gmt":"2023-11-14T09:52:16","guid":{"rendered":"https:\/\/www.in-memory.fr\/?page_id=5384"},"modified":"2023-11-15T14:40:51","modified_gmt":"2023-11-15T13:40:51","slug":"die-cookies","status":"publish","type":"page","link":"https:\/\/www.in-memory.fr\/?page_id=5384&lang=de","title":{"rendered":"Die cookies"},"content":{"rendered":"\t\t<div data-elementor-type=\"wp-page\" data-elementor-id=\"5384\" class=\"elementor elementor-5384\">\n\t\t\t\t\t\t<section class=\"elementor-section elementor-top-section elementor-element elementor-element-54fd061 elementor-section-full_width elementor-section-height-default elementor-section-height-default\" data-id=\"54fd061\" data-element_type=\"section\" data-e-type=\"section\">\n\t\t\t\t\t\t<div class=\"elementor-container elementor-column-gap-default\">\n\t\t\t\t\t<div class=\"elementor-column elementor-col-100 elementor-top-column elementor-element elementor-element-d028cdf\" data-id=\"d028cdf\" data-element_type=\"column\" data-e-type=\"column\" data-settings=\"{&quot;background_background&quot;:&quot;classic&quot;}\">\n\t\t\t<div class=\"elementor-widget-wrap elementor-element-populated\">\n\t\t\t\t\t\t<section class=\"elementor-section elementor-inner-section elementor-element elementor-element-2b25ed5 elementor-section-boxed elementor-section-height-default elementor-section-height-default\" data-id=\"2b25ed5\" data-element_type=\"section\" data-e-type=\"section\">\n\t\t\t\t\t\t<div class=\"elementor-container elementor-column-gap-default\">\n\t\t\t\t\t<div class=\"elementor-column elementor-col-100 elementor-inner-column elementor-element elementor-element-ab32b2b\" data-id=\"ab32b2b\" data-element_type=\"column\" data-e-type=\"column\">\n\t\t\t<div class=\"elementor-widget-wrap elementor-element-populated\">\n\t\t\t\t\t\t<div class=\"elementor-element elementor-element-fd9b099 elementor-widget elementor-widget-heading\" data-id=\"fd9b099\" data-element_type=\"widget\" data-e-type=\"widget\" data-widget_type=\"heading.default\">\n\t\t\t\t<div class=\"elementor-widget-container\">\n\t\t\t\t\t<h2 class=\"elementor-heading-title elementor-size-default\">Die cookies<\/h2>\t\t\t\t<\/div>\n\t\t\t\t<\/div>\n\t\t\t\t\t<\/div>\n\t\t<\/div>\n\t\t\t\t\t<\/div>\n\t\t<\/section>\n\t\t\t\t\t<\/div>\n\t\t<\/div>\n\t\t\t\t\t<\/div>\n\t\t<\/section>\n\t\t\t\t<section class=\"elementor-section elementor-top-section elementor-element elementor-element-4fa4845 elementor-section-boxed elementor-section-height-default elementor-section-height-default\" data-id=\"4fa4845\" data-element_type=\"section\" data-e-type=\"section\">\n\t\t\t\t\t\t<div class=\"elementor-container elementor-column-gap-default\">\n\t\t\t\t\t<div class=\"elementor-column elementor-col-100 elementor-top-column elementor-element elementor-element-05456fa\" data-id=\"05456fa\" data-element_type=\"column\" data-e-type=\"column\">\n\t\t\t<div class=\"elementor-widget-wrap elementor-element-populated\">\n\t\t\t\t\t\t<div class=\"elementor-element elementor-element-a47aefd elementor-widget elementor-widget-heading\" data-id=\"a47aefd\" data-element_type=\"widget\" data-e-type=\"widget\" data-widget_type=\"heading.default\">\n\t\t\t\t<div class=\"elementor-widget-container\">\n\t\t\t\t\t<h2 class=\"elementor-heading-title elementor-size-default\">Ein Cookie<\/h2>\t\t\t\t<\/div>\n\t\t\t\t<\/div>\n\t\t\t\t<div class=\"elementor-element elementor-element-708d0f3 elementor-widget elementor-widget-text-editor\" data-id=\"708d0f3\" data-element_type=\"widget\" data-e-type=\"widget\" data-widget_type=\"text-editor.default\">\n\t\t\t\t<div class=\"elementor-widget-container\">\n\t\t\t\t\t\t\t\t\t<p>Ein Cookie ist eine Datei, die Informationen zu Ihrer Navigation enth\u00e4lt und vom von Ihnen besuchten Website an Ihren Browser \u00fcbertragen wird. Diese Informationen k\u00f6nnen auf Ihrem Endger\u00e4t in Form einer Textdatei gespeichert werden, auf die ein Server zugreift, um Informationen zu lesen und zu speichern. Die Informationen in einer Cookie-Datei erm\u00f6glichen es dem Absender, das Endger\u00e4t zu identifizieren, auf dem es w\u00e4hrend seiner G\u00fcltigkeitsdauer gespeichert ist.<\/p>\t\t\t\t\t\t\t\t<\/div>\n\t\t\t\t<\/div>\n\t\t\t\t<div class=\"elementor-element elementor-element-f718b84 elementor-widget elementor-widget-heading\" data-id=\"f718b84\" data-element_type=\"widget\" data-e-type=\"widget\" data-widget_type=\"heading.default\">\n\t\t\t\t<div class=\"elementor-widget-container\">\n\t\t\t\t\t<h2 class=\"elementor-heading-title elementor-size-default\">Cookies auf In-memory.fr ausgegeben werden.<\/h2>\t\t\t\t<\/div>\n\t\t\t\t<\/div>\n\t\t\t\t<div class=\"elementor-element elementor-element-7e1ec7f elementor-widget elementor-widget-text-editor\" data-id=\"7e1ec7f\" data-element_type=\"widget\" data-e-type=\"widget\" data-widget_type=\"text-editor.default\">\n\t\t\t\t<div class=\"elementor-widget-container\">\n\t\t\t\t\t\t\t\t\t<div class=\"flex-1 overflow-hidden\"><div class=\"react-scroll-to-bottom--css-nsgne-79elbk h-full\"><div class=\"react-scroll-to-bottom--css-nsgne-1n7m0yu\"><div class=\"flex flex-col text-sm gizmo:pb-9 dark:bg-gray-800 gizmo:dark:bg-transparent\"><div class=\"group w-full text-token-text-primary border-b border-black\/10 gizmo:border-0 dark:border-gray-900\/50 gizmo:dark:border-0 bg-gray-50 gizmo:bg-transparent dark:bg-[#444654] gizmo:dark:bg-transparent\" data-testid=\"conversation-turn-403\"><div class=\"p-4 gizmo:py-2 justify-center text-base md:gap-6 md:py-6 m-auto\"><div class=\"flex flex-1 gap-4 text-base mx-auto md:gap-6 gizmo:gap-3 gizmo:md:px-5 gizmo:lg:px-1 gizmo:xl:px-5 md:max-w-2xl lg:max-w-[38rem] gizmo:md:max-w-3xl gizmo:lg:max-w-[40rem] gizmo:xl:max-w-[48rem] xl:max-w-3xl }\"><div class=\"relative flex w-[calc(100%-50px)] flex-col gizmo:w-full lg:w-[calc(100%-115px)] agent-turn\"><div class=\"flex-col gap-1 md:gap-3\"><div class=\"flex flex-grow flex-col max-w-full gap-3 gizmo:gap-0\"><div class=\"min-h-[20px] text-message peer flex flex-col items-start gap-3 whitespace-pre-wrap break-words peer-[.text-message]:mt-5 overflow-x-auto\" data-message-author-role=\"assistant\" data-message-id=\"27f8b02f-c998-4f87-85b2-e3b8120110c5\"><div class=\"markdown prose w-full break-words dark:prose-invert dark\"><p>Die auf unserer Website verwendeten Cookies dienen dazu, die von den Nutzern besuchten Dienste und Abschnitte zu identifizieren, sowie allgemein ihr Verhalten in Bezug auf die Besuche. Sie messen die Anzahl der Besuche, die Anzahl der Seitenaufrufe sowie deren Aktivit\u00e4t. Diese Informationen sind n\u00fctzlich, um Ihre Navigation auf unserer Website zu erleichtern und sie an Ihre Bed\u00fcrfnisse anzupassen.<\/p><\/div><\/div><\/div><\/div><\/div><\/div><\/div><\/div><\/div><\/div><\/div><\/div>\t\t\t\t\t\t\t\t<\/div>\n\t\t\t\t<\/div>\n\t\t\t\t<div class=\"elementor-element elementor-element-b70ee87 elementor-widget elementor-widget-heading\" data-id=\"b70ee87\" data-element_type=\"widget\" data-e-type=\"widget\" data-widget_type=\"heading.default\">\n\t\t\t\t<div class=\"elementor-widget-container\">\n\t\t\t\t\t<h2 class=\"elementor-heading-title elementor-size-default\">Arten von Cookies, die auf In-memory.fr verwendet werden<\/h2>\t\t\t\t<\/div>\n\t\t\t\t<\/div>\n\t\t\t\t<div class=\"elementor-element elementor-element-973dfcb elementor-widget elementor-widget-text-editor\" data-id=\"973dfcb\" data-element_type=\"widget\" data-e-type=\"widget\" data-widget_type=\"text-editor.default\">\n\t\t\t\t<div class=\"elementor-widget-container\">\n\t\t\t\t\t\t\t\t\t<p>Wenn Sie sich auf unserer Website anmelden, k\u00f6nnen wir, vorbehaltlich Ihrer Auswahl, verschiedene Cookies in Ihrem Terminal installieren, die es uns erm\u00f6glichen, den Browser Ihres Terminals w\u00e4hrend der G\u00fcltigkeitsdauer des betreffenden Cookies zu erkennen.<\/p><p>Die von uns herausgegebenen Cookies werden f\u00fcr die unten beschriebenen Zwecke verwendet, vorbehaltlich Ihrer Auswahl, die sich aus den Einstellungen der von Ihnen w\u00e4hrend Ihres Besuchs unserer Website verwendeten Browsersoftware und Ihrer Zustimmung ergibt, die als eine freie, spezifische und informierte Willensbekundung betrachtet wird. Die von uns herausgegebenen Cookies erm\u00f6glichen es uns :<\/p><ul><li>Ihre Navigation auf unserer Website zu erleichtern;<\/li><\/ul><ul><li>die Darstellung unserer Website an die Anzeigeeinstellungen Ihres Terminals anzupassen (verwendete Sprache, Anzeigeaufl\u00f6sung, verwendetes Betriebssystem usw.) w\u00e4hrend Ihrer Besuche auf unserer Website, je nach der Hardware und Software zur Anzeige oder Wiedergabe, die Ihr Terminal enth\u00e4lt;<\/li><li>Informationen zu einem von Ihnen auf unserer Website ausgef\u00fcllten Formular (Kontakt oder Zugang zu Ihrem Konto) oder Informationen zum Betrieb von In-memory.fr zu speichern;<\/li><li>Ihnen den Zugang zu reservierten und pers\u00f6nlichen Bereichen unserer Website zu erm\u00f6glichen, wie z.B. Ihrem Konto, durch von Ihnen m\u00f6glicherweise zuvor an uns \u00fcbermittelte Anmeldedaten oder Daten;<\/li><li>Sicherheitsma\u00dfnahmen umzusetzen;<\/li><li>unseren Service zu verbessern, indem wir Statistiken erstellen, die Nutzung und Nutzung der verschiedenen Elemente unserer Website (besuchte Abschnitte und Inhalte, Verlauf) verfolgen, um das Interesse und die Benutzerfreundlichkeit unserer Seiten und Dienste zu verbessern.<\/li><\/ul>\t\t\t\t\t\t\t\t<\/div>\n\t\t\t\t<\/div>\n\t\t\t\t<div class=\"elementor-element elementor-element-7470e0a elementor-widget elementor-widget-heading\" data-id=\"7470e0a\" data-element_type=\"widget\" data-e-type=\"widget\" data-widget_type=\"heading.default\">\n\t\t\t\t<div class=\"elementor-widget-container\">\n\t\t\t\t\t<h2 class=\"elementor-heading-title elementor-size-default\">Die Lebensdauer der von In-memory.fr generierten Cookies<\/h2>\t\t\t\t<\/div>\n\t\t\t\t<\/div>\n\t\t\t\t<div class=\"elementor-element elementor-element-31aa49a elementor-widget elementor-widget-text-editor\" data-id=\"31aa49a\" data-element_type=\"widget\" data-e-type=\"widget\" data-widget_type=\"text-editor.default\">\n\t\t\t\t<div class=\"elementor-widget-container\">\n\t\t\t\t\t\t\t\t\t<p>Die auf unserer Website generierten Cookies haben eine maximale G\u00fcltigkeitsdauer von 13 Monaten gem\u00e4\u00df den gesetzlichen Vorschriften.<\/p>\t\t\t\t\t\t\t\t<\/div>\n\t\t\t\t<\/div>\n\t\t\t\t<div class=\"elementor-element elementor-element-8a75b99 elementor-widget elementor-widget-heading\" data-id=\"8a75b99\" data-element_type=\"widget\" data-e-type=\"widget\" data-widget_type=\"heading.default\">\n\t\t\t\t<div class=\"elementor-widget-container\">\n\t\t\t\t\t<h2 class=\"elementor-heading-title elementor-size-default\">Ihre Wahl bez\u00fcglich der Cookies<\/h2>\t\t\t\t<\/div>\n\t\t\t\t<\/div>\n\t\t\t\t<div class=\"elementor-element elementor-element-1e70f14 elementor-widget elementor-widget-text-editor\" data-id=\"1e70f14\" data-element_type=\"widget\" data-e-type=\"widget\" data-widget_type=\"text-editor.default\">\n\t\t\t\t<div class=\"elementor-widget-container\">\n\t\t\t\t\t\t\t\t\t<p>Jede von Ihnen vorgenommene Einstellung kann Ihre Internetnutzung und den Zugriff auf bestimmte Dienste, die die Verwendung von Cookies erfordern, beeinflussen. Sie k\u00f6nnen jederzeit Ihre W\u00fcnsche in Bezug auf Cookies ausdr\u00fccken und \u00e4ndern.<\/p><p>Sie k\u00f6nnen Ihre Browsereinstellungen so konfigurieren, dass Cookies auf Ihrem Endger\u00e4t gespeichert oder im Gegenteil abgelehnt werden, entweder systematisch oder je nach ihrem Ursprung. Sie k\u00f6nnen Ihren Browser auch so konfigurieren, dass Sie vor\u00fcbergehend die Annahme oder Ablehnung von Cookies vorschlagen, bevor ein Cookie auf Ihrem Endger\u00e4t gespeichert werden kann.<\/p>\t\t\t\t\t\t\t\t<\/div>\n\t\t\t\t<\/div>\n\t\t\t\t\t<\/div>\n\t\t<\/div>\n\t\t\t\t\t<\/div>\n\t\t<\/section>\n\t\t\t\t<\/div>\n\t\t","protected":false},"excerpt":{"rendered":"<p>Die cookies Ein Cookie Ein Cookie ist eine Datei, die Informationen zu Ihrer Navigation enth\u00e4lt und vom von Ihnen besuchten Website an Ihren Browser \u00fcbertragen wird. Diese Informationen k\u00f6nnen auf Ihrem Endger\u00e4t in Form einer Textdatei gespeichert werden, auf die ein Server zugreift, um Informationen zu lesen und zu speichern. Die Informationen in einer Cookie-Datei [&hellip;]<\/p>\n","protected":false},"author":1,"featured_media":0,"parent":0,"menu_order":0,"comment_status":"closed","ping_status":"closed","template":"","meta":{"inline_featured_image":false,"footnotes":""},"class_list":["post-5384","page","type-page","status-publish","hentry"],"yoast_head":"<!-- This site is optimized with the Yoast SEO plugin v26.9 - https:\/\/yoast.com\/product\/yoast-seo-wordpress\/ -->\n<title>Die cookies - In-memory<\/title>\n<meta name=\"description\" content=\"D\u00e9couvrez comment nous utilisons les cookies pour am\u00e9liorer votre exp\u00e9rience utilisateur.\" \/>\n<meta name=\"robots\" content=\"index, follow, max-snippet:-1, max-image-preview:large, max-video-preview:-1\" \/>\n<link rel=\"canonical\" href=\"https:\/\/www.in-memory.fr\/?page_id=5384&lang=de\" \/>\n<meta property=\"og:locale\" content=\"fr_FR\" \/>\n<meta property=\"og:type\" content=\"article\" \/>\n<meta property=\"og:title\" content=\"Die cookies - In-memory\" \/>\n<meta property=\"og:description\" content=\"D\u00e9couvrez comment nous utilisons les cookies pour am\u00e9liorer votre exp\u00e9rience utilisateur.\" \/>\n<meta property=\"og:url\" content=\"https:\/\/www.in-memory.fr\/?page_id=5384&amp;lang=de\" \/>\n<meta property=\"og:site_name\" content=\"In-memory\" \/>\n<meta property=\"article:modified_time\" content=\"2023-11-15T13:40:51+00:00\" \/>\n<meta name=\"twitter:card\" content=\"summary_large_image\" \/>\n<meta name=\"twitter:label1\" content=\"Dur\u00e9e de lecture estim\u00e9e\" \/>\n\t<meta name=\"twitter:data1\" content=\"3 minutes\" \/>\n<script type=\"application\/ld+json\" class=\"yoast-schema-graph\">{\"@context\":\"https:\/\/schema.org\",\"@graph\":[{\"@type\":\"WebPage\",\"@id\":\"https:\/\/www.in-memory.fr\/?page_id=5384&lang=de\",\"url\":\"https:\/\/www.in-memory.fr\/?page_id=5384&lang=de\",\"name\":\"Die cookies - In-memory\",\"isPartOf\":{\"@id\":\"https:\/\/www.in-memory.fr\/#website\"},\"datePublished\":\"2023-11-14T09:52:16+00:00\",\"dateModified\":\"2023-11-15T13:40:51+00:00\",\"description\":\"D\u00e9couvrez comment nous utilisons les cookies pour am\u00e9liorer votre exp\u00e9rience utilisateur.\",\"breadcrumb\":{\"@id\":\"https:\/\/www.in-memory.fr\/?page_id=5384&lang=de#breadcrumb\"},\"inLanguage\":\"fr-FR\",\"potentialAction\":[{\"@type\":\"ReadAction\",\"target\":[\"https:\/\/www.in-memory.fr\/?page_id=5384&lang=de\"]}]},{\"@type\":\"BreadcrumbList\",\"@id\":\"https:\/\/www.in-memory.fr\/?page_id=5384&lang=de#breadcrumb\",\"itemListElement\":[{\"@type\":\"ListItem\",\"position\":1,\"name\":\"Accueil\",\"item\":\"https:\/\/www.in-memory.fr\/\"},{\"@type\":\"ListItem\",\"position\":2,\"name\":\"Die cookies\"}]},{\"@type\":\"WebSite\",\"@id\":\"https:\/\/www.in-memory.fr\/#website\",\"url\":\"https:\/\/www.in-memory.fr\/\",\"name\":\"In-memory\",\"description\":\"Parce que c&#039;est la vie\",\"publisher\":{\"@id\":\"https:\/\/www.in-memory.fr\/#organization\"},\"potentialAction\":[{\"@type\":\"SearchAction\",\"target\":{\"@type\":\"EntryPoint\",\"urlTemplate\":\"https:\/\/www.in-memory.fr\/?s={search_term_string}\"},\"query-input\":{\"@type\":\"PropertyValueSpecification\",\"valueRequired\":true,\"valueName\":\"search_term_string\"}}],\"inLanguage\":\"fr-FR\"},{\"@type\":\"Organization\",\"@id\":\"https:\/\/www.in-memory.fr\/#organization\",\"name\":\"In-memory\",\"url\":\"https:\/\/www.in-memory.fr\/\",\"logo\":{\"@type\":\"ImageObject\",\"inLanguage\":\"fr-FR\",\"@id\":\"https:\/\/www.in-memory.fr\/#\/schema\/logo\/image\/\",\"url\":\"https:\/\/www.in-memory.fr\/wp-content\/uploads\/2023\/01\/inmemory.png\",\"contentUrl\":\"https:\/\/www.in-memory.fr\/wp-content\/uploads\/2023\/01\/inmemory.png\",\"width\":86,\"height\":65,\"caption\":\"In-memory\"},\"image\":{\"@id\":\"https:\/\/www.in-memory.fr\/#\/schema\/logo\/image\/\"}}]}<\/script>\n<!-- \/ Yoast SEO plugin. -->","yoast_head_json":{"title":"Die cookies - In-memory","description":"D\u00e9couvrez comment nous utilisons les cookies pour am\u00e9liorer votre exp\u00e9rience utilisateur.","robots":{"index":"index","follow":"follow","max-snippet":"max-snippet:-1","max-image-preview":"max-image-preview:large","max-video-preview":"max-video-preview:-1"},"canonical":"https:\/\/www.in-memory.fr\/?page_id=5384&lang=de","og_locale":"fr_FR","og_type":"article","og_title":"Die cookies - In-memory","og_description":"D\u00e9couvrez comment nous utilisons les cookies pour am\u00e9liorer votre exp\u00e9rience utilisateur.","og_url":"https:\/\/www.in-memory.fr\/?page_id=5384&lang=de","og_site_name":"In-memory","article_modified_time":"2023-11-15T13:40:51+00:00","twitter_card":"summary_large_image","twitter_misc":{"Dur\u00e9e de lecture estim\u00e9e":"3 minutes"},"schema":{"@context":"https:\/\/schema.org","@graph":[{"@type":"WebPage","@id":"https:\/\/www.in-memory.fr\/?page_id=5384&lang=de","url":"https:\/\/www.in-memory.fr\/?page_id=5384&lang=de","name":"Die cookies - In-memory","isPartOf":{"@id":"https:\/\/www.in-memory.fr\/#website"},"datePublished":"2023-11-14T09:52:16+00:00","dateModified":"2023-11-15T13:40:51+00:00","description":"D\u00e9couvrez comment nous utilisons les cookies pour am\u00e9liorer votre exp\u00e9rience utilisateur.","breadcrumb":{"@id":"https:\/\/www.in-memory.fr\/?page_id=5384&lang=de#breadcrumb"},"inLanguage":"fr-FR","potentialAction":[{"@type":"ReadAction","target":["https:\/\/www.in-memory.fr\/?page_id=5384&lang=de"]}]},{"@type":"BreadcrumbList","@id":"https:\/\/www.in-memory.fr\/?page_id=5384&lang=de#breadcrumb","itemListElement":[{"@type":"ListItem","position":1,"name":"Accueil","item":"https:\/\/www.in-memory.fr\/"},{"@type":"ListItem","position":2,"name":"Die cookies"}]},{"@type":"WebSite","@id":"https:\/\/www.in-memory.fr\/#website","url":"https:\/\/www.in-memory.fr\/","name":"In-memory","description":"Parce que c&#039;est la vie","publisher":{"@id":"https:\/\/www.in-memory.fr\/#organization"},"potentialAction":[{"@type":"SearchAction","target":{"@type":"EntryPoint","urlTemplate":"https:\/\/www.in-memory.fr\/?s={search_term_string}"},"query-input":{"@type":"PropertyValueSpecification","valueRequired":true,"valueName":"search_term_string"}}],"inLanguage":"fr-FR"},{"@type":"Organization","@id":"https:\/\/www.in-memory.fr\/#organization","name":"In-memory","url":"https:\/\/www.in-memory.fr\/","logo":{"@type":"ImageObject","inLanguage":"fr-FR","@id":"https:\/\/www.in-memory.fr\/#\/schema\/logo\/image\/","url":"https:\/\/www.in-memory.fr\/wp-content\/uploads\/2023\/01\/inmemory.png","contentUrl":"https:\/\/www.in-memory.fr\/wp-content\/uploads\/2023\/01\/inmemory.png","width":86,"height":65,"caption":"In-memory"},"image":{"@id":"https:\/\/www.in-memory.fr\/#\/schema\/logo\/image\/"}}]}},"lang":"de","translations":{"de":5384,"en-us":5250,"fr":243},"pll_sync_post":[],"_links":{"self":[{"href":"https:\/\/www.in-memory.fr\/index.php?rest_route=\/wp\/v2\/pages\/5384","targetHints":{"allow":["GET"]}}],"collection":[{"href":"https:\/\/www.in-memory.fr\/index.php?rest_route=\/wp\/v2\/pages"}],"about":[{"href":"https:\/\/www.in-memory.fr\/index.php?rest_route=\/wp\/v2\/types\/page"}],"author":[{"embeddable":true,"href":"https:\/\/www.in-memory.fr\/index.php?rest_route=\/wp\/v2\/users\/1"}],"replies":[{"embeddable":true,"href":"https:\/\/www.in-memory.fr\/index.php?rest_route=%2Fwp%2Fv2%2Fcomments&post=5384"}],"version-history":[{"count":19,"href":"https:\/\/www.in-memory.fr\/index.php?rest_route=\/wp\/v2\/pages\/5384\/revisions"}],"predecessor-version":[{"id":5403,"href":"https:\/\/www.in-memory.fr\/index.php?rest_route=\/wp\/v2\/pages\/5384\/revisions\/5403"}],"wp:attachment":[{"href":"https:\/\/www.in-memory.fr\/index.php?rest_route=%2Fwp%2Fv2%2Fmedia&parent=5384"}],"curies":[{"name":"wp","href":"https:\/\/api.w.org\/{rel}","templated":true}]}}